{"id":6633,"date":"2021-12-18T19:27:00","date_gmt":"2021-12-18T18:27:00","guid":{"rendered":"https:\/\/9d46818e0e.nxcli.io\/?post_type=product&#038;p=6633"},"modified":"2026-01-24T14:50:28","modified_gmt":"2026-01-24T13:50:28","slug":"zimann-leder-schwarz","status":"publish","type":"product","link":"https:\/\/neevwatches.com\/de\/produkt\/zimann-leder-schwarz\/","title":{"rendered":"Zimann MOP | Leder Schwarz"},"content":{"rendered":"<p>[\/et_pb_section fb_built=\"1\u2033 disabled_on=\"on|on|on\" _builder_version=\"4.22.1\u2033 _module_preset=\"default\" disabled=\"on\" global_colors_info=\"{}\"][\/et_pb_section][\/et_pb_section<\/p>","protected":false},"excerpt":{"rendered":"<p><span style=\"color: #000000;\">Die Zimann ist die Uhr mit dem kobraschwarzen Zifferblatt kombiniert mit geb\u00fcrsteter und polierter Goldbeschichtung. Als solches hat dieses Modell alle Merkmale eines echten Klassikers und ist daher nicht an Modetrends gebunden. Das schwarze Zifferblatt l\u00e4sst jedes goldene Detail wundersch\u00f6n zur Geltung kommen. Das macht den Zimann zu einer beliebten Wahl unter stilvollen M\u00e4nnern.<\/span><\/p>\n<p>&nbsp;<\/p>\n<h5 style=\"text-align: center;\"><span style=\"color: #000000;\">Unmittelbar verf\u00fcgbar<\/span><\/h5>","protected":false},"featured_media":237119,"template":"","meta":{"_acf_changed":false,"_et_pb_use_builder":"on","_et_pb_old_content":"Met dit model zal je onderscheidend zijn, want het stralende goud in combinatie met de intens zwarte parelmoer wijzerplaat is alles behalve standaard.\r\nHet charisma van dit horloge blijft niet onopgemerkt en je trekt hiermee gegarandeerd de aandacht.\r\n\r\n&nbsp;\r\n<h5 style=\"text-align: center\"><span style=\"color: #000000\">Direct Leverbaar<\/span><\/h5>","_et_gb_content_width":""},"product_brand":[],"product_cat":[284],"product_tag":[],"class_list":{"0":"post-6633","1":"product","2":"type-product","3":"status-publish","4":"has-post-thumbnail","6":"product_cat-daydate-lederen-band","8":"first","9":"instock","10":"taxable","11":"shipping-taxable","12":"purchasable","13":"product-type-simple"},"acf":{"product_description_image":"","product_description_background_image":"","product_features":"","product_feature_1":{"product_feature_icon":"","product_feature_text":""},"product_feature_2":{"product_feature_icon":"","product_feature_text":""},"product_feature_3":{"product_feature_icon":"","product_feature_text":""},"product_feature_4":{"product_feature_icon":"","product_feature_text":""},"product_feature_5":{"product_feature_icon":"","product_feature_text":""},"product_feature_6":{"product_feature_icon":"","product_feature_text":""},"sfeerbeeld_1":"","sfeerbeeld_2":"","sfeerbeeld_3":""},"yoast_head":"<!-- This site is optimized with the Yoast SEO plugin v26.7 - https:\/\/yoast.com\/wordpress\/plugins\/seo\/ -->\n<title>Day&amp;Date | NEEV WATCHES | ZIMANN leder zwart<\/title>\n<meta name=\"description\" content=\"De Zimann is het horloge met de cobra zwarte wijzerplaat in combinatie met gepolijste goudcoating. De Zimann is een geliefde keuze bij de stijlvolle man.\" \/>\n<meta name=\"robots\" content=\"index, follow, max-snippet:-1, max-image-preview:large, max-video-preview:-1\" \/>\n<link rel=\"canonical\" href=\"https:\/\/neevwatches.com\/de\/produkt\/zimann-leder-schwarz\/\" \/>\n<meta property=\"og:locale\" content=\"de_DE\" \/>\n<meta property=\"og:type\" content=\"article\" \/>\n<meta property=\"og:title\" content=\"Day&amp;Date | NEEV WATCHES | ZIMANN leder zwart\" \/>\n<meta property=\"og:description\" content=\"De Zimann is het horloge met de cobra zwarte wijzerplaat in combinatie met gepolijste goudcoating. De Zimann is een geliefde keuze bij de stijlvolle man.\" \/>\n<meta property=\"og:url\" content=\"https:\/\/neevwatches.com\/de\/produkt\/zimann-leder-schwarz\/\" \/>\n<meta property=\"og:site_name\" content=\"Neev Watches\" \/>\n<meta property=\"article:publisher\" content=\"https:\/\/www.facebook.com\/neevwatch\" \/>\n<meta property=\"article:modified_time\" content=\"2026-01-24T13:50:28+00:00\" \/>\n<meta property=\"og:image\" content=\"https:\/\/neevwatches.com\/wp-content\/uploads\/2021\/12\/Zimann-MOP-Houding-1.webp\" \/>\n\t<meta property=\"og:image:width\" content=\"1200\" \/>\n\t<meta property=\"og:image:height\" content=\"1400\" \/>\n\t<meta property=\"og:image:type\" content=\"image\/webp\" \/>\n<meta name=\"twitter:card\" content=\"summary_large_image\" \/>\n<meta name=\"twitter:label1\" content=\"Gesch\u00e4tzte Lesezeit\" \/>\n\t<meta name=\"twitter:data1\" content=\"1\u00a0Minute\" \/>\n<script type=\"application\/ld+json\" class=\"yoast-schema-graph\">{\"@context\":\"https:\/\/schema.org\",\"@graph\":[{\"@type\":\"WebPage\",\"@id\":\"https:\/\/neevwatches.com\/product\/zimann-leder-zwart\/\",\"url\":\"https:\/\/neevwatches.com\/product\/zimann-leder-zwart\/\",\"name\":\"Day&Date | NEEV WATCHES | ZIMANN leder zwart\",\"isPartOf\":{\"@id\":\"https:\/\/neevwatches.com\/#website\"},\"primaryImageOfPage\":{\"@id\":\"https:\/\/neevwatches.com\/product\/zimann-leder-zwart\/#primaryimage\"},\"image\":{\"@id\":\"https:\/\/neevwatches.com\/product\/zimann-leder-zwart\/#primaryimage\"},\"thumbnailUrl\":\"https:\/\/neevwatches.com\/wp-content\/uploads\/2021\/12\/Zimann-MOP-Houding-1.webp\",\"datePublished\":\"2021-12-18T18:27:00+00:00\",\"dateModified\":\"2026-01-24T13:50:28+00:00\",\"description\":\"De Zimann is het horloge met de cobra zwarte wijzerplaat in combinatie met gepolijste goudcoating. De Zimann is een geliefde keuze bij de stijlvolle man.\",\"breadcrumb\":{\"@id\":\"https:\/\/neevwatches.com\/product\/zimann-leder-zwart\/#breadcrumb\"},\"inLanguage\":\"de\",\"potentialAction\":[{\"@type\":\"ReadAction\",\"target\":[\"https:\/\/neevwatches.com\/product\/zimann-leder-zwart\/\"]}]},{\"@type\":\"ImageObject\",\"inLanguage\":\"de\",\"@id\":\"https:\/\/neevwatches.com\/product\/zimann-leder-zwart\/#primaryimage\",\"url\":\"https:\/\/neevwatches.com\/wp-content\/uploads\/2021\/12\/Zimann-MOP-Houding-1.webp\",\"contentUrl\":\"https:\/\/neevwatches.com\/wp-content\/uploads\/2021\/12\/Zimann-MOP-Houding-1.webp\",\"width\":1200,\"height\":1400},{\"@type\":\"BreadcrumbList\",\"@id\":\"https:\/\/neevwatches.com\/product\/zimann-leder-zwart\/#breadcrumb\",\"itemListElement\":[{\"@type\":\"ListItem\",\"position\":1,\"name\":\"Home\",\"item\":\"https:\/\/neevwatches.com\/\"},{\"@type\":\"ListItem\",\"position\":2,\"name\":\"Online Boutique\",\"item\":\"https:\/\/neevwatches.com\/online-boutique\/\"},{\"@type\":\"ListItem\",\"position\":3,\"name\":\"Zimann MOP | Leder Zwart\"}]},{\"@type\":\"WebSite\",\"@id\":\"https:\/\/neevwatches.com\/#website\",\"url\":\"https:\/\/neevwatches.com\/\",\"name\":\"Neev Watches\",\"description\":\"Make Today Count\",\"publisher\":{\"@id\":\"https:\/\/neevwatches.com\/#organization\"},\"potentialAction\":[{\"@type\":\"SearchAction\",\"target\":{\"@type\":\"EntryPoint\",\"urlTemplate\":\"https:\/\/neevwatches.com\/?s={search_term_string}\"},\"query-input\":{\"@type\":\"PropertyValueSpecification\",\"valueRequired\":true,\"valueName\":\"search_term_string\"}}],\"inLanguage\":\"de\"},{\"@type\":\"Organization\",\"@id\":\"https:\/\/neevwatches.com\/#organization\",\"name\":\"NEEV\",\"url\":\"https:\/\/neevwatches.com\/\",\"logo\":{\"@type\":\"ImageObject\",\"inLanguage\":\"de\",\"@id\":\"https:\/\/neevwatches.com\/#\/schema\/logo\/image\/\",\"url\":\"https:\/\/9d46818e0e.nxcli.io\/wp-content\/uploads\/2021\/08\/Neev.4-PNG-e1661461998192.png\",\"contentUrl\":\"https:\/\/9d46818e0e.nxcli.io\/wp-content\/uploads\/2021\/08\/Neev.4-PNG-e1661461998192.png\",\"width\":1032,\"height\":480,\"caption\":\"NEEV\"},\"image\":{\"@id\":\"https:\/\/neevwatches.com\/#\/schema\/logo\/image\/\"},\"sameAs\":[\"https:\/\/www.facebook.com\/neevwatch\",\"https:\/\/www.instagram.com\/neev_watches\/\"]}]}<\/script>\n<!-- \/ Yoast SEO plugin. -->","yoast_head_json":{"title":"Day&amp;Date | NEEV WATCHES | ZIMANN Leder schwarz","description":"Die Zimann ist die Uhr mit dem kobraschwarzen Zifferblatt in Kombination mit polierter Goldbeschichtung. Die Zimann ist eine beliebte Wahl unter stilvollen M\u00e4nnern.","robots":{"index":"index","follow":"follow","max-snippet":"max-snippet:-1","max-image-preview":"max-image-preview:large","max-video-preview":"max-video-preview:-1"},"canonical":"https:\/\/neevwatches.com\/de\/produkt\/zimann-leder-schwarz\/","og_locale":"de_DE","og_type":"article","og_title":"Day&Date | NEEV WATCHES | ZIMANN leder zwart","og_description":"De Zimann is het horloge met de cobra zwarte wijzerplaat in combinatie met gepolijste goudcoating. De Zimann is een geliefde keuze bij de stijlvolle man.","og_url":"https:\/\/neevwatches.com\/de\/produkt\/zimann-leder-schwarz\/","og_site_name":"Neev Watches","article_publisher":"https:\/\/www.facebook.com\/neevwatch","article_modified_time":"2026-01-24T13:50:28+00:00","og_image":[{"width":1200,"height":1400,"url":"https:\/\/neevwatches.com\/wp-content\/uploads\/2021\/12\/Zimann-MOP-Houding-1.webp","type":"image\/webp"}],"twitter_card":"summary_large_image","twitter_misc":{"Gesch\u00e4tzte Lesezeit":"1\u00a0Minute"},"schema":{"@context":"https:\/\/schema.org","@graph":[{"@type":"WebPage","@id":"https:\/\/neevwatches.com\/product\/zimann-leder-zwart\/","url":"https:\/\/neevwatches.com\/product\/zimann-leder-zwart\/","name":"Day&amp;Date | NEEV WATCHES | ZIMANN Leder schwarz","isPartOf":{"@id":"https:\/\/neevwatches.com\/#website"},"primaryImageOfPage":{"@id":"https:\/\/neevwatches.com\/product\/zimann-leder-zwart\/#primaryimage"},"image":{"@id":"https:\/\/neevwatches.com\/product\/zimann-leder-zwart\/#primaryimage"},"thumbnailUrl":"https:\/\/neevwatches.com\/wp-content\/uploads\/2021\/12\/Zimann-MOP-Houding-1.webp","datePublished":"2021-12-18T18:27:00+00:00","dateModified":"2026-01-24T13:50:28+00:00","description":"Die Zimann ist die Uhr mit dem kobraschwarzen Zifferblatt in Kombination mit polierter Goldbeschichtung. Die Zimann ist eine beliebte Wahl unter stilvollen M\u00e4nnern.","breadcrumb":{"@id":"https:\/\/neevwatches.com\/product\/zimann-leder-zwart\/#breadcrumb"},"inLanguage":"de","potentialAction":[{"@type":"ReadAction","target":["https:\/\/neevwatches.com\/product\/zimann-leder-zwart\/"]}]},{"@type":"ImageObject","inLanguage":"de","@id":"https:\/\/neevwatches.com\/product\/zimann-leder-zwart\/#primaryimage","url":"https:\/\/neevwatches.com\/wp-content\/uploads\/2021\/12\/Zimann-MOP-Houding-1.webp","contentUrl":"https:\/\/neevwatches.com\/wp-content\/uploads\/2021\/12\/Zimann-MOP-Houding-1.webp","width":1200,"height":1400},{"@type":"BreadcrumbList","@id":"https:\/\/neevwatches.com\/product\/zimann-leder-zwart\/#breadcrumb","itemListElement":[{"@type":"ListItem","position":1,"name":"Home","item":"https:\/\/neevwatches.com\/"},{"@type":"ListItem","position":2,"name":"Online Boutique","item":"https:\/\/neevwatches.com\/online-boutique\/"},{"@type":"ListItem","position":3,"name":"Zimann MOP | Leder Zwart"}]},{"@type":"WebSite","@id":"https:\/\/neevwatches.com\/#website","url":"https:\/\/neevwatches.com\/","name":"Neev Uhren","description":"Das Heute z\u00e4hlt","publisher":{"@id":"https:\/\/neevwatches.com\/#organization"},"potentialAction":[{"@type":"SearchAction","target":{"@type":"EntryPoint","urlTemplate":"https:\/\/neevwatches.com\/?s={search_term_string}"},"query-input":{"@type":"PropertyValueSpecification","valueRequired":true,"valueName":"search_term_string"}}],"inLanguage":"de"},{"@type":"Organization","@id":"https:\/\/neevwatches.com\/#organization","name":"NEEV","url":"https:\/\/neevwatches.com\/","logo":{"@type":"ImageObject","inLanguage":"de","@id":"https:\/\/neevwatches.com\/#\/schema\/logo\/image\/","url":"https:\/\/9d46818e0e.nxcli.io\/wp-content\/uploads\/2021\/08\/Neev.4-PNG-e1661461998192.png","contentUrl":"https:\/\/9d46818e0e.nxcli.io\/wp-content\/uploads\/2021\/08\/Neev.4-PNG-e1661461998192.png","width":1032,"height":480,"caption":"NEEV"},"image":{"@id":"https:\/\/neevwatches.com\/#\/schema\/logo\/image\/"},"sameAs":["https:\/\/www.facebook.com\/neevwatch","https:\/\/www.instagram.com\/neev_watches\/"]}]}},"_links":{"self":[{"href":"https:\/\/neevwatches.com\/de\/wp-json\/wp\/v2\/product\/6633","targetHints":{"allow":["GET"]}}],"collection":[{"href":"https:\/\/neevwatches.com\/de\/wp-json\/wp\/v2\/product"}],"about":[{"href":"https:\/\/neevwatches.com\/de\/wp-json\/wp\/v2\/types\/product"}],"wp:featuredmedia":[{"embeddable":true,"href":"https:\/\/neevwatches.com\/de\/wp-json\/wp\/v2\/media\/237119"}],"wp:attachment":[{"href":"https:\/\/neevwatches.com\/de\/wp-json\/wp\/v2\/media?parent=6633"}],"wp:term":[{"taxonomy":"product_brand","embeddable":true,"href":"https:\/\/neevwatches.com\/de\/wp-json\/wp\/v2\/product_brand?post=6633"},{"taxonomy":"product_cat","embeddable":true,"href":"https:\/\/neevwatches.com\/de\/wp-json\/wp\/v2\/product_cat?post=6633"},{"taxonomy":"product_tag","embeddable":true,"href":"https:\/\/neevwatches.com\/de\/wp-json\/wp\/v2\/product_tag?post=6633"}],"curies":[{"name":"wp","href":"https:\/\/api.w.org\/{rel}","templated":true}]}}