{"id":5431,"date":"2021-09-20T13:22:57","date_gmt":"2021-09-20T11:22:57","guid":{"rendered":"https:\/\/9d46818e0e.nxcli.io\/?post_type=product&#038;p=5431"},"modified":"2026-01-15T13:08:21","modified_gmt":"2026-01-15T12:08:21","slug":"haydee","status":"publish","type":"product","link":"https:\/\/neevwatches.com\/de\/produkt\/haydee\/","title":{"rendered":"Haydee"},"content":{"rendered":"<p>[et_pb_section fb_built=\"1\u2033 disabled_on=\"off|off|off\" _builder_version=\"4.22.1\u2033 _module_preset=\"default\" background_colour=\"#000000\u2033 width=\"100%\" width_tablet=\"100%\" width_phone=\"100%\" width_last_edited=\"on|phone\" max_width=\"100%\" height=\"1250px\" height_tablet=\"1250px\" height_phone=\"1025px\" height_last_edited=\"on|phone\" global_colors_info=\"{}\"][et_pb_row _builder_version=\"4.21.0\u2033 _module_preset=\"default\" width_tablet=\"\" width_phone=\"80%\" width_last_edited=\"on|desktop\" module_alignment=\"centre\" global_colors_info=\"{}\"][et_pb_column type=\"4_4\u2033 _builder_version=\"4.17.4\u2033 _module_preset=\"default\" global_colors_info=\"{}\"][et_pb_text content_tablet=\"\"<\/p>\n<h3>Mit Leidenschaft entworfen, mit Handwerkskunst hergestellt<\/h3>\n<p>Eine verschraubte Krone, wasserdicht bis 100 Meter, hochwertiger nickelfreier Stahl, kratzfestes Saphirglas und ein zuverl\u00e4ssiges japanisches Uhrwerk. Ein luxuri\u00f6ser Look zu einem fairen und zuverl\u00e4ssigen Preis.<\/p>\n<p>\" content_phone=\"<br \/>\nEine verschraubte Krone, wasserdicht bis 100 Meter, hochwertiger nickelfreier Stahl, kratzfestes Saphirglas und ein zuverl\u00e4ssiges japanisches Uhrwerk. Ein luxuri\u00f6ser Look zu einem fairen und zuverl\u00e4ssigen Preis.\" content_last_edited=\"off|phone\" disabled_on=\"off|off|off\" _builder_version=\"4.21.0\u2033 _module_preset=\"default\" text_font=\"|800||on|||||\" text_text_colour=\"#ffffff\" text_font_size=\"24px\" header_font=\"|800|||||||\" header_text_color=\"#ffffff\" header_3_font=\"|700||auf|||||\" header_3_text_align=\"center\" header_3_text_color=\"#ffffff\" header_3_font_size=\"21px\" text_orientation=\"centre\" max_width=\"450px\" module_alignment=\"centre\" custom_margin=\"5px||||false|false\" custom_margin_tablet=\"5px||||false|false\" custom_margin_phone=\"0px||||false|false\" custom_margin_last_edited=\"on|phone\" custom_padding=\"||||false|false\" text_font_size_tablet=\"\" text_font_size_phone=\"27px\" text_font_size_last_edited=\"on|phone\" header_text_align_tablet=\"\" header_text_align_phone=\"left\" header_text_align_last_edited=\"on|phone\" header_3_text_align_tablet=\"centre\" header_3_text_align_phone=\"left\" header_3_text_align_last_edited=\"on|desktop\" header_3_font_size_tablet=\"21px\" header_3_font_size_phone=\"18px\" header_3_font_size_last_edited=\"on|phone\" text_orientation_tablet=\"centre\" text_orientation_phone=\"left\" text_orientation_last_edited=\"on|phone\" global_colors_info=\"{}\"]<\/p>\n<p>Geboren aus Inspiration, <br \/>gepr\u00e4gt von Leidenschaft<\/p>\n<p>[\/et_pb_text][et_pb_text content_tablet=\"<\/p>\n<h3>Mit Leidenschaft entworfen, mit Handwerkskunst hergestellt<\/h3>\n<p>Eine verschraubte Krone, wasserdicht bis 100 Meter, hochwertiger nickelfreier Stahl, kratzfestes Saphirglas und ein zuverl\u00e4ssiges japanisches Uhrwerk. Ein luxuri\u00f6ser Look zu einem fairen und zuverl\u00e4ssigen Preis.<\/p>\n<p>\" content_phone=\"<br \/>\nEine verschraubte Krone, wasserdicht bis 100 Meter, hochwertiger nickelfreier Stahl, kratzfestes Saphirglas und ein zuverl\u00e4ssiges japanisches Uhrwerk. Ein luxuri\u00f6ser Look zu einem fairen und zuverl\u00e4ssigen Preis.\" content_last_edited=\"off|phone\" disabled_on=\"off|off|off\" _builder_version=\"4.22.1\u2033 _module_preset=\"default\" text_text_color=\"#ffffff\" header_font=\"|800|||||||\" header_text_color=\"#ffffff\" header_3_font=\"|700||on|||||\" header_3_text_align=\"centre\" header_3_text_color=\"#ffffff\" header_3_font_size=\"21px\" text_orientation=\"centre\" max_width=\"450px\" module_alignment=\"centre\" custom_padding=\"||30px||false|false\" text_font_size_tablet=\"\" text_font_size_phone=\"14px\" text_font_size_last_edited=\"on|phone\" header_text_align_tablet=\"\" header_text_align_phone=\"left\" header_text_align_last_edited=\"on|phone\" header_3_text_align_tablet=\"centre\" header_3_text_align_phone=\"left\" header_3_text_align_last_edited=\"on|desktop\" header_3_font_size_tablet=\"21px\" header_3_font_size_phone=\"18px\" header_3_font_size_last_edited=\"on|phone\" text_orientation_tablet=\"centre\" text_orientation_phone=\"left\" text_orientation_last_edited=\"on|phone\" global_colors_info=\"{}\"]<\/p>\n<p class=\"p1\">Die Kombination aus dem edlen silber- und goldfarbenen Edelstahlarmband und dem tiefvioletten Zifferblatt schafft einen einzigartigen Kontrast, der sowohl zeitlos als auch modern ist.<\/p>\n<p>[\/et_pb_text][\/et_pb_column][\/et_pb_row][et_pb_row disabled_on=\"off|off|off\" admin_label=\"Visual full screen\" _builder_version=\"4.22.1\u2033 _module_preset=\"default\" background_image=\"https:\/\/neevwatches.com\/wp-content\/uploads\/2023\/09\/06-09-23-Neev-2.webp\" width=\"100%\" max_width=\"100%\" min_height=\"950px\" min_height_tablet=\"950px\" min_height_phone=\"640px\" min_height_last_edited=\"on|phone\" custom_margin=\"||||false|false\" custom_margin_tablet=\"||||false|false\" custom_margin_phone=\"||||false|false\" custom_margin_last_edited=\"on|phone\" filter_hue_rotate=\"8deg\" background_last_edited=\"on|phone\" background_image_phone=\"https:\/\/neevwatches.com\/wp-content\/uploads\/2023\/07\/Haydee-Date34-darkbackground-Mobile.webp\" background_enable_image_phone=\"on\" background_size_phone=\"cover\" background_position_phone=\"top_center\" global_colors_info=\"{}\"][et_pb_column type=\"4_4\u2033 _builder_version=\"4.17.4\u2033 _module_preset=\"default\" global_colors_info=\"{}\"][\/et_pb_column][\/et_pb_row][\/et_pb_section]<\/p>","protected":false},"excerpt":{"rendered":"<p>Die Haydee ist mit ihrem exklusiven lila Zifferblatt und den goldenen Akzenten ein extravaganter Look. Das einzigartige lilafarbene Zifferblatt strahlt Geheimnis und Raffinesse aus, w\u00e4hrend das zweifarbige Armband f\u00fcr Vielseitigkeit sorgt und diese Uhr sowohl f\u00fcr formelle Anl\u00e4sse als auch f\u00fcr zwanglose Zusammenk\u00fcnfte perfekt macht.<\/p>\n<p>&nbsp;<\/p>\n<h5 style=\"text-align: center;\"><span style=\"color: #ededed;\">Online Ausverkauft<\/span><\/h5>","protected":false},"featured_media":242510,"template":"","meta":{"_acf_changed":false,"_et_pb_use_builder":"on","_et_pb_old_content":"","_et_gb_content_width":""},"product_brand":[],"product_cat":[15],"product_tag":[],"class_list":{"0":"post-5431","1":"product","2":"type-product","3":"status-publish","4":"has-post-thumbnail","6":"product_cat-date34","7":"product_shipping_class-gratis","9":"first","10":"outofstock","11":"taxable","12":"shipping-taxable","13":"purchasable","14":"product-type-simple"},"acf":{"product_description_image":"","product_description_background_image":"","product_features":"","product_feature_1":{"product_feature_icon":"","product_feature_text":""},"product_feature_2":{"product_feature_icon":"","product_feature_text":""},"product_feature_3":{"product_feature_icon":"","product_feature_text":""},"product_feature_4":{"product_feature_icon":"","product_feature_text":""},"product_feature_5":{"product_feature_icon":"","product_feature_text":""},"product_feature_6":{"product_feature_icon":"","product_feature_text":""},"sfeerbeeld_1":"","sfeerbeeld_2":"","sfeerbeeld_3":""},"yoast_head":"<!-- This site is optimized with the Yoast SEO plugin v26.7 - https:\/\/yoast.com\/wordpress\/plugins\/seo\/ -->\n<title>Date34 | NEEV WATCHES | HAYDEE dames horloge<\/title>\n<meta name=\"description\" content=\"De Haydee is een flamboyante verschijning en door haar hippe paarse wijzerplaat een van de bestsellers. Beperkt op voorraad.\" \/>\n<meta name=\"robots\" content=\"index, follow, max-snippet:-1, max-image-preview:large, max-video-preview:-1\" \/>\n<link rel=\"canonical\" href=\"https:\/\/neevwatches.com\/de\/produkt\/haydee\/\" \/>\n<meta property=\"og:locale\" content=\"de_DE\" \/>\n<meta property=\"og:type\" content=\"article\" \/>\n<meta property=\"og:title\" content=\"Date34 | NEEV WATCHES | HAYDEE dames horloge\" \/>\n<meta property=\"og:description\" content=\"De Haydee is een flamboyante verschijning en door haar hippe paarse wijzerplaat een van de bestsellers. Beperkt op voorraad.\" \/>\n<meta property=\"og:url\" content=\"https:\/\/neevwatches.com\/de\/produkt\/haydee\/\" \/>\n<meta property=\"og:site_name\" content=\"Neev Watches\" \/>\n<meta property=\"article:publisher\" content=\"https:\/\/www.facebook.com\/neevwatch\" \/>\n<meta property=\"article:modified_time\" content=\"2026-01-15T12:08:21+00:00\" \/>\n<meta property=\"og:image\" content=\"https:\/\/neevwatches.com\/wp-content\/uploads\/2025\/08\/Haydee-Houding-1.webp\" \/>\n\t<meta property=\"og:image:width\" content=\"1200\" \/>\n\t<meta property=\"og:image:height\" content=\"1400\" \/>\n\t<meta property=\"og:image:type\" content=\"image\/webp\" \/>\n<meta name=\"twitter:card\" content=\"summary_large_image\" \/>\n<meta name=\"twitter:label1\" content=\"Gesch\u00e4tzte Lesezeit\" \/>\n\t<meta name=\"twitter:data1\" content=\"1\u00a0Minute\" \/>\n<script type=\"application\/ld+json\" class=\"yoast-schema-graph\">{\"@context\":\"https:\/\/schema.org\",\"@graph\":[{\"@type\":\"WebPage\",\"@id\":\"https:\/\/neevwatches.com\/product\/haydee\/\",\"url\":\"https:\/\/neevwatches.com\/product\/haydee\/\",\"name\":\"Date34 | NEEV WATCHES | HAYDEE dames horloge\",\"isPartOf\":{\"@id\":\"https:\/\/neevwatches.com\/#website\"},\"primaryImageOfPage\":{\"@id\":\"https:\/\/neevwatches.com\/product\/haydee\/#primaryimage\"},\"image\":{\"@id\":\"https:\/\/neevwatches.com\/product\/haydee\/#primaryimage\"},\"thumbnailUrl\":\"https:\/\/neevwatches.com\/wp-content\/uploads\/2025\/08\/Haydee-Houding-1.webp\",\"datePublished\":\"2021-09-20T11:22:57+00:00\",\"dateModified\":\"2026-01-15T12:08:21+00:00\",\"description\":\"De Haydee is een flamboyante verschijning en door haar hippe paarse wijzerplaat een van de bestsellers. Beperkt op voorraad.\",\"breadcrumb\":{\"@id\":\"https:\/\/neevwatches.com\/product\/haydee\/#breadcrumb\"},\"inLanguage\":\"de\",\"potentialAction\":[{\"@type\":\"ReadAction\",\"target\":[\"https:\/\/neevwatches.com\/product\/haydee\/\"]}]},{\"@type\":\"ImageObject\",\"inLanguage\":\"de\",\"@id\":\"https:\/\/neevwatches.com\/product\/haydee\/#primaryimage\",\"url\":\"https:\/\/neevwatches.com\/wp-content\/uploads\/2025\/08\/Haydee-Houding-1.webp\",\"contentUrl\":\"https:\/\/neevwatches.com\/wp-content\/uploads\/2025\/08\/Haydee-Houding-1.webp\",\"width\":1200,\"height\":1400},{\"@type\":\"BreadcrumbList\",\"@id\":\"https:\/\/neevwatches.com\/product\/haydee\/#breadcrumb\",\"itemListElement\":[{\"@type\":\"ListItem\",\"position\":1,\"name\":\"Home\",\"item\":\"https:\/\/neevwatches.com\/\"},{\"@type\":\"ListItem\",\"position\":2,\"name\":\"Online Boutique\",\"item\":\"https:\/\/neevwatches.com\/online-boutique\/\"},{\"@type\":\"ListItem\",\"position\":3,\"name\":\"Haydee\"}]},{\"@type\":\"WebSite\",\"@id\":\"https:\/\/neevwatches.com\/#website\",\"url\":\"https:\/\/neevwatches.com\/\",\"name\":\"Neev Watches\",\"description\":\"Make Today Count\",\"publisher\":{\"@id\":\"https:\/\/neevwatches.com\/#organization\"},\"potentialAction\":[{\"@type\":\"SearchAction\",\"target\":{\"@type\":\"EntryPoint\",\"urlTemplate\":\"https:\/\/neevwatches.com\/?s={search_term_string}\"},\"query-input\":{\"@type\":\"PropertyValueSpecification\",\"valueRequired\":true,\"valueName\":\"search_term_string\"}}],\"inLanguage\":\"de\"},{\"@type\":\"Organization\",\"@id\":\"https:\/\/neevwatches.com\/#organization\",\"name\":\"NEEV\",\"url\":\"https:\/\/neevwatches.com\/\",\"logo\":{\"@type\":\"ImageObject\",\"inLanguage\":\"de\",\"@id\":\"https:\/\/neevwatches.com\/#\/schema\/logo\/image\/\",\"url\":\"https:\/\/9d46818e0e.nxcli.io\/wp-content\/uploads\/2021\/08\/Neev.4-PNG-e1661461998192.png\",\"contentUrl\":\"https:\/\/9d46818e0e.nxcli.io\/wp-content\/uploads\/2021\/08\/Neev.4-PNG-e1661461998192.png\",\"width\":1032,\"height\":480,\"caption\":\"NEEV\"},\"image\":{\"@id\":\"https:\/\/neevwatches.com\/#\/schema\/logo\/image\/\"},\"sameAs\":[\"https:\/\/www.facebook.com\/neevwatch\",\"https:\/\/www.instagram.com\/neev_watches\/\"]}]}<\/script>\n<!-- \/ Yoast SEO plugin. -->","yoast_head_json":{"title":"Date34 | NEEV WATCHES | HAYDEE Damenuhr","description":"Die Haydee ist eine extravagante Erscheinung und dank ihres trendigen lila Zifferblatts einer der Bestseller. Begrenzter Bestand.","robots":{"index":"index","follow":"follow","max-snippet":"max-snippet:-1","max-image-preview":"max-image-preview:large","max-video-preview":"max-video-preview:-1"},"canonical":"https:\/\/neevwatches.com\/de\/produkt\/haydee\/","og_locale":"de_DE","og_type":"article","og_title":"Date34 | NEEV WATCHES | HAYDEE dames horloge","og_description":"De Haydee is een flamboyante verschijning en door haar hippe paarse wijzerplaat een van de bestsellers. Beperkt op voorraad.","og_url":"https:\/\/neevwatches.com\/de\/produkt\/haydee\/","og_site_name":"Neev Watches","article_publisher":"https:\/\/www.facebook.com\/neevwatch","article_modified_time":"2026-01-15T12:08:21+00:00","og_image":[{"width":1200,"height":1400,"url":"https:\/\/neevwatches.com\/wp-content\/uploads\/2025\/08\/Haydee-Houding-1.webp","type":"image\/webp"}],"twitter_card":"summary_large_image","twitter_misc":{"Gesch\u00e4tzte Lesezeit":"1\u00a0Minute"},"schema":{"@context":"https:\/\/schema.org","@graph":[{"@type":"WebPage","@id":"https:\/\/neevwatches.com\/product\/haydee\/","url":"https:\/\/neevwatches.com\/product\/haydee\/","name":"Date34 | NEEV WATCHES | HAYDEE Damenuhr","isPartOf":{"@id":"https:\/\/neevwatches.com\/#website"},"primaryImageOfPage":{"@id":"https:\/\/neevwatches.com\/product\/haydee\/#primaryimage"},"image":{"@id":"https:\/\/neevwatches.com\/product\/haydee\/#primaryimage"},"thumbnailUrl":"https:\/\/neevwatches.com\/wp-content\/uploads\/2025\/08\/Haydee-Houding-1.webp","datePublished":"2021-09-20T11:22:57+00:00","dateModified":"2026-01-15T12:08:21+00:00","description":"Die Haydee ist eine extravagante Erscheinung und dank ihres trendigen lila Zifferblatts einer der Bestseller. Begrenzter Bestand.","breadcrumb":{"@id":"https:\/\/neevwatches.com\/product\/haydee\/#breadcrumb"},"inLanguage":"de","potentialAction":[{"@type":"ReadAction","target":["https:\/\/neevwatches.com\/product\/haydee\/"]}]},{"@type":"ImageObject","inLanguage":"de","@id":"https:\/\/neevwatches.com\/product\/haydee\/#primaryimage","url":"https:\/\/neevwatches.com\/wp-content\/uploads\/2025\/08\/Haydee-Houding-1.webp","contentUrl":"https:\/\/neevwatches.com\/wp-content\/uploads\/2025\/08\/Haydee-Houding-1.webp","width":1200,"height":1400},{"@type":"BreadcrumbList","@id":"https:\/\/neevwatches.com\/product\/haydee\/#breadcrumb","itemListElement":[{"@type":"ListItem","position":1,"name":"Home","item":"https:\/\/neevwatches.com\/"},{"@type":"ListItem","position":2,"name":"Online Boutique","item":"https:\/\/neevwatches.com\/online-boutique\/"},{"@type":"ListItem","position":3,"name":"Haydee"}]},{"@type":"WebSite","@id":"https:\/\/neevwatches.com\/#website","url":"https:\/\/neevwatches.com\/","name":"Neev Uhren","description":"Das Heute z\u00e4hlt","publisher":{"@id":"https:\/\/neevwatches.com\/#organization"},"potentialAction":[{"@type":"SearchAction","target":{"@type":"EntryPoint","urlTemplate":"https:\/\/neevwatches.com\/?s={search_term_string}"},"query-input":{"@type":"PropertyValueSpecification","valueRequired":true,"valueName":"search_term_string"}}],"inLanguage":"de"},{"@type":"Organization","@id":"https:\/\/neevwatches.com\/#organization","name":"NEEV","url":"https:\/\/neevwatches.com\/","logo":{"@type":"ImageObject","inLanguage":"de","@id":"https:\/\/neevwatches.com\/#\/schema\/logo\/image\/","url":"https:\/\/9d46818e0e.nxcli.io\/wp-content\/uploads\/2021\/08\/Neev.4-PNG-e1661461998192.png","contentUrl":"https:\/\/9d46818e0e.nxcli.io\/wp-content\/uploads\/2021\/08\/Neev.4-PNG-e1661461998192.png","width":1032,"height":480,"caption":"NEEV"},"image":{"@id":"https:\/\/neevwatches.com\/#\/schema\/logo\/image\/"},"sameAs":["https:\/\/www.facebook.com\/neevwatch","https:\/\/www.instagram.com\/neev_watches\/"]}]}},"_links":{"self":[{"href":"https:\/\/neevwatches.com\/de\/wp-json\/wp\/v2\/product\/5431","targetHints":{"allow":["GET"]}}],"collection":[{"href":"https:\/\/neevwatches.com\/de\/wp-json\/wp\/v2\/product"}],"about":[{"href":"https:\/\/neevwatches.com\/de\/wp-json\/wp\/v2\/types\/product"}],"wp:featuredmedia":[{"embeddable":true,"href":"https:\/\/neevwatches.com\/de\/wp-json\/wp\/v2\/media\/242510"}],"wp:attachment":[{"href":"https:\/\/neevwatches.com\/de\/wp-json\/wp\/v2\/media?parent=5431"}],"wp:term":[{"taxonomy":"product_brand","embeddable":true,"href":"https:\/\/neevwatches.com\/de\/wp-json\/wp\/v2\/product_brand?post=5431"},{"taxonomy":"product_cat","embeddable":true,"href":"https:\/\/neevwatches.com\/de\/wp-json\/wp\/v2\/product_cat?post=5431"},{"taxonomy":"product_tag","embeddable":true,"href":"https:\/\/neevwatches.com\/de\/wp-json\/wp\/v2\/product_tag?post=5431"}],"curies":[{"name":"wp","href":"https:\/\/api.w.org\/{rel}","templated":true}]}}