{"id":3163,"date":"2020-10-02T09:19:38","date_gmt":"2020-10-02T07:19:38","guid":{"rendered":"https:\/\/9d46818e0e.nxcli.io\/?post_type=product&#038;p=3163"},"modified":"2026-04-07T12:58:09","modified_gmt":"2026-04-07T10:58:09","slug":"zimann-2","status":"publish","type":"product","link":"https:\/\/neevwatches.com\/de\/produkt\/zimann-2\/","title":{"rendered":"Zimann M.O.P."},"content":{"rendered":"<p>[et_pb_section fb_built=\"1\u2033 disabled_on=\"off|off|off\" _builder_version=\"4.21.0\u2033 _module_preset=\"default\" background_color=\"#000000\u2033 width=\"100%\" width_tablet=\"100%\" width_phone=\"100%\" width_last_edited=\"on|phone\" max_width=\"100%\" global_colors_info=\"{}\"][et_pb_row _builder_version=\"4.21.0\u2033 _module_preset=\"default\" width_tablet=\"\" width_phone=\"80%\" width_last_edited=\"on|desktop\" module_alignment=\"centre\" global_colors_info=\"{}\"][et_pb_column type=\"4_4\u2033 _builder_version=\"4.17.4\u2033 _module_preset=\"default\" global_colors_info=\"{}\"][et_pb_text content_tablet=\"\"<\/p>\n<h3>Mit Leidenschaft entworfen, mit Handwerkskunst hergestellt<\/h3>\n<p>Eine verschraubte Krone, wasserdicht bis 100 Meter, hochwertiger nickelfreier Stahl, kratzfestes Saphirglas und ein zuverl\u00e4ssiges japanisches Uhrwerk. Ein luxuri\u00f6ser Look zu einem fairen und zuverl\u00e4ssigen Preis.<\/p>\n<p>\" content_phone=\"<br \/>\nEine verschraubte Krone, wasserdicht bis 100 Meter, hochwertiger nickelfreier Stahl, kratzfestes Saphirglas und ein zuverl\u00e4ssiges japanisches Uhrwerk. Ein luxuri\u00f6ser Look zu einem fairen und zuverl\u00e4ssigen Preis.\" content_last_edited=\"off|phone\" disabled_on=\"off|off|off\" _builder_version=\"4.21.0\u2033 _module_preset=\"default\" text_font=\"|800||on|||||\" text_text_colour=\"#ffffff\" text_font_size=\"24px\" header_font=\"|800|||||||\" header_text_color=\"#ffffff\" header_3_font=\"|700||auf|||||\" header_3_text_align=\"center\" header_3_text_color=\"#ffffff\" header_3_font_size=\"21px\" text_orientation=\"centre\" max_width=\"450px\" module_alignment=\"centre\" custom_margin=\"5px||||false|false\" custom_margin_tablet=\"5px||||false|false\" custom_margin_phone=\"0px||||false|false\" custom_margin_last_edited=\"on|phone\" custom_padding=\"||||false|false\" text_font_size_tablet=\"\" text_font_size_phone=\"27px\" text_font_size_last_edited=\"on|phone\" header_text_align_tablet=\"\" header_text_align_phone=\"left\" header_text_align_last_edited=\"on|phone\" header_3_text_align_tablet=\"centre\" header_3_text_align_phone=\"left\" header_3_text_align_last_edited=\"on|desktop\" header_3_font_size_tablet=\"21px\" header_3_font_size_phone=\"18px\" header_3_font_size_last_edited=\"on|phone\" text_orientation_tablet=\"centre\" text_orientation_phone=\"left\" text_orientation_last_edited=\"on|phone\" global_colors_info=\"{}\"]<\/p>\n<p>Mit Leidenschaft entworfen, mit Handwerkskunst hergestellt.<\/p>\n<p>[\/et_pb_text][et_pb_text content_tablet=\"<\/p>\n<h3>Mit Leidenschaft entworfen, mit Handwerkskunst hergestellt<\/h3>\n<p>Eine verschraubte Krone, wasserdicht bis 100 Meter, hochwertiger nickelfreier Stahl, kratzfestes Saphirglas und ein zuverl\u00e4ssiges japanisches Uhrwerk. Ein luxuri\u00f6ser Look zu einem fairen und zuverl\u00e4ssigen Preis.<\/p>\n<p>\" content_phone=\"<br \/>\nEine verschraubte Krone, wasserdicht bis 100 Meter, hochwertiger nickelfreier Stahl, kratzfestes Saphirglas und ein zuverl\u00e4ssiges japanisches Uhrwerk. Ein luxuri\u00f6ser Look zu einem fairen und zuverl\u00e4ssigen Preis.\" content_last_edited=\"off|phone\" disabled_on=\"off|off|off\" _builder_version=\"4.21.0\u2033 _module_preset=\"default\" text_text_color=\"#ffffff\" header_font=\"|800|||||||\" header_text_color=\"#ffffff\" header_3_font=\"|700||on|||||\" header_3_text_align=\"centre\" header_3_text_color=\"#ffffff\" header_3_font_size=\"21px\" text_orientation=\"centre\" max_width=\"450px\" module_alignment=\"centre\" custom_padding=\"||30px||false|false\" text_font_size_tablet=\"\" text_font_size_phone=\"14px\" text_font_size_last_edited=\"on|phone\" header_text_align_tablet=\"\" header_text_align_phone=\"left\" header_text_align_last_edited=\"on|phone\" header_3_text_align_tablet=\"centre\" header_3_text_align_phone=\"left\" header_3_text_align_last_edited=\"on|desktop\" header_3_font_size_tablet=\"21px\" header_3_font_size_phone=\"18px\" header_3_font_size_last_edited=\"on|phone\" text_orientation_tablet=\"centre\" text_orientation_phone=\"left\" text_orientation_last_edited=\"on|phone\" global_colors_info=\"{}\"]<\/p>\n<p>Eine verschraubte Krone, wasserdicht bis 100 Meter, hochwertiger nickelfreier Stahl, kratzfestes Saphirglas und ein zuverl\u00e4ssiges japanisches Uhrwerk. Kurz gesagt, eine leistungsstarke und luxuri\u00f6se Uhr, die ihre Preisklasse \u00fcbersteigt.<\/p>\n<p>[\/et_pb_text][\/et_pb_column][\/et_pb_row][et_pb_row disabled_on=\"off|off|off\" admin_label=\"Visueller Vollbildschirm\" _builder_version=\"4.27.2\u2033 _module_preset=\"default\" width=\"100%\" max_width=\"100%\" min_height=\"950px\" min_height_tablet=\"950px\" min_height_phone=\"640px\" min_height_last_edited=\"on|phone\" custom_margin=\"||||false|false\" custom_margin_tablet=\"||||false|false\" custom_margin_phone=\"||||false|false\" custom_margin_last_edited=\"on|phone\" hover_enabled=\"0\u2033 background_last_edited=\"on|desktop\" background_enable_image_phone=\"off\" background_size_phone=\"cover\" background_position_phone=\"top_centre\" global_colours_info=\"{}\" background_enable_image=\"off\" sticky_enabled=\"0\u2033][et_pb_column type=\"4_4\u2033 _builder_version=\"4.17.4\u2033 _module_preset=\"default\" global_colors_info=\"{}\"][dsm_image_carousel gallery_ids=\"240750,240751,240752\u2033 _builder_version=\"4.27.2\u2033 _module_preset=\"default\" custom_margin=\"-30px||||false|false\" hover_enabled=\"0\u2033 global_colors_info=\"{}\" theme_builder_area=\"post_content\" slide_to_show=\"3\u2033 speed=\"500\u2033 sticky_enabled=\"0\u2033][\/dsm_image_carousel][\/et_pb_column][\/et_pb_row][\/et_pb_section]<\/p>","protected":false},"excerpt":{"rendered":"<p><span style=\"color: #ffffff;\">Die Zimann ist die Uhr mit dem kobraschwarzen Zifferblatt kombiniert mit geb\u00fcrsteter und polierter Goldbeschichtung. Als solches hat dieses Modell alle Merkmale eines echten Klassikers und ist daher nicht an Modetrends gebunden. Das schwarze Zifferblatt l\u00e4sst jedes goldene Detail wundersch\u00f6n zur Geltung kommen. Das macht den Zimann zu einer beliebten Wahl.<\/span><\/p>\n<p>&nbsp;<\/p>\n<h5><\/h5>\n<h5 style=\"text-align: center;\"><span style=\"color: #ffffff;\">Unmittelbar verf\u00fcgbar<\/span><\/h5>","protected":false},"featured_media":238082,"template":"","meta":{"_acf_changed":false,"_et_pb_use_builder":"on","_et_pb_old_content":"","_et_gb_content_width":""},"product_brand":[],"product_cat":[354],"product_tag":[],"class_list":{"0":"post-3163","1":"product","2":"type-product","3":"status-publish","4":"has-post-thumbnail","6":"product_cat-daydate42","8":"first","9":"instock","10":"taxable","11":"shipping-taxable","12":"purchasable","13":"product-type-simple"},"acf":{"product_description_image":"","product_description_background_image":"","product_features":"","product_feature_1":{"product_feature_icon":"","product_feature_text":""},"product_feature_2":{"product_feature_icon":"","product_feature_text":""},"product_feature_3":{"product_feature_icon":"","product_feature_text":""},"product_feature_4":{"product_feature_icon":"","product_feature_text":""},"product_feature_5":{"product_feature_icon":"","product_feature_text":""},"product_feature_6":{"product_feature_icon":"","product_feature_text":""},"sfeerbeeld_1":"","sfeerbeeld_2":"","sfeerbeeld_3":""},"yoast_head":"<!-- This site is optimized with the Yoast SEO plugin v26.7 - https:\/\/yoast.com\/wordpress\/plugins\/seo\/ -->\n<title>Day&amp;Date | NEEV WATCHES | ZIMANN heren horloge<\/title>\n<meta name=\"description\" content=\"Dit model heeft kenmerken van een ware klassieker en is dus niet gebonden aan trends. Door de zwarte wijzerplaat komt elk goud detail prachtig tot leven.\" \/>\n<meta name=\"robots\" content=\"index, follow, max-snippet:-1, max-image-preview:large, max-video-preview:-1\" \/>\n<link rel=\"canonical\" href=\"https:\/\/neevwatches.com\/de\/produkt\/zimann-2\/\" \/>\n<meta property=\"og:locale\" content=\"de_DE\" \/>\n<meta property=\"og:type\" content=\"article\" \/>\n<meta property=\"og:title\" content=\"Day&amp;Date | NEEV WATCHES | ZIMANN heren horloge\" \/>\n<meta property=\"og:description\" content=\"Dit model heeft kenmerken van een ware klassieker en is dus niet gebonden aan trends. Door de zwarte wijzerplaat komt elk goud detail prachtig tot leven.\" \/>\n<meta property=\"og:url\" content=\"https:\/\/neevwatches.com\/de\/produkt\/zimann-2\/\" \/>\n<meta property=\"og:site_name\" content=\"Neev Watches\" \/>\n<meta property=\"article:publisher\" content=\"https:\/\/www.facebook.com\/neevwatch\" \/>\n<meta property=\"article:modified_time\" content=\"2026-04-07T10:58:09+00:00\" \/>\n<meta property=\"og:image\" content=\"https:\/\/neevwatches.com\/wp-content\/uploads\/2020\/10\/Zimann-MOP-Houding-1.2.webp\" \/>\n\t<meta property=\"og:image:width\" content=\"1200\" \/>\n\t<meta property=\"og:image:height\" content=\"1400\" \/>\n\t<meta property=\"og:image:type\" content=\"image\/webp\" \/>\n<meta name=\"twitter:card\" content=\"summary_large_image\" \/>\n<meta name=\"twitter:label1\" content=\"Gesch\u00e4tzte Lesezeit\" \/>\n\t<meta name=\"twitter:data1\" content=\"1\u00a0Minute\" \/>\n<script type=\"application\/ld+json\" class=\"yoast-schema-graph\">{\"@context\":\"https:\/\/schema.org\",\"@graph\":[{\"@type\":\"WebPage\",\"@id\":\"https:\/\/neevwatches.com\/product\/zimann\/\",\"url\":\"https:\/\/neevwatches.com\/product\/zimann\/\",\"name\":\"Day&Date | NEEV WATCHES | ZIMANN heren horloge\",\"isPartOf\":{\"@id\":\"https:\/\/neevwatches.com\/#website\"},\"primaryImageOfPage\":{\"@id\":\"https:\/\/neevwatches.com\/product\/zimann\/#primaryimage\"},\"image\":{\"@id\":\"https:\/\/neevwatches.com\/product\/zimann\/#primaryimage\"},\"thumbnailUrl\":\"https:\/\/neevwatches.com\/wp-content\/uploads\/2020\/10\/Zimann-MOP-Houding-1.2.webp\",\"datePublished\":\"2020-10-02T07:19:38+00:00\",\"dateModified\":\"2026-04-07T10:58:09+00:00\",\"description\":\"Dit model heeft kenmerken van een ware klassieker en is dus niet gebonden aan trends. Door de zwarte wijzerplaat komt elk goud detail prachtig tot leven.\",\"breadcrumb\":{\"@id\":\"https:\/\/neevwatches.com\/product\/zimann\/#breadcrumb\"},\"inLanguage\":\"de\",\"potentialAction\":[{\"@type\":\"ReadAction\",\"target\":[\"https:\/\/neevwatches.com\/product\/zimann\/\"]}]},{\"@type\":\"ImageObject\",\"inLanguage\":\"de\",\"@id\":\"https:\/\/neevwatches.com\/product\/zimann\/#primaryimage\",\"url\":\"https:\/\/neevwatches.com\/wp-content\/uploads\/2020\/10\/Zimann-MOP-Houding-1.2.webp\",\"contentUrl\":\"https:\/\/neevwatches.com\/wp-content\/uploads\/2020\/10\/Zimann-MOP-Houding-1.2.webp\",\"width\":1200,\"height\":1400},{\"@type\":\"BreadcrumbList\",\"@id\":\"https:\/\/neevwatches.com\/product\/zimann\/#breadcrumb\",\"itemListElement\":[{\"@type\":\"ListItem\",\"position\":1,\"name\":\"Home\",\"item\":\"https:\/\/neevwatches.com\/\"},{\"@type\":\"ListItem\",\"position\":2,\"name\":\"Online Boutique\",\"item\":\"https:\/\/neevwatches.com\/online-boutique\/\"},{\"@type\":\"ListItem\",\"position\":3,\"name\":\"Zimann M.O.P.\"}]},{\"@type\":\"WebSite\",\"@id\":\"https:\/\/neevwatches.com\/#website\",\"url\":\"https:\/\/neevwatches.com\/\",\"name\":\"Neev Watches\",\"description\":\"Make Today Count\",\"publisher\":{\"@id\":\"https:\/\/neevwatches.com\/#organization\"},\"potentialAction\":[{\"@type\":\"SearchAction\",\"target\":{\"@type\":\"EntryPoint\",\"urlTemplate\":\"https:\/\/neevwatches.com\/?s={search_term_string}\"},\"query-input\":{\"@type\":\"PropertyValueSpecification\",\"valueRequired\":true,\"valueName\":\"search_term_string\"}}],\"inLanguage\":\"de\"},{\"@type\":\"Organization\",\"@id\":\"https:\/\/neevwatches.com\/#organization\",\"name\":\"NEEV\",\"url\":\"https:\/\/neevwatches.com\/\",\"logo\":{\"@type\":\"ImageObject\",\"inLanguage\":\"de\",\"@id\":\"https:\/\/neevwatches.com\/#\/schema\/logo\/image\/\",\"url\":\"https:\/\/9d46818e0e.nxcli.io\/wp-content\/uploads\/2021\/08\/Neev.4-PNG-e1661461998192.png\",\"contentUrl\":\"https:\/\/9d46818e0e.nxcli.io\/wp-content\/uploads\/2021\/08\/Neev.4-PNG-e1661461998192.png\",\"width\":1032,\"height\":480,\"caption\":\"NEEV\"},\"image\":{\"@id\":\"https:\/\/neevwatches.com\/#\/schema\/logo\/image\/\"},\"sameAs\":[\"https:\/\/www.facebook.com\/neevwatch\",\"https:\/\/www.instagram.com\/neev_watches\/\"]}]}<\/script>\n<!-- \/ Yoast SEO plugin. -->","yoast_head_json":{"title":"Day&amp;Date | NEEV WATCHES | ZIMANN Herrenuhr","description":"Dieses Modell hat die Eigenschaften eines echten Klassikers und ist daher nicht an Trends gebunden. Das schwarze Zifferblatt bringt jedes goldene Detail wunderbar zur Geltung.","robots":{"index":"index","follow":"follow","max-snippet":"max-snippet:-1","max-image-preview":"max-image-preview:large","max-video-preview":"max-video-preview:-1"},"canonical":"https:\/\/neevwatches.com\/de\/produkt\/zimann-2\/","og_locale":"de_DE","og_type":"article","og_title":"Day&Date | NEEV WATCHES | ZIMANN heren horloge","og_description":"Dit model heeft kenmerken van een ware klassieker en is dus niet gebonden aan trends. Door de zwarte wijzerplaat komt elk goud detail prachtig tot leven.","og_url":"https:\/\/neevwatches.com\/de\/produkt\/zimann-2\/","og_site_name":"Neev Watches","article_publisher":"https:\/\/www.facebook.com\/neevwatch","article_modified_time":"2026-04-07T10:58:09+00:00","og_image":[{"width":1200,"height":1400,"url":"https:\/\/neevwatches.com\/wp-content\/uploads\/2020\/10\/Zimann-MOP-Houding-1.2.webp","type":"image\/webp"}],"twitter_card":"summary_large_image","twitter_misc":{"Gesch\u00e4tzte Lesezeit":"1\u00a0Minute"},"schema":{"@context":"https:\/\/schema.org","@graph":[{"@type":"WebPage","@id":"https:\/\/neevwatches.com\/product\/zimann\/","url":"https:\/\/neevwatches.com\/product\/zimann\/","name":"Day&amp;Date | NEEV WATCHES | ZIMANN Herrenuhr","isPartOf":{"@id":"https:\/\/neevwatches.com\/#website"},"primaryImageOfPage":{"@id":"https:\/\/neevwatches.com\/product\/zimann\/#primaryimage"},"image":{"@id":"https:\/\/neevwatches.com\/product\/zimann\/#primaryimage"},"thumbnailUrl":"https:\/\/neevwatches.com\/wp-content\/uploads\/2020\/10\/Zimann-MOP-Houding-1.2.webp","datePublished":"2020-10-02T07:19:38+00:00","dateModified":"2026-04-07T10:58:09+00:00","description":"Dieses Modell hat die Eigenschaften eines echten Klassikers und ist daher nicht an Trends gebunden. Das schwarze Zifferblatt bringt jedes goldene Detail wunderbar zur Geltung.","breadcrumb":{"@id":"https:\/\/neevwatches.com\/product\/zimann\/#breadcrumb"},"inLanguage":"de","potentialAction":[{"@type":"ReadAction","target":["https:\/\/neevwatches.com\/product\/zimann\/"]}]},{"@type":"ImageObject","inLanguage":"de","@id":"https:\/\/neevwatches.com\/product\/zimann\/#primaryimage","url":"https:\/\/neevwatches.com\/wp-content\/uploads\/2020\/10\/Zimann-MOP-Houding-1.2.webp","contentUrl":"https:\/\/neevwatches.com\/wp-content\/uploads\/2020\/10\/Zimann-MOP-Houding-1.2.webp","width":1200,"height":1400},{"@type":"BreadcrumbList","@id":"https:\/\/neevwatches.com\/product\/zimann\/#breadcrumb","itemListElement":[{"@type":"ListItem","position":1,"name":"Home","item":"https:\/\/neevwatches.com\/"},{"@type":"ListItem","position":2,"name":"Online Boutique","item":"https:\/\/neevwatches.com\/online-boutique\/"},{"@type":"ListItem","position":3,"name":"Zimann M.O.P."}]},{"@type":"WebSite","@id":"https:\/\/neevwatches.com\/#website","url":"https:\/\/neevwatches.com\/","name":"Neev Uhren","description":"Das Heute z\u00e4hlt","publisher":{"@id":"https:\/\/neevwatches.com\/#organization"},"potentialAction":[{"@type":"SearchAction","target":{"@type":"EntryPoint","urlTemplate":"https:\/\/neevwatches.com\/?s={search_term_string}"},"query-input":{"@type":"PropertyValueSpecification","valueRequired":true,"valueName":"search_term_string"}}],"inLanguage":"de"},{"@type":"Organization","@id":"https:\/\/neevwatches.com\/#organization","name":"NEEV","url":"https:\/\/neevwatches.com\/","logo":{"@type":"ImageObject","inLanguage":"de","@id":"https:\/\/neevwatches.com\/#\/schema\/logo\/image\/","url":"https:\/\/9d46818e0e.nxcli.io\/wp-content\/uploads\/2021\/08\/Neev.4-PNG-e1661461998192.png","contentUrl":"https:\/\/9d46818e0e.nxcli.io\/wp-content\/uploads\/2021\/08\/Neev.4-PNG-e1661461998192.png","width":1032,"height":480,"caption":"NEEV"},"image":{"@id":"https:\/\/neevwatches.com\/#\/schema\/logo\/image\/"},"sameAs":["https:\/\/www.facebook.com\/neevwatch","https:\/\/www.instagram.com\/neev_watches\/"]}]}},"_links":{"self":[{"href":"https:\/\/neevwatches.com\/de\/wp-json\/wp\/v2\/product\/3163","targetHints":{"allow":["GET"]}}],"collection":[{"href":"https:\/\/neevwatches.com\/de\/wp-json\/wp\/v2\/product"}],"about":[{"href":"https:\/\/neevwatches.com\/de\/wp-json\/wp\/v2\/types\/product"}],"wp:featuredmedia":[{"embeddable":true,"href":"https:\/\/neevwatches.com\/de\/wp-json\/wp\/v2\/media\/238082"}],"wp:attachment":[{"href":"https:\/\/neevwatches.com\/de\/wp-json\/wp\/v2\/media?parent=3163"}],"wp:term":[{"taxonomy":"product_brand","embeddable":true,"href":"https:\/\/neevwatches.com\/de\/wp-json\/wp\/v2\/product_brand?post=3163"},{"taxonomy":"product_cat","embeddable":true,"href":"https:\/\/neevwatches.com\/de\/wp-json\/wp\/v2\/product_cat?post=3163"},{"taxonomy":"product_tag","embeddable":true,"href":"https:\/\/neevwatches.com\/de\/wp-json\/wp\/v2\/product_tag?post=3163"}],"curies":[{"name":"wp","href":"https:\/\/api.w.org\/{rel}","templated":true}]}}