{"id":242239,"date":"2025-08-24T11:24:55","date_gmt":"2025-08-24T09:24:55","guid":{"rendered":"https:\/\/9d46818e0e.nxcli.io\/?post_type=product&#038;p=242239"},"modified":"2026-03-27T11:41:33","modified_gmt":"2026-03-27T10:41:33","slug":"amira","status":"publish","type":"product","link":"https:\/\/neevwatches.com\/de\/produkt\/amira\/","title":{"rendered":"Amira"},"content":{"rendered":"<p>[et_pb_section fb_built=\"1\u2033 disabled_on=\"off|off|off\" _builder_version=\"4.22.1\u2033 _module_preset=\"default\" background_colour=\"#000000\u2033 width=\"100%\" width_tablet=\"100%\" width_phone=\"100%\" width_last_edited=\"on|phone\" max_width=\"100%\" height=\"1300px\" height_tablet=\"\" height_phone=\"1025px\" height_last_edited=\"on|desktop\" global_colors_info=\"{}\"][et_pb_row _builder_version=\"4.21.0\u2033 _module_preset=\"default\" width_tablet=\"\" width_phone=\"80%\" width_last_edited=\"on|desktop\" module_alignment=\"centre\" global_colors_info=\"{}\"][et_pb_column type=\"4_4\u2033 _builder_version=\"4.17.4\u2033 _module_preset=\"default\" global_colors_info=\"{}\"][et_pb_text content_tablet=\"\"<\/p>\n<h3>Mit Leidenschaft entworfen, mit Handwerkskunst hergestellt<\/h3>\n<p>Eine verschraubte Krone, wasserdicht bis 100 Meter, hochwertiger nickelfreier Stahl, kratzfestes Saphirglas und ein zuverl\u00e4ssiges japanisches Uhrwerk. Ein luxuri\u00f6ser Look zu einem fairen und zuverl\u00e4ssigen Preis.<\/p>\n<p>\" content_phone=\"<br \/>\nEen geschroefde kroon, waterbestendig tot 100 meter, hoogwaardig nikkelvrij staal, krasbestendige saffierglas en betrouwbaar japans uurwerk. Een luxueuze uitstraling voor een eerlijke en betrouwbare prijs.&#8221; content_last_edited=&#8221;off|phone&#8221; disabled_on=&#8221;off|off|off&#8221; _builder_version=&#8221;4.21.0&#8243; _module_preset=&#8221;default&#8221; text_font=&#8221;|800||on|||||&#8221; text_text_color=&#8221;#ffffff&#8221; text_font_size=&#8221;24px&#8221; header_font=&#8221;|800|||||||&#8221; header_text_color=&#8221;#ffffff&#8221; header_3_font=&#8221;|700||on|||||&#8221; header_3_text_align=&#8221;center&#8221; header_3_text_color=&#8221;#ffffff&#8221; header_3_font_size=&#8221;21px&#8221; text_orientation=&#8221;center&#8221; max_width=&#8221;450px&#8221; module_alignment=&#8221;center&#8221; custom_margin=&#8221;5px||||false|false&#8221; custom_margin_tablet=&#8221;5px||||false|false&#8221; custom_margin_phone=&#8221;0px||||false|false&#8221; custom_margin_last_edited=&#8221;on|phone&#8221; custom_padding=&#8221;||||false|false&#8221; text_font_size_tablet=&#8221;&#8221; text_font_size_phone=&#8221;27px&#8221; text_font_size_last_edited=&#8221;on|phone&#8221; header_text_align_tablet=&#8221;&#8221; header_text_align_phone=&#8221;left&#8221; header_text_align_last_edited=&#8221;on|phone&#8221; header_3_text_align_tablet=&#8221;center&#8221; header_3_text_align_phone=&#8221;left&#8221; header_3_text_align_last_edited=&#8221;on|desktop&#8221; header_3_font_size_tablet=&#8221;21px&#8221; header_3_font_size_phone=&#8221;18px&#8221; header_3_font_size_last_edited=&#8221;on|phone&#8221; text_orientation_tablet=&#8221;center&#8221; text_orientation_phone=&#8221;left&#8221; text_orientation_last_edited=&#8221;on|phone&#8221; global_colors_info=&#8221;{}&#8221;]Geboren uit inspiratie,<br \/>\ngevormd door passie[\/et_pb_text][et_pb_text content_tablet=&#8221;<\/p>\n<h3>Mit Leidenschaft entworfen, mit Handwerkskunst hergestellt<\/h3>\n<p>Eine verschraubte Krone, wasserdicht bis 100 Meter, hochwertiger nickelfreier Stahl, kratzfestes Saphirglas und ein zuverl\u00e4ssiges japanisches Uhrwerk. Ein luxuri\u00f6ser Look zu einem fairen und zuverl\u00e4ssigen Preis.<\/p>\n<p>\" content_phone=\"<br \/>\nEen geschroefde kroon, waterbestendig tot 100 meter, hoogwaardig nikkelvrij staal, krasbestendige saffierglas en betrouwbaar japans uurwerk. Een luxueuze uitstraling voor een eerlijke en betrouwbare prijs.&#8221; content_last_edited=&#8221;off|phone&#8221; disabled_on=&#8221;off|off|off&#8221; _builder_version=&#8221;4.27.4&#8243; _module_preset=&#8221;default&#8221; text_text_color=&#8221;#ffffff&#8221; header_font=&#8221;|800|||||||&#8221; header_text_color=&#8221;#ffffff&#8221; header_3_font=&#8221;|700||on|||||&#8221; header_3_text_align=&#8221;center&#8221; header_3_text_color=&#8221;#ffffff&#8221; header_3_font_size=&#8221;21px&#8221; text_orientation=&#8221;center&#8221; max_width=&#8221;450px&#8221; module_alignment=&#8221;center&#8221; custom_padding=&#8221;||30px||false|false&#8221; text_font_size_tablet=&#8221;&#8221; text_font_size_phone=&#8221;14px&#8221; text_font_size_last_edited=&#8221;on|phone&#8221; header_text_align_tablet=&#8221;&#8221; header_text_align_phone=&#8221;left&#8221; header_text_align_last_edited=&#8221;on|phone&#8221; header_3_text_align_tablet=&#8221;center&#8221; header_3_text_align_phone=&#8221;left&#8221; header_3_text_align_last_edited=&#8221;on|desktop&#8221; header_3_font_size_tablet=&#8221;21px&#8221; header_3_font_size_phone=&#8221;18px&#8221; header_3_font_size_last_edited=&#8221;on|phone&#8221; text_orientation_tablet=&#8221;center&#8221; text_orientation_phone=&#8221;left&#8221; text_orientation_last_edited=&#8221;on|phone&#8221; global_colors_info=&#8221;{}&#8221;]<\/p>\n<p class=\"p1\">Ein schlankes, quadratisches Geh\u00e4use mit glatt polierter L\u00fcnette, hochwertigem nickelfreiem Edelstahl, entspiegeltem, kratzfestem Saphirglas und wasserdicht bis 5 ATM. Kurzum, die ideale Uhr f\u00fcr die Frau, die minimalistische Klasse und zeitloses Design liebt.<\/p>\n<p>[\/et_pb_text][\/et_pb_column][\/et_pb_row][et_pb_row disabled_on=&#8221;off|off|off&#8221; admin_label=&#8221;Visual full screen&#8221; _builder_version=&#8221;4.27.4&#8243; _module_preset=&#8221;default&#8221; background_image=&#8221;https:\/\/neevwatches.com\/wp-content\/uploads\/2025\/08\/neev-dames-wit-2x.webp&#8221; width=&#8221;100%&#8221; max_width=&#8221;100%&#8221; min_height=&#8221;725px&#8221; min_height_tablet=&#8221;950px&#8221; min_height_phone=&#8221;640px&#8221; min_height_last_edited=&#8221;on|phone&#8221; custom_margin=&#8221;||||false|false&#8221; custom_margin_tablet=&#8221;||||false|false&#8221; custom_margin_phone=&#8221;||||false|false&#8221; custom_margin_last_edited=&#8221;on|phone&#8221; hover_enabled=&#8221;0&#8243; background_last_edited=&#8221;on|phone&#8221; background_image_phone=&#8221;https:\/\/neevwatches.com\/wp-content\/uploads\/2025\/11\/neev-dames-2x-wit-goud-mobiel.webp&#8221; background_enable_image_phone=&#8221;on&#8221; background_size_phone=&#8221;cover&#8221; background_position_phone=&#8221;top_center&#8221; background_enable_video_mp4_phone=&#8221;off&#8221; global_colors_info=&#8221;{}&#8221; title_text=&#8221;neev dames 2x wit goud mobiel&#8221; sticky_enabled=&#8221;0&#8243;][et_pb_column type=&#8221;4_4&#8243; _builder_version=&#8221;4.17.4&#8243; _module_preset=&#8221;default&#8221; global_colors_info=&#8221;{}&#8221;][\/et_pb_column][\/et_pb_row][\/et_pb_section]<\/p>","protected":false},"excerpt":{"rendered":"<p>Die Amira\u00ae Polished Gold White ist ein zeitloser Klassiker. Das goldfarbene Geh\u00e4use mit glatter L\u00fcnette und das wei\u00dfe Zifferblatt bilden eine elegante Basis. Das Armband kombiniert matte und gl\u00e4nzende Glieder und sorgt f\u00fcr subtile Raffinesse. Mit Saphirglas und 5 ATM Wasserdichtigkeit ist diese Uhr eine stilvolle Wahl f\u00fcr jeden Tag.<\/p>\n<p>&nbsp;<\/p>\n<h5 style=\"text-align: center;\"><span style=\"color: #ededed; font-size: 16px; text-align: center;\">SOFORT VERF\u00dcGBAR<\/span><\/h5>","protected":false},"featured_media":242240,"template":"","meta":{"_acf_changed":false,"_et_pb_use_builder":"on","_et_pb_old_content":"","_et_gb_content_width":""},"product_brand":[],"product_cat":[408],"product_tag":[],"class_list":{"0":"post-242239","1":"product","2":"type-product","3":"status-publish","4":"has-post-thumbnail","6":"product_cat-square28","8":"first","9":"instock","10":"taxable","11":"shipping-taxable","12":"purchasable","13":"product-type-simple"},"acf":{"product_description_image":"","product_description_background_image":"","product_features":"","product_feature_1":{"product_feature_icon":"","product_feature_text":""},"product_feature_2":{"product_feature_icon":"","product_feature_text":""},"product_feature_3":{"product_feature_icon":"","product_feature_text":""},"product_feature_4":{"product_feature_icon":"","product_feature_text":""},"product_feature_5":{"product_feature_icon":"","product_feature_text":""},"product_feature_6":{"product_feature_icon":"","product_feature_text":""},"sfeerbeeld_1":"","sfeerbeeld_2":"","sfeerbeeld_3":""},"yoast_head":"<!-- This site is optimized with the Yoast SEO plugin v26.7 - https:\/\/yoast.com\/wordpress\/plugins\/seo\/ -->\n<title>???? NIEUW | 28mm dameshorloge | Square28 | NEEV WATCHES<\/title>\n<meta name=\"description\" content=\"Amira\u00ae Polished Gold wit 28mm vierkant dameshorloge \u2013 goudkleurig staal met witte wijzerplaat en gladde bezel. Tijdloos en chic.\" \/>\n<meta name=\"robots\" content=\"index, follow, max-snippet:-1, max-image-preview:large, max-video-preview:-1\" \/>\n<link rel=\"canonical\" href=\"https:\/\/neevwatches.com\/de\/produkt\/amira\/\" \/>\n<meta property=\"og:locale\" content=\"de_DE\" \/>\n<meta property=\"og:type\" content=\"article\" \/>\n<meta property=\"og:title\" content=\"???? NIEUW | 28mm dameshorloge | Square28 | NEEV WATCHES\" \/>\n<meta property=\"og:description\" content=\"Amira\u00ae Polished Gold wit 28mm vierkant dameshorloge \u2013 goudkleurig staal met witte wijzerplaat en gladde bezel. Tijdloos en chic.\" \/>\n<meta property=\"og:url\" content=\"https:\/\/neevwatches.com\/de\/produkt\/amira\/\" \/>\n<meta property=\"og:site_name\" content=\"Neev Watches\" \/>\n<meta property=\"article:publisher\" content=\"https:\/\/www.facebook.com\/neevwatch\" \/>\n<meta property=\"article:modified_time\" content=\"2026-03-27T10:41:33+00:00\" \/>\n<meta property=\"og:image\" content=\"https:\/\/neevwatches.com\/wp-content\/uploads\/2025\/08\/Amira-Houding-1.webp\" \/>\n\t<meta property=\"og:image:width\" content=\"1800\" \/>\n\t<meta property=\"og:image:height\" content=\"1800\" \/>\n\t<meta property=\"og:image:type\" content=\"image\/webp\" \/>\n<meta name=\"twitter:card\" content=\"summary_large_image\" \/>\n<meta name=\"twitter:label1\" content=\"Gesch\u00e4tzte Lesezeit\" \/>\n\t<meta name=\"twitter:data1\" content=\"1\u00a0Minute\" \/>\n<script type=\"application\/ld+json\" class=\"yoast-schema-graph\">{\"@context\":\"https:\/\/schema.org\",\"@graph\":[{\"@type\":\"WebPage\",\"@id\":\"https:\/\/neevwatches.com\/product\/amira\/\",\"url\":\"https:\/\/neevwatches.com\/product\/amira\/\",\"name\":\"???? NIEUW | 28mm dameshorloge | Square28 | NEEV WATCHES\",\"isPartOf\":{\"@id\":\"https:\/\/neevwatches.com\/#website\"},\"primaryImageOfPage\":{\"@id\":\"https:\/\/neevwatches.com\/product\/amira\/#primaryimage\"},\"image\":{\"@id\":\"https:\/\/neevwatches.com\/product\/amira\/#primaryimage\"},\"thumbnailUrl\":\"https:\/\/neevwatches.com\/wp-content\/uploads\/2025\/08\/Amira-Houding-1.webp\",\"datePublished\":\"2025-08-24T09:24:55+00:00\",\"dateModified\":\"2026-03-27T10:41:33+00:00\",\"description\":\"Amira\u00ae Polished Gold wit 28mm vierkant dameshorloge \u2013 goudkleurig staal met witte wijzerplaat en gladde bezel. Tijdloos en chic.\",\"breadcrumb\":{\"@id\":\"https:\/\/neevwatches.com\/product\/amira\/#breadcrumb\"},\"inLanguage\":\"de\",\"potentialAction\":[{\"@type\":\"ReadAction\",\"target\":[\"https:\/\/neevwatches.com\/product\/amira\/\"]}]},{\"@type\":\"ImageObject\",\"inLanguage\":\"de\",\"@id\":\"https:\/\/neevwatches.com\/product\/amira\/#primaryimage\",\"url\":\"https:\/\/neevwatches.com\/wp-content\/uploads\/2025\/08\/Amira-Houding-1.webp\",\"contentUrl\":\"https:\/\/neevwatches.com\/wp-content\/uploads\/2025\/08\/Amira-Houding-1.webp\",\"width\":1800,\"height\":1800},{\"@type\":\"BreadcrumbList\",\"@id\":\"https:\/\/neevwatches.com\/product\/amira\/#breadcrumb\",\"itemListElement\":[{\"@type\":\"ListItem\",\"position\":1,\"name\":\"Home\",\"item\":\"https:\/\/neevwatches.com\/\"},{\"@type\":\"ListItem\",\"position\":2,\"name\":\"Online Boutique\",\"item\":\"https:\/\/neevwatches.com\/online-boutique\/\"},{\"@type\":\"ListItem\",\"position\":3,\"name\":\"Amira\"}]},{\"@type\":\"WebSite\",\"@id\":\"https:\/\/neevwatches.com\/#website\",\"url\":\"https:\/\/neevwatches.com\/\",\"name\":\"Neev Watches\",\"description\":\"Make Today Count\",\"publisher\":{\"@id\":\"https:\/\/neevwatches.com\/#organization\"},\"potentialAction\":[{\"@type\":\"SearchAction\",\"target\":{\"@type\":\"EntryPoint\",\"urlTemplate\":\"https:\/\/neevwatches.com\/?s={search_term_string}\"},\"query-input\":{\"@type\":\"PropertyValueSpecification\",\"valueRequired\":true,\"valueName\":\"search_term_string\"}}],\"inLanguage\":\"de\"},{\"@type\":\"Organization\",\"@id\":\"https:\/\/neevwatches.com\/#organization\",\"name\":\"NEEV\",\"url\":\"https:\/\/neevwatches.com\/\",\"logo\":{\"@type\":\"ImageObject\",\"inLanguage\":\"de\",\"@id\":\"https:\/\/neevwatches.com\/#\/schema\/logo\/image\/\",\"url\":\"https:\/\/9d46818e0e.nxcli.io\/wp-content\/uploads\/2021\/08\/Neev.4-PNG-e1661461998192.png\",\"contentUrl\":\"https:\/\/9d46818e0e.nxcli.io\/wp-content\/uploads\/2021\/08\/Neev.4-PNG-e1661461998192.png\",\"width\":1032,\"height\":480,\"caption\":\"NEEV\"},\"image\":{\"@id\":\"https:\/\/neevwatches.com\/#\/schema\/logo\/image\/\"},\"sameAs\":[\"https:\/\/www.facebook.com\/neevwatch\",\"https:\/\/www.instagram.com\/neev_watches\/\"]}]}<\/script>\n<!-- \/ Yoast SEO plugin. -->","yoast_head_json":{"title":"???? NEUE 28mm Damenuhr | Square28 | NEEV WATCHES","description":"Amira\u00ae Polished Gold white 28mm quadratische Damenuhr - goldfarbener Stahl mit wei\u00dfem Zifferblatt und glatter L\u00fcnette. Zeitlos und schick.","robots":{"index":"index","follow":"follow","max-snippet":"max-snippet:-1","max-image-preview":"max-image-preview:large","max-video-preview":"max-video-preview:-1"},"canonical":"https:\/\/neevwatches.com\/de\/produkt\/amira\/","og_locale":"de_DE","og_type":"article","og_title":"???? NIEUW | 28mm dameshorloge | Square28 | NEEV WATCHES","og_description":"Amira\u00ae Polished Gold wit 28mm vierkant dameshorloge \u2013 goudkleurig staal met witte wijzerplaat en gladde bezel. Tijdloos en chic.","og_url":"https:\/\/neevwatches.com\/de\/produkt\/amira\/","og_site_name":"Neev Watches","article_publisher":"https:\/\/www.facebook.com\/neevwatch","article_modified_time":"2026-03-27T10:41:33+00:00","og_image":[{"width":1800,"height":1800,"url":"https:\/\/neevwatches.com\/wp-content\/uploads\/2025\/08\/Amira-Houding-1.webp","type":"image\/webp"}],"twitter_card":"summary_large_image","twitter_misc":{"Gesch\u00e4tzte Lesezeit":"1\u00a0Minute"},"schema":{"@context":"https:\/\/schema.org","@graph":[{"@type":"WebPage","@id":"https:\/\/neevwatches.com\/product\/amira\/","url":"https:\/\/neevwatches.com\/product\/amira\/","name":"???? NEUE 28mm Damenuhr | Square28 | NEEV WATCHES","isPartOf":{"@id":"https:\/\/neevwatches.com\/#website"},"primaryImageOfPage":{"@id":"https:\/\/neevwatches.com\/product\/amira\/#primaryimage"},"image":{"@id":"https:\/\/neevwatches.com\/product\/amira\/#primaryimage"},"thumbnailUrl":"https:\/\/neevwatches.com\/wp-content\/uploads\/2025\/08\/Amira-Houding-1.webp","datePublished":"2025-08-24T09:24:55+00:00","dateModified":"2026-03-27T10:41:33+00:00","description":"Amira\u00ae Polished Gold white 28mm quadratische Damenuhr - goldfarbener Stahl mit wei\u00dfem Zifferblatt und glatter L\u00fcnette. Zeitlos und schick.","breadcrumb":{"@id":"https:\/\/neevwatches.com\/product\/amira\/#breadcrumb"},"inLanguage":"de","potentialAction":[{"@type":"ReadAction","target":["https:\/\/neevwatches.com\/product\/amira\/"]}]},{"@type":"ImageObject","inLanguage":"de","@id":"https:\/\/neevwatches.com\/product\/amira\/#primaryimage","url":"https:\/\/neevwatches.com\/wp-content\/uploads\/2025\/08\/Amira-Houding-1.webp","contentUrl":"https:\/\/neevwatches.com\/wp-content\/uploads\/2025\/08\/Amira-Houding-1.webp","width":1800,"height":1800},{"@type":"BreadcrumbList","@id":"https:\/\/neevwatches.com\/product\/amira\/#breadcrumb","itemListElement":[{"@type":"ListItem","position":1,"name":"Home","item":"https:\/\/neevwatches.com\/"},{"@type":"ListItem","position":2,"name":"Online Boutique","item":"https:\/\/neevwatches.com\/online-boutique\/"},{"@type":"ListItem","position":3,"name":"Amira"}]},{"@type":"WebSite","@id":"https:\/\/neevwatches.com\/#website","url":"https:\/\/neevwatches.com\/","name":"Neev Uhren","description":"Das Heute z\u00e4hlt","publisher":{"@id":"https:\/\/neevwatches.com\/#organization"},"potentialAction":[{"@type":"SearchAction","target":{"@type":"EntryPoint","urlTemplate":"https:\/\/neevwatches.com\/?s={search_term_string}"},"query-input":{"@type":"PropertyValueSpecification","valueRequired":true,"valueName":"search_term_string"}}],"inLanguage":"de"},{"@type":"Organization","@id":"https:\/\/neevwatches.com\/#organization","name":"NEEV","url":"https:\/\/neevwatches.com\/","logo":{"@type":"ImageObject","inLanguage":"de","@id":"https:\/\/neevwatches.com\/#\/schema\/logo\/image\/","url":"https:\/\/9d46818e0e.nxcli.io\/wp-content\/uploads\/2021\/08\/Neev.4-PNG-e1661461998192.png","contentUrl":"https:\/\/9d46818e0e.nxcli.io\/wp-content\/uploads\/2021\/08\/Neev.4-PNG-e1661461998192.png","width":1032,"height":480,"caption":"NEEV"},"image":{"@id":"https:\/\/neevwatches.com\/#\/schema\/logo\/image\/"},"sameAs":["https:\/\/www.facebook.com\/neevwatch","https:\/\/www.instagram.com\/neev_watches\/"]}]}},"_links":{"self":[{"href":"https:\/\/neevwatches.com\/de\/wp-json\/wp\/v2\/product\/242239","targetHints":{"allow":["GET"]}}],"collection":[{"href":"https:\/\/neevwatches.com\/de\/wp-json\/wp\/v2\/product"}],"about":[{"href":"https:\/\/neevwatches.com\/de\/wp-json\/wp\/v2\/types\/product"}],"wp:featuredmedia":[{"embeddable":true,"href":"https:\/\/neevwatches.com\/de\/wp-json\/wp\/v2\/media\/242240"}],"wp:attachment":[{"href":"https:\/\/neevwatches.com\/de\/wp-json\/wp\/v2\/media?parent=242239"}],"wp:term":[{"taxonomy":"product_brand","embeddable":true,"href":"https:\/\/neevwatches.com\/de\/wp-json\/wp\/v2\/product_brand?post=242239"},{"taxonomy":"product_cat","embeddable":true,"href":"https:\/\/neevwatches.com\/de\/wp-json\/wp\/v2\/product_cat?post=242239"},{"taxonomy":"product_tag","embeddable":true,"href":"https:\/\/neevwatches.com\/de\/wp-json\/wp\/v2\/product_tag?post=242239"}],"curies":[{"name":"wp","href":"https:\/\/api.w.org\/{rel}","templated":true}]}}