{"id":239494,"date":"2024-10-23T14:06:13","date_gmt":"2024-10-23T12:06:13","guid":{"rendered":"https:\/\/9d46818e0e.nxcli.io\/?post_type=product&#038;p=239494"},"modified":"2026-01-13T23:10:11","modified_gmt":"2026-01-13T22:10:11","slug":"uhrrolle-3-uhren","status":"publish","type":"product","link":"https:\/\/neevwatches.com\/de\/produkt\/uhrrolle-3-uhren\/","title":{"rendered":"Uhrengeh\u00e4use | Watchroll 3 Schloss"},"content":{"rendered":"","protected":false},"excerpt":{"rendered":"<p>Transportiere deine wertvollen Uhren in diesem praktischen Reiseetui. Dieses modische Lederaccessoire f\u00fcr dein Handgep\u00e4ck oder deine Wochenendtasche verhindert, dass deine Uhren besch\u00e4digt werden. Direkt ab Lager erh\u00e4ltlich, solange der Vorrat reicht. Also warte nicht l\u00e4nger und hole dir jetzt dein perfektes Geschenk.<\/p>\n<p>&nbsp;<\/p>\n<h5 style=\"text-align: center;\">Unmittelbar verf\u00fcgbar<\/h5>","protected":false},"featured_media":239508,"template":"","meta":{"_acf_changed":false,"_et_pb_use_builder":"","_et_pb_old_content":"","_et_gb_content_width":""},"product_brand":[],"product_cat":[370],"product_tag":[],"class_list":{"0":"post-239494","1":"product","2":"type-product","3":"status-publish","4":"has-post-thumbnail","6":"product_cat-accessoires","7":"product_shipping_class-accessoires","9":"first","10":"instock","11":"sale","12":"taxable","13":"shipping-taxable","14":"purchasable","15":"product-type-simple"},"acf":{"product_description_image":"","product_description_background_image":"","product_features":"","product_feature_1":{"product_feature_icon":"","product_feature_text":""},"product_feature_2":{"product_feature_icon":"","product_feature_text":""},"product_feature_3":{"product_feature_icon":"","product_feature_text":""},"product_feature_4":{"product_feature_icon":"","product_feature_text":""},"product_feature_5":{"product_feature_icon":"","product_feature_text":""},"product_feature_6":{"product_feature_icon":"","product_feature_text":""},"sfeerbeeld_1":"","sfeerbeeld_2":"","sfeerbeeld_3":""},"yoast_head":"<!-- This site is optimized with the Yoast SEO plugin v26.7 - https:\/\/yoast.com\/wordpress\/plugins\/seo\/ -->\n<title>NEEV WATCHROLL | REISETUI | 3 HORLOGES<\/title>\n<meta name=\"description\" content=\"NEEV Watchroll, het perfecte reisetui voor 3 horloges. Bescherm je waardevolle uurwerk stijlvol en veilig tijdens elke reis.\" \/>\n<meta name=\"robots\" content=\"noindex, nofollow\" \/>\n<meta property=\"og:locale\" content=\"de_DE\" \/>\n<meta property=\"og:type\" content=\"article\" \/>\n<meta property=\"og:title\" content=\"NEEV WATCHROLL | REISETUI | 3 HORLOGES\" \/>\n<meta property=\"og:description\" content=\"NEEV Watchroll, het perfecte reisetui voor 3 horloges. Bescherm je waardevolle uurwerk stijlvol en veilig tijdens elke reis.\" \/>\n<meta property=\"og:url\" content=\"https:\/\/neevwatches.com\/de\/produkt\/uhrrolle-3-uhren\/\" \/>\n<meta property=\"og:site_name\" content=\"Neev Watches\" \/>\n<meta property=\"article:publisher\" content=\"https:\/\/www.facebook.com\/neevwatch\" \/>\n<meta property=\"article:modified_time\" content=\"2026-01-13T22:10:11+00:00\" \/>\n<meta property=\"og:image\" content=\"https:\/\/neevwatches.com\/wp-content\/uploads\/2024\/10\/Watchroll-3-horloges-2.2.webp\" \/>\n\t<meta property=\"og:image:width\" content=\"1200\" \/>\n\t<meta property=\"og:image:height\" content=\"1400\" \/>\n\t<meta property=\"og:image:type\" content=\"image\/webp\" \/>\n<meta name=\"twitter:card\" content=\"summary_large_image\" \/>\n<meta name=\"twitter:label1\" content=\"Gesch\u00e4tzte Lesezeit\" \/>\n\t<meta name=\"twitter:data1\" content=\"1\u00a0Minute\" \/>\n<script type=\"application\/ld+json\" class=\"yoast-schema-graph\">{\"@context\":\"https:\/\/schema.org\",\"@graph\":[{\"@type\":\"WebPage\",\"@id\":\"https:\/\/neevwatches.com\/product\/watchroll3-2\/\",\"url\":\"https:\/\/neevwatches.com\/product\/watchroll3-2\/\",\"name\":\"NEEV WATCHROLL | REISETUI | 3 HORLOGES\",\"isPartOf\":{\"@id\":\"https:\/\/neevwatches.com\/#website\"},\"primaryImageOfPage\":{\"@id\":\"https:\/\/neevwatches.com\/product\/watchroll3-2\/#primaryimage\"},\"image\":{\"@id\":\"https:\/\/neevwatches.com\/product\/watchroll3-2\/#primaryimage\"},\"thumbnailUrl\":\"https:\/\/neevwatches.com\/wp-content\/uploads\/2024\/10\/Watchroll-3-horloges-2.2.webp\",\"datePublished\":\"2024-10-23T12:06:13+00:00\",\"dateModified\":\"2026-01-13T22:10:11+00:00\",\"description\":\"NEEV Watchroll, het perfecte reisetui voor 3 horloges. Bescherm je waardevolle uurwerk stijlvol en veilig tijdens elke reis.\",\"breadcrumb\":{\"@id\":\"https:\/\/neevwatches.com\/product\/watchroll3-2\/#breadcrumb\"},\"inLanguage\":\"de\",\"potentialAction\":[{\"@type\":\"ReadAction\",\"target\":[\"https:\/\/neevwatches.com\/product\/watchroll3-2\/\"]}]},{\"@type\":\"ImageObject\",\"inLanguage\":\"de\",\"@id\":\"https:\/\/neevwatches.com\/product\/watchroll3-2\/#primaryimage\",\"url\":\"https:\/\/neevwatches.com\/wp-content\/uploads\/2024\/10\/Watchroll-3-horloges-2.2.webp\",\"contentUrl\":\"https:\/\/neevwatches.com\/wp-content\/uploads\/2024\/10\/Watchroll-3-horloges-2.2.webp\",\"width\":1200,\"height\":1400},{\"@type\":\"BreadcrumbList\",\"@id\":\"https:\/\/neevwatches.com\/product\/watchroll3-2\/#breadcrumb\",\"itemListElement\":[{\"@type\":\"ListItem\",\"position\":1,\"name\":\"Home\",\"item\":\"https:\/\/neevwatches.com\/\"},{\"@type\":\"ListItem\",\"position\":2,\"name\":\"Online Boutique\",\"item\":\"https:\/\/neevwatches.com\/online-boutique\/\"},{\"@type\":\"ListItem\",\"position\":3,\"name\":\"Horloge etui | Watchroll 3 slot\"}]},{\"@type\":\"WebSite\",\"@id\":\"https:\/\/neevwatches.com\/#website\",\"url\":\"https:\/\/neevwatches.com\/\",\"name\":\"Neev Watches\",\"description\":\"Make Today Count\",\"publisher\":{\"@id\":\"https:\/\/neevwatches.com\/#organization\"},\"potentialAction\":[{\"@type\":\"SearchAction\",\"target\":{\"@type\":\"EntryPoint\",\"urlTemplate\":\"https:\/\/neevwatches.com\/?s={search_term_string}\"},\"query-input\":{\"@type\":\"PropertyValueSpecification\",\"valueRequired\":true,\"valueName\":\"search_term_string\"}}],\"inLanguage\":\"de\"},{\"@type\":\"Organization\",\"@id\":\"https:\/\/neevwatches.com\/#organization\",\"name\":\"NEEV\",\"url\":\"https:\/\/neevwatches.com\/\",\"logo\":{\"@type\":\"ImageObject\",\"inLanguage\":\"de\",\"@id\":\"https:\/\/neevwatches.com\/#\/schema\/logo\/image\/\",\"url\":\"https:\/\/9d46818e0e.nxcli.io\/wp-content\/uploads\/2021\/08\/Neev.4-PNG-e1661461998192.png\",\"contentUrl\":\"https:\/\/9d46818e0e.nxcli.io\/wp-content\/uploads\/2021\/08\/Neev.4-PNG-e1661461998192.png\",\"width\":1032,\"height\":480,\"caption\":\"NEEV\"},\"image\":{\"@id\":\"https:\/\/neevwatches.com\/#\/schema\/logo\/image\/\"},\"sameAs\":[\"https:\/\/www.facebook.com\/neevwatch\",\"https:\/\/www.instagram.com\/neev_watches\/\"]}]}<\/script>\n<!-- \/ Yoast SEO plugin. -->","yoast_head_json":{"title":"NEEV WATCHROLL | REISEETUI | 3 UHREN","description":"NEEV Watchroll, das perfekte Reiseetui f\u00fcr 3 Uhren. Sch\u00fctze deinen wertvollen Zeitmesser stilvoll und sicher auf jeder Reise.","robots":{"index":"noindex","follow":"nofollow"},"og_locale":"de_DE","og_type":"article","og_title":"NEEV WATCHROLL | REISETUI | 3 HORLOGES","og_description":"NEEV Watchroll, het perfecte reisetui voor 3 horloges. Bescherm je waardevolle uurwerk stijlvol en veilig tijdens elke reis.","og_url":"https:\/\/neevwatches.com\/de\/produkt\/uhrrolle-3-uhren\/","og_site_name":"Neev Watches","article_publisher":"https:\/\/www.facebook.com\/neevwatch","article_modified_time":"2026-01-13T22:10:11+00:00","og_image":[{"width":1200,"height":1400,"url":"https:\/\/neevwatches.com\/wp-content\/uploads\/2024\/10\/Watchroll-3-horloges-2.2.webp","type":"image\/webp"}],"twitter_card":"summary_large_image","twitter_misc":{"Gesch\u00e4tzte Lesezeit":"1\u00a0Minute"},"schema":{"@context":"https:\/\/schema.org","@graph":[{"@type":"WebPage","@id":"https:\/\/neevwatches.com\/product\/watchroll3-2\/","url":"https:\/\/neevwatches.com\/product\/watchroll3-2\/","name":"NEEV WATCHROLL | REISEETUI | 3 UHREN","isPartOf":{"@id":"https:\/\/neevwatches.com\/#website"},"primaryImageOfPage":{"@id":"https:\/\/neevwatches.com\/product\/watchroll3-2\/#primaryimage"},"image":{"@id":"https:\/\/neevwatches.com\/product\/watchroll3-2\/#primaryimage"},"thumbnailUrl":"https:\/\/neevwatches.com\/wp-content\/uploads\/2024\/10\/Watchroll-3-horloges-2.2.webp","datePublished":"2024-10-23T12:06:13+00:00","dateModified":"2026-01-13T22:10:11+00:00","description":"NEEV Watchroll, das perfekte Reiseetui f\u00fcr 3 Uhren. Sch\u00fctze deinen wertvollen Zeitmesser stilvoll und sicher auf jeder Reise.","breadcrumb":{"@id":"https:\/\/neevwatches.com\/product\/watchroll3-2\/#breadcrumb"},"inLanguage":"de","potentialAction":[{"@type":"ReadAction","target":["https:\/\/neevwatches.com\/product\/watchroll3-2\/"]}]},{"@type":"ImageObject","inLanguage":"de","@id":"https:\/\/neevwatches.com\/product\/watchroll3-2\/#primaryimage","url":"https:\/\/neevwatches.com\/wp-content\/uploads\/2024\/10\/Watchroll-3-horloges-2.2.webp","contentUrl":"https:\/\/neevwatches.com\/wp-content\/uploads\/2024\/10\/Watchroll-3-horloges-2.2.webp","width":1200,"height":1400},{"@type":"BreadcrumbList","@id":"https:\/\/neevwatches.com\/product\/watchroll3-2\/#breadcrumb","itemListElement":[{"@type":"ListItem","position":1,"name":"Home","item":"https:\/\/neevwatches.com\/"},{"@type":"ListItem","position":2,"name":"Online Boutique","item":"https:\/\/neevwatches.com\/online-boutique\/"},{"@type":"ListItem","position":3,"name":"Horloge etui | Watchroll 3 slot"}]},{"@type":"WebSite","@id":"https:\/\/neevwatches.com\/#website","url":"https:\/\/neevwatches.com\/","name":"Neev Uhren","description":"Das Heute z\u00e4hlt","publisher":{"@id":"https:\/\/neevwatches.com\/#organization"},"potentialAction":[{"@type":"SearchAction","target":{"@type":"EntryPoint","urlTemplate":"https:\/\/neevwatches.com\/?s={search_term_string}"},"query-input":{"@type":"PropertyValueSpecification","valueRequired":true,"valueName":"search_term_string"}}],"inLanguage":"de"},{"@type":"Organization","@id":"https:\/\/neevwatches.com\/#organization","name":"NEEV","url":"https:\/\/neevwatches.com\/","logo":{"@type":"ImageObject","inLanguage":"de","@id":"https:\/\/neevwatches.com\/#\/schema\/logo\/image\/","url":"https:\/\/9d46818e0e.nxcli.io\/wp-content\/uploads\/2021\/08\/Neev.4-PNG-e1661461998192.png","contentUrl":"https:\/\/9d46818e0e.nxcli.io\/wp-content\/uploads\/2021\/08\/Neev.4-PNG-e1661461998192.png","width":1032,"height":480,"caption":"NEEV"},"image":{"@id":"https:\/\/neevwatches.com\/#\/schema\/logo\/image\/"},"sameAs":["https:\/\/www.facebook.com\/neevwatch","https:\/\/www.instagram.com\/neev_watches\/"]}]}},"_links":{"self":[{"href":"https:\/\/neevwatches.com\/de\/wp-json\/wp\/v2\/product\/239494","targetHints":{"allow":["GET"]}}],"collection":[{"href":"https:\/\/neevwatches.com\/de\/wp-json\/wp\/v2\/product"}],"about":[{"href":"https:\/\/neevwatches.com\/de\/wp-json\/wp\/v2\/types\/product"}],"wp:featuredmedia":[{"embeddable":true,"href":"https:\/\/neevwatches.com\/de\/wp-json\/wp\/v2\/media\/239508"}],"wp:attachment":[{"href":"https:\/\/neevwatches.com\/de\/wp-json\/wp\/v2\/media?parent=239494"}],"wp:term":[{"taxonomy":"product_brand","embeddable":true,"href":"https:\/\/neevwatches.com\/de\/wp-json\/wp\/v2\/product_brand?post=239494"},{"taxonomy":"product_cat","embeddable":true,"href":"https:\/\/neevwatches.com\/de\/wp-json\/wp\/v2\/product_cat?post=239494"},{"taxonomy":"product_tag","embeddable":true,"href":"https:\/\/neevwatches.com\/de\/wp-json\/wp\/v2\/product_tag?post=239494"}],"curies":[{"name":"wp","href":"https:\/\/api.w.org\/{rel}","templated":true}]}}