{"id":237355,"date":"2023-11-14T23:54:57","date_gmt":"2023-11-14T22:54:57","guid":{"rendered":"https:\/\/9d46818e0e.nxcli.io\/?post_type=product&#038;p=237355"},"modified":"2026-01-02T14:32:05","modified_gmt":"2026-01-02T13:32:05","slug":"uhrenstander-silber","status":"publish","type":"product","link":"https:\/\/neevwatches.com\/de\/produkt\/uhrenstander-silber\/","title":{"rendered":"Standard Silber - Ausverkauft"},"content":{"rendered":"","protected":false},"excerpt":{"rendered":"<p>Unser Uhrenst\u00e4nder ist nicht einfach nur ein weiteres Accessoire, er ist ein Statement der Raffinesse. Sein schlankes Design und die hochwertigen Materialien wie der Marmorsockel und die Lederplatte verleihen jedem Raum einen Hauch von Klasse. Schenke deiner Uhr die Aufmerksamkeit, die sie verdient, und bestelle jetzt die perfekte Erg\u00e4nzung f\u00fcr jede Uhrensammlung.<\/p>\n<p>H\u00f6he: 15 cm<br \/>\nBreite: 10cm <\/p>\n<p>&nbsp;<\/p>\n<h5 style=\"text-align: center;\">Ausverkauft<\/h5>","protected":false},"featured_media":237357,"template":"","meta":{"_acf_changed":false,"_et_pb_use_builder":"","_et_pb_old_content":"","_et_gb_content_width":""},"product_brand":[],"product_cat":[370],"product_tag":[],"class_list":{"0":"post-237355","1":"product","2":"type-product","3":"status-publish","4":"has-post-thumbnail","6":"product_cat-accessoires","7":"product_shipping_class-accessoires","9":"first","10":"outofstock","11":"taxable","12":"shipping-taxable","13":"purchasable","14":"product-type-simple"},"acf":{"product_description_image":"","product_description_background_image":"","product_features":"","product_feature_1":{"product_feature_icon":"","product_feature_text":""},"product_feature_2":{"product_feature_icon":"","product_feature_text":""},"product_feature_3":{"product_feature_icon":"","product_feature_text":""},"product_feature_4":{"product_feature_icon":"","product_feature_text":""},"product_feature_5":{"product_feature_icon":"","product_feature_text":""},"product_feature_6":{"product_feature_icon":"","product_feature_text":""},"sfeerbeeld_1":"","sfeerbeeld_2":"","sfeerbeeld_3":""},"yoast_head":"<!-- This site is optimized with the Yoast SEO plugin v26.7 - https:\/\/yoast.com\/wordpress\/plugins\/seo\/ -->\n<title>Zilver | Croco Leder Watchstand | NEEV WATCHES | Marmer Voet<\/title>\n<meta name=\"description\" content=\"Stijlvolle zilveren watchstand met croco leder en marmeren voet van NEEV WATCHES. Ontdek de perfecte combinatie van luxe en functionaliteit.\" \/>\n<meta name=\"robots\" content=\"noindex, nofollow\" \/>\n<meta property=\"og:locale\" content=\"de_DE\" \/>\n<meta property=\"og:type\" content=\"article\" \/>\n<meta property=\"og:title\" content=\"Zilver | Croco Leder Watchstand | NEEV WATCHES | Marmer Voet\" \/>\n<meta property=\"og:description\" content=\"Stijlvolle zilveren watchstand met croco leder en marmeren voet van NEEV WATCHES. Ontdek de perfecte combinatie van luxe en functionaliteit.\" \/>\n<meta property=\"og:url\" content=\"https:\/\/neevwatches.com\/de\/produkt\/uhrenstander-silber\/\" \/>\n<meta property=\"og:site_name\" content=\"Neev Watches\" \/>\n<meta property=\"article:publisher\" content=\"https:\/\/www.facebook.com\/neevwatch\" \/>\n<meta property=\"article:modified_time\" content=\"2026-01-02T13:32:05+00:00\" \/>\n<meta property=\"og:image\" content=\"https:\/\/neevwatches.com\/wp-content\/uploads\/2023\/11\/Stand-staal-1.webp\" \/>\n\t<meta property=\"og:image:width\" content=\"1200\" \/>\n\t<meta property=\"og:image:height\" content=\"1400\" \/>\n\t<meta property=\"og:image:type\" content=\"image\/webp\" \/>\n<meta name=\"twitter:card\" content=\"summary_large_image\" \/>\n<meta name=\"twitter:label1\" content=\"Gesch\u00e4tzte Lesezeit\" \/>\n\t<meta name=\"twitter:data1\" content=\"1\u00a0Minute\" \/>\n<script type=\"application\/ld+json\" class=\"yoast-schema-graph\">{\"@context\":\"https:\/\/schema.org\",\"@graph\":[{\"@type\":\"WebPage\",\"@id\":\"https:\/\/neevwatches.com\/product\/horloge-standaard\/\",\"url\":\"https:\/\/neevwatches.com\/product\/horloge-standaard\/\",\"name\":\"Zilver | Croco Leder Watchstand | NEEV WATCHES | Marmer Voet\",\"isPartOf\":{\"@id\":\"https:\/\/neevwatches.com\/#website\"},\"primaryImageOfPage\":{\"@id\":\"https:\/\/neevwatches.com\/product\/horloge-standaard\/#primaryimage\"},\"image\":{\"@id\":\"https:\/\/neevwatches.com\/product\/horloge-standaard\/#primaryimage\"},\"thumbnailUrl\":\"https:\/\/neevwatches.com\/wp-content\/uploads\/2023\/11\/Stand-staal-1.webp\",\"datePublished\":\"2023-11-14T22:54:57+00:00\",\"dateModified\":\"2026-01-02T13:32:05+00:00\",\"description\":\"Stijlvolle zilveren watchstand met croco leder en marmeren voet van NEEV WATCHES. Ontdek de perfecte combinatie van luxe en functionaliteit.\",\"breadcrumb\":{\"@id\":\"https:\/\/neevwatches.com\/product\/horloge-standaard\/#breadcrumb\"},\"inLanguage\":\"de\",\"potentialAction\":[{\"@type\":\"ReadAction\",\"target\":[\"https:\/\/neevwatches.com\/product\/horloge-standaard\/\"]}]},{\"@type\":\"ImageObject\",\"inLanguage\":\"de\",\"@id\":\"https:\/\/neevwatches.com\/product\/horloge-standaard\/#primaryimage\",\"url\":\"https:\/\/neevwatches.com\/wp-content\/uploads\/2023\/11\/Stand-staal-1.webp\",\"contentUrl\":\"https:\/\/neevwatches.com\/wp-content\/uploads\/2023\/11\/Stand-staal-1.webp\",\"width\":1200,\"height\":1400},{\"@type\":\"BreadcrumbList\",\"@id\":\"https:\/\/neevwatches.com\/product\/horloge-standaard\/#breadcrumb\",\"itemListElement\":[{\"@type\":\"ListItem\",\"position\":1,\"name\":\"Home\",\"item\":\"https:\/\/neevwatches.com\/\"},{\"@type\":\"ListItem\",\"position\":2,\"name\":\"Online Boutique\",\"item\":\"https:\/\/neevwatches.com\/online-boutique\/\"},{\"@type\":\"ListItem\",\"position\":3,\"name\":\"Standaard Zilver &#8211; Uitverkocht\"}]},{\"@type\":\"WebSite\",\"@id\":\"https:\/\/neevwatches.com\/#website\",\"url\":\"https:\/\/neevwatches.com\/\",\"name\":\"Neev Watches\",\"description\":\"Make Today Count\",\"publisher\":{\"@id\":\"https:\/\/neevwatches.com\/#organization\"},\"potentialAction\":[{\"@type\":\"SearchAction\",\"target\":{\"@type\":\"EntryPoint\",\"urlTemplate\":\"https:\/\/neevwatches.com\/?s={search_term_string}\"},\"query-input\":{\"@type\":\"PropertyValueSpecification\",\"valueRequired\":true,\"valueName\":\"search_term_string\"}}],\"inLanguage\":\"de\"},{\"@type\":\"Organization\",\"@id\":\"https:\/\/neevwatches.com\/#organization\",\"name\":\"NEEV\",\"url\":\"https:\/\/neevwatches.com\/\",\"logo\":{\"@type\":\"ImageObject\",\"inLanguage\":\"de\",\"@id\":\"https:\/\/neevwatches.com\/#\/schema\/logo\/image\/\",\"url\":\"https:\/\/9d46818e0e.nxcli.io\/wp-content\/uploads\/2021\/08\/Neev.4-PNG-e1661461998192.png\",\"contentUrl\":\"https:\/\/9d46818e0e.nxcli.io\/wp-content\/uploads\/2021\/08\/Neev.4-PNG-e1661461998192.png\",\"width\":1032,\"height\":480,\"caption\":\"NEEV\"},\"image\":{\"@id\":\"https:\/\/neevwatches.com\/#\/schema\/logo\/image\/\"},\"sameAs\":[\"https:\/\/www.facebook.com\/neevwatch\",\"https:\/\/www.instagram.com\/neev_watches\/\"]}]}<\/script>\n<!-- \/ Yoast SEO plugin. -->","yoast_head_json":{"title":"Silber | Krokoleder Uhrenst\u00e4nder | NEEV WATCHES | Marmorsockel","description":"Stilvoller silberner Uhrenst\u00e4nder mit Krokoleder und Marmorsockel von NEEV WATCHES. Entdecke die perfekte Kombination aus Luxus und Funktionalit\u00e4t.","robots":{"index":"noindex","follow":"nofollow"},"og_locale":"de_DE","og_type":"article","og_title":"Zilver | Croco Leder Watchstand | NEEV WATCHES | Marmer Voet","og_description":"Stijlvolle zilveren watchstand met croco leder en marmeren voet van NEEV WATCHES. Ontdek de perfecte combinatie van luxe en functionaliteit.","og_url":"https:\/\/neevwatches.com\/de\/produkt\/uhrenstander-silber\/","og_site_name":"Neev Watches","article_publisher":"https:\/\/www.facebook.com\/neevwatch","article_modified_time":"2026-01-02T13:32:05+00:00","og_image":[{"width":1200,"height":1400,"url":"https:\/\/neevwatches.com\/wp-content\/uploads\/2023\/11\/Stand-staal-1.webp","type":"image\/webp"}],"twitter_card":"summary_large_image","twitter_misc":{"Gesch\u00e4tzte Lesezeit":"1\u00a0Minute"},"schema":{"@context":"https:\/\/schema.org","@graph":[{"@type":"WebPage","@id":"https:\/\/neevwatches.com\/product\/horloge-standaard\/","url":"https:\/\/neevwatches.com\/product\/horloge-standaard\/","name":"Silber | Krokoleder Uhrenst\u00e4nder | NEEV WATCHES | Marmorsockel","isPartOf":{"@id":"https:\/\/neevwatches.com\/#website"},"primaryImageOfPage":{"@id":"https:\/\/neevwatches.com\/product\/horloge-standaard\/#primaryimage"},"image":{"@id":"https:\/\/neevwatches.com\/product\/horloge-standaard\/#primaryimage"},"thumbnailUrl":"https:\/\/neevwatches.com\/wp-content\/uploads\/2023\/11\/Stand-staal-1.webp","datePublished":"2023-11-14T22:54:57+00:00","dateModified":"2026-01-02T13:32:05+00:00","description":"Stilvoller silberner Uhrenst\u00e4nder mit Krokoleder und Marmorsockel von NEEV WATCHES. Entdecke die perfekte Kombination aus Luxus und Funktionalit\u00e4t.","breadcrumb":{"@id":"https:\/\/neevwatches.com\/product\/horloge-standaard\/#breadcrumb"},"inLanguage":"de","potentialAction":[{"@type":"ReadAction","target":["https:\/\/neevwatches.com\/product\/horloge-standaard\/"]}]},{"@type":"ImageObject","inLanguage":"de","@id":"https:\/\/neevwatches.com\/product\/horloge-standaard\/#primaryimage","url":"https:\/\/neevwatches.com\/wp-content\/uploads\/2023\/11\/Stand-staal-1.webp","contentUrl":"https:\/\/neevwatches.com\/wp-content\/uploads\/2023\/11\/Stand-staal-1.webp","width":1200,"height":1400},{"@type":"BreadcrumbList","@id":"https:\/\/neevwatches.com\/product\/horloge-standaard\/#breadcrumb","itemListElement":[{"@type":"ListItem","position":1,"name":"Home","item":"https:\/\/neevwatches.com\/"},{"@type":"ListItem","position":2,"name":"Online Boutique","item":"https:\/\/neevwatches.com\/online-boutique\/"},{"@type":"ListItem","position":3,"name":"Standaard Zilver &#8211; Uitverkocht"}]},{"@type":"WebSite","@id":"https:\/\/neevwatches.com\/#website","url":"https:\/\/neevwatches.com\/","name":"Neev Uhren","description":"Das Heute z\u00e4hlt","publisher":{"@id":"https:\/\/neevwatches.com\/#organization"},"potentialAction":[{"@type":"SearchAction","target":{"@type":"EntryPoint","urlTemplate":"https:\/\/neevwatches.com\/?s={search_term_string}"},"query-input":{"@type":"PropertyValueSpecification","valueRequired":true,"valueName":"search_term_string"}}],"inLanguage":"de"},{"@type":"Organization","@id":"https:\/\/neevwatches.com\/#organization","name":"NEEV","url":"https:\/\/neevwatches.com\/","logo":{"@type":"ImageObject","inLanguage":"de","@id":"https:\/\/neevwatches.com\/#\/schema\/logo\/image\/","url":"https:\/\/9d46818e0e.nxcli.io\/wp-content\/uploads\/2021\/08\/Neev.4-PNG-e1661461998192.png","contentUrl":"https:\/\/9d46818e0e.nxcli.io\/wp-content\/uploads\/2021\/08\/Neev.4-PNG-e1661461998192.png","width":1032,"height":480,"caption":"NEEV"},"image":{"@id":"https:\/\/neevwatches.com\/#\/schema\/logo\/image\/"},"sameAs":["https:\/\/www.facebook.com\/neevwatch","https:\/\/www.instagram.com\/neev_watches\/"]}]}},"_links":{"self":[{"href":"https:\/\/neevwatches.com\/de\/wp-json\/wp\/v2\/product\/237355","targetHints":{"allow":["GET"]}}],"collection":[{"href":"https:\/\/neevwatches.com\/de\/wp-json\/wp\/v2\/product"}],"about":[{"href":"https:\/\/neevwatches.com\/de\/wp-json\/wp\/v2\/types\/product"}],"wp:featuredmedia":[{"embeddable":true,"href":"https:\/\/neevwatches.com\/de\/wp-json\/wp\/v2\/media\/237357"}],"wp:attachment":[{"href":"https:\/\/neevwatches.com\/de\/wp-json\/wp\/v2\/media?parent=237355"}],"wp:term":[{"taxonomy":"product_brand","embeddable":true,"href":"https:\/\/neevwatches.com\/de\/wp-json\/wp\/v2\/product_brand?post=237355"},{"taxonomy":"product_cat","embeddable":true,"href":"https:\/\/neevwatches.com\/de\/wp-json\/wp\/v2\/product_cat?post=237355"},{"taxonomy":"product_tag","embeddable":true,"href":"https:\/\/neevwatches.com\/de\/wp-json\/wp\/v2\/product_tag?post=237355"}],"curies":[{"name":"wp","href":"https:\/\/api.w.org\/{rel}","templated":true}]}}