{"id":236063,"date":"2023-07-11T18:28:20","date_gmt":"2023-07-11T16:28:20","guid":{"rendered":"https:\/\/9d46818e0e.nxcli.io\/?post_type=product&#038;p=236063"},"modified":"2026-04-07T11:06:27","modified_gmt":"2026-04-07T09:06:27","slug":"feder-3","status":"publish","type":"product","link":"https:\/\/neevwatches.com\/de\/produkt\/feder-3\/","title":{"rendered":"Lola"},"content":{"rendered":"<p>[et_pb_section fb_built=\"1\u2033 disabled_on=\"off|off|off\" _builder_version=\"4.22.1\u2033 _module_preset=\"default\" background_colour=\"#000000\u2033 width=\"100%\" width_tablet=\"100%\" width_phone=\"100%\" width_last_edited=\"on|phone\" max_width=\"100%\" height=\"1300px\" height_tablet=\"\" height_phone=\"1025px\" height_last_edited=\"on|desktop\" global_colors_info=\"{}\"][et_pb_row _builder_version=\"4.21.0\u2033 _module_preset=\"default\" width_tablet=\"\" width_phone=\"80%\" width_last_edited=\"on|desktop\" module_alignment=\"centre\" global_colors_info=\"{}\"][et_pb_column type=\"4_4\u2033 _builder_version=\"4.17.4\u2033 _module_preset=\"default\" global_colors_info=\"{}\"][et_pb_text content_tablet=\"\"<\/p>\n<h3>Mit Leidenschaft entworfen, mit Handwerkskunst hergestellt<\/h3>\n<p>Eine verschraubte Krone, wasserdicht bis 100 Meter, hochwertiger nickelfreier Stahl, kratzfestes Saphirglas und ein zuverl\u00e4ssiges japanisches Uhrwerk. Ein luxuri\u00f6ser Look zu einem fairen und zuverl\u00e4ssigen Preis.<\/p>\n<p>\" content_phone=\"<br \/>\nEine verschraubte Krone, wasserdicht bis 100 Meter, hochwertiger nickelfreier Stahl, kratzfestes Saphirglas und ein zuverl\u00e4ssiges japanisches Uhrwerk. Ein luxuri\u00f6ser Look zu einem fairen und zuverl\u00e4ssigen Preis.\" content_last_edited=\"off|phone\" disabled_on=\"off|off|off\" _builder_version=\"4.21.0\u2033 _module_preset=\"default\" text_font=\"|800||on|||||\" text_text_colour=\"#ffffff\" text_font_size=\"24px\" header_font=\"|800|||||||\" header_text_color=\"#ffffff\" header_3_font=\"|700||auf|||||\" header_3_text_align=\"center\" header_3_text_color=\"#ffffff\" header_3_font_size=\"21px\" text_orientation=\"centre\" max_width=\"450px\" module_alignment=\"centre\" custom_margin=\"5px||||false|false\" custom_margin_tablet=\"5px||||false|false\" custom_margin_phone=\"0px||||false|false\" custom_margin_last_edited=\"on|phone\" custom_padding=\"||||false|false\" text_font_size_tablet=\"\" text_font_size_phone=\"27px\" text_font_size_last_edited=\"on|phone\" header_text_align_tablet=\"\" header_text_align_phone=\"left\" header_text_align_last_edited=\"on|phone\" header_3_text_align_tablet=\"centre\" header_3_text_align_phone=\"left\" header_3_text_align_last_edited=\"on|desktop\" header_3_font_size_tablet=\"21px\" header_3_font_size_phone=\"18px\" header_3_font_size_last_edited=\"on|phone\" text_orientation_tablet=\"centre\" text_orientation_phone=\"left\" text_orientation_last_edited=\"on|phone\" global_colors_info=\"{}\"]<\/p>\n<p>Geboren aus Inspiration, <br \/>gepr\u00e4gt von Leidenschaft<\/p>\n<p>[\/et_pb_text][et_pb_text content_tablet=\"<\/p>\n<h3>Mit Leidenschaft entworfen, mit Handwerkskunst hergestellt<\/h3>\n<p>Eine verschraubte Krone, wasserdicht bis 100 Meter, hochwertiger nickelfreier Stahl, kratzfestes Saphirglas und ein zuverl\u00e4ssiges japanisches Uhrwerk. Ein luxuri\u00f6ser Look zu einem fairen und zuverl\u00e4ssigen Preis.<\/p>\n<p>\" content_phone=\"<br \/>\nEine verschraubte Krone, wasserdicht bis 100 Meter, hochwertiger nickelfreier Stahl, kratzfestes Saphirglas und ein zuverl\u00e4ssiges japanisches Uhrwerk. Ein luxuri\u00f6ser Look zu einem fairen und zuverl\u00e4ssigen Preis.\" content_last_edited=\"off|phone\" disabled_on=\"off|off|off\" _builder_version=\"4.21.0\u2033 _module_preset=\"default\" text_text_color=\"#ffffff\" header_font=\"|800|||||||\" header_text_color=\"#ffffff\" header_3_font=\"|700||on|||||\" header_3_text_align=\"centre\" header_3_text_color=\"#ffffff\" header_3_font_size=\"21px\" text_orientation=\"centre\" max_width=\"450px\" module_alignment=\"centre\" custom_padding=\"||30px||false|false\" text_font_size_tablet=\"\" text_font_size_phone=\"14px\" text_font_size_last_edited=\"on|phone\" header_text_align_tablet=\"\" header_text_align_phone=\"left\" header_text_align_last_edited=\"on|phone\" header_3_text_align_tablet=\"centre\" header_3_text_align_phone=\"left\" header_3_text_align_last_edited=\"on|desktop\" header_3_font_size_tablet=\"21px\" header_3_font_size_phone=\"18px\" header_3_font_size_last_edited=\"on|phone\" text_orientation_tablet=\"centre\" text_orientation_phone=\"left\" text_orientation_last_edited=\"on|phone\" global_colors_info=\"{}\"]<\/p>\n<p class=\"p1\">Ein mit Swarovski-Steinen besetztes Perlmuttzifferblatt, hochwertiger nickelfreier Stahl, kratzfestes Saphirglas und wasserdicht bis 100 Meter. Kurzum, das ultimative Schmuckst\u00fcck f\u00fcr die moderne Frau, die gerne auff\u00e4llt.<\/p>\n<p>[\/et_pb_text][\/et_pb_column][\/et_pb_row][et_pb_row disabled_on=&#8221;off|off|off&#8221; admin_label=&#8221;Visual full screen&#8221; _builder_version=&#8221;4.22.1&#8243; _module_preset=&#8221;default&#8221; background_image=&#8221;https:\/\/neevwatches.com\/wp-content\/uploads\/2023\/11\/Lola-Banner-desktop.webp&#8221; width=&#8221;100%&#8221; max_width=&#8221;100%&#8221; min_height=&#8221;950px&#8221; min_height_tablet=&#8221;950px&#8221; min_height_phone=&#8221;640px&#8221; min_height_last_edited=&#8221;on|phone&#8221; custom_margin=&#8221;||||false|false&#8221; custom_margin_tablet=&#8221;||||false|false&#8221; custom_margin_phone=&#8221;||||false|false&#8221; custom_margin_last_edited=&#8221;on|phone&#8221; hover_enabled=&#8221;0&#8243; background_last_edited=&#8221;on|phone&#8221; background_enable_image_phone=&#8221;on&#8221; background_size_phone=&#8221;cover&#8221; background_position_phone=&#8221;top_center&#8221; background_enable_video_webm_phone=&#8221;off&#8221; global_colors_info=&#8221;{}&#8221; title_text=&#8221;Lola Banner Mobiel 2.0&#8243; sticky_enabled=&#8221;0&#8243; background_image_phone=&#8221;https:\/\/neevwatches.com\/wp-content\/uploads\/2023\/07\/Lola-Banner-Mobiel-2.0.webp&#8221;][et_pb_column type=&#8221;4_4&#8243; _builder_version=&#8221;4.17.4&#8243; _module_preset=&#8221;default&#8221; global_colors_info=&#8221;{}&#8221;][\/et_pb_column][\/et_pb_row][\/et_pb_section]<\/p>","protected":false},"excerpt":{"rendered":"<p>Die Lola ist eine Uhr f\u00fcr jeden Anlass oder sogar eine Uhr, die du als Frau am liebsten jeden Tag tragen w\u00fcrdest. Die Farbkombination passt n\u00e4mlich perfekt zu jedem Outfit und ist bei jedem Termin dezent pr\u00e4sent.<\/p>\n<p>&nbsp;<\/p>\n<h5 style=\"text-align: center;\"><span style=\"color: #ededed; font-size: 16px; text-align: center;\">Unmittelbar verf\u00fcgbar<\/span><\/h5>","protected":false},"featured_media":236019,"template":"","meta":{"_acf_changed":false,"_et_pb_use_builder":"on","_et_pb_old_content":"","_et_gb_content_width":""},"product_brand":[],"product_cat":[15],"product_tag":[],"class_list":{"0":"post-236063","1":"product","2":"type-product","3":"status-publish","4":"has-post-thumbnail","6":"product_cat-date34","7":"product_shipping_class-gratis","9":"first","10":"instock","11":"taxable","12":"shipping-taxable","13":"purchasable","14":"product-type-simple"},"acf":{"product_description_image":"","product_description_background_image":"","product_features":"","product_feature_1":{"product_feature_icon":"","product_feature_text":""},"product_feature_2":{"product_feature_icon":"","product_feature_text":""},"product_feature_3":{"product_feature_icon":"","product_feature_text":""},"product_feature_4":{"product_feature_icon":"","product_feature_text":""},"product_feature_5":{"product_feature_icon":"","product_feature_text":""},"product_feature_6":{"product_feature_icon":"","product_feature_text":""},"sfeerbeeld_1":"","sfeerbeeld_2":"","sfeerbeeld_3":""},"yoast_head":"<!-- This site is optimized with the Yoast SEO plugin v26.7 - https:\/\/yoast.com\/wordpress\/plugins\/seo\/ -->\n<title>LOLA dames horloge | Date34 | NEEV WATCHES<\/title>\n<meta name=\"description\" content=\"De Lola is een horloge voor elke gelegenheid of zelfs een horloge wat je als vrouw iedere dag graag draagt. Past perfect bij elke outfit.\" \/>\n<meta name=\"robots\" content=\"index, follow, max-snippet:-1, max-image-preview:large, max-video-preview:-1\" \/>\n<link rel=\"canonical\" href=\"https:\/\/neevwatches.com\/de\/produkt\/feder-3\/\" \/>\n<meta property=\"og:locale\" content=\"de_DE\" \/>\n<meta property=\"og:type\" content=\"article\" \/>\n<meta property=\"og:title\" content=\"LOLA dames horloge | Date34 | NEEV WATCHES\" \/>\n<meta property=\"og:description\" content=\"De Lola is een horloge voor elke gelegenheid of zelfs een horloge wat je als vrouw iedere dag graag draagt. Past perfect bij elke outfit.\" \/>\n<meta property=\"og:url\" content=\"https:\/\/neevwatches.com\/de\/produkt\/feder-3\/\" \/>\n<meta property=\"og:site_name\" content=\"Neev Watches\" \/>\n<meta property=\"article:publisher\" content=\"https:\/\/www.facebook.com\/neevwatch\" \/>\n<meta property=\"article:modified_time\" content=\"2026-04-07T09:06:27+00:00\" \/>\n<meta property=\"og:image\" content=\"https:\/\/neevwatches.com\/wp-content\/uploads\/2023\/07\/Lola-Houding-1.webp\" \/>\n\t<meta property=\"og:image:width\" content=\"1200\" \/>\n\t<meta property=\"og:image:height\" content=\"1400\" \/>\n\t<meta property=\"og:image:type\" content=\"image\/webp\" \/>\n<meta name=\"twitter:card\" content=\"summary_large_image\" \/>\n<meta name=\"twitter:label1\" content=\"Gesch\u00e4tzte Lesezeit\" \/>\n\t<meta name=\"twitter:data1\" content=\"2\u00a0Minuten\" \/>\n<script type=\"application\/ld+json\" class=\"yoast-schema-graph\">{\"@context\":\"https:\/\/schema.org\",\"@graph\":[{\"@type\":\"WebPage\",\"@id\":\"https:\/\/neevwatches.com\/product\/lola\/\",\"url\":\"https:\/\/neevwatches.com\/product\/lola\/\",\"name\":\"LOLA dames horloge | Date34 | NEEV WATCHES\",\"isPartOf\":{\"@id\":\"https:\/\/neevwatches.com\/#website\"},\"primaryImageOfPage\":{\"@id\":\"https:\/\/neevwatches.com\/product\/lola\/#primaryimage\"},\"image\":{\"@id\":\"https:\/\/neevwatches.com\/product\/lola\/#primaryimage\"},\"thumbnailUrl\":\"https:\/\/neevwatches.com\/wp-content\/uploads\/2023\/07\/Lola-Houding-1.webp\",\"datePublished\":\"2023-07-11T16:28:20+00:00\",\"dateModified\":\"2026-04-07T09:06:27+00:00\",\"description\":\"De Lola is een horloge voor elke gelegenheid of zelfs een horloge wat je als vrouw iedere dag graag draagt. Past perfect bij elke outfit.\",\"breadcrumb\":{\"@id\":\"https:\/\/neevwatches.com\/product\/lola\/#breadcrumb\"},\"inLanguage\":\"de\",\"potentialAction\":[{\"@type\":\"ReadAction\",\"target\":[\"https:\/\/neevwatches.com\/product\/lola\/\"]}]},{\"@type\":\"ImageObject\",\"inLanguage\":\"de\",\"@id\":\"https:\/\/neevwatches.com\/product\/lola\/#primaryimage\",\"url\":\"https:\/\/neevwatches.com\/wp-content\/uploads\/2023\/07\/Lola-Houding-1.webp\",\"contentUrl\":\"https:\/\/neevwatches.com\/wp-content\/uploads\/2023\/07\/Lola-Houding-1.webp\",\"width\":1200,\"height\":1400,\"caption\":\"Lola horloge\"},{\"@type\":\"BreadcrumbList\",\"@id\":\"https:\/\/neevwatches.com\/product\/lola\/#breadcrumb\",\"itemListElement\":[{\"@type\":\"ListItem\",\"position\":1,\"name\":\"Home\",\"item\":\"https:\/\/neevwatches.com\/\"},{\"@type\":\"ListItem\",\"position\":2,\"name\":\"Online Boutique\",\"item\":\"https:\/\/neevwatches.com\/online-boutique\/\"},{\"@type\":\"ListItem\",\"position\":3,\"name\":\"Lola\"}]},{\"@type\":\"WebSite\",\"@id\":\"https:\/\/neevwatches.com\/#website\",\"url\":\"https:\/\/neevwatches.com\/\",\"name\":\"Neev Watches\",\"description\":\"Make Today Count\",\"publisher\":{\"@id\":\"https:\/\/neevwatches.com\/#organization\"},\"potentialAction\":[{\"@type\":\"SearchAction\",\"target\":{\"@type\":\"EntryPoint\",\"urlTemplate\":\"https:\/\/neevwatches.com\/?s={search_term_string}\"},\"query-input\":{\"@type\":\"PropertyValueSpecification\",\"valueRequired\":true,\"valueName\":\"search_term_string\"}}],\"inLanguage\":\"de\"},{\"@type\":\"Organization\",\"@id\":\"https:\/\/neevwatches.com\/#organization\",\"name\":\"NEEV\",\"url\":\"https:\/\/neevwatches.com\/\",\"logo\":{\"@type\":\"ImageObject\",\"inLanguage\":\"de\",\"@id\":\"https:\/\/neevwatches.com\/#\/schema\/logo\/image\/\",\"url\":\"https:\/\/9d46818e0e.nxcli.io\/wp-content\/uploads\/2021\/08\/Neev.4-PNG-e1661461998192.png\",\"contentUrl\":\"https:\/\/9d46818e0e.nxcli.io\/wp-content\/uploads\/2021\/08\/Neev.4-PNG-e1661461998192.png\",\"width\":1032,\"height\":480,\"caption\":\"NEEV\"},\"image\":{\"@id\":\"https:\/\/neevwatches.com\/#\/schema\/logo\/image\/\"},\"sameAs\":[\"https:\/\/www.facebook.com\/neevwatch\",\"https:\/\/www.instagram.com\/neev_watches\/\"]}]}<\/script>\n<!-- \/ Yoast SEO plugin. -->","yoast_head_json":{"title":"LOLA Damenuhr | Date34 | NEEV WATCHES","description":"Die Lola ist eine Uhr f\u00fcr jeden Anlass oder sogar eine Uhr, die du als Frau am liebsten jeden Tag tragen w\u00fcrdest. Passt perfekt zu jedem Outfit.","robots":{"index":"index","follow":"follow","max-snippet":"max-snippet:-1","max-image-preview":"max-image-preview:large","max-video-preview":"max-video-preview:-1"},"canonical":"https:\/\/neevwatches.com\/de\/produkt\/feder-3\/","og_locale":"de_DE","og_type":"article","og_title":"LOLA dames horloge | Date34 | NEEV WATCHES","og_description":"De Lola is een horloge voor elke gelegenheid of zelfs een horloge wat je als vrouw iedere dag graag draagt. Past perfect bij elke outfit.","og_url":"https:\/\/neevwatches.com\/de\/produkt\/feder-3\/","og_site_name":"Neev Watches","article_publisher":"https:\/\/www.facebook.com\/neevwatch","article_modified_time":"2026-04-07T09:06:27+00:00","og_image":[{"width":1200,"height":1400,"url":"https:\/\/neevwatches.com\/wp-content\/uploads\/2023\/07\/Lola-Houding-1.webp","type":"image\/webp"}],"twitter_card":"summary_large_image","twitter_misc":{"Gesch\u00e4tzte Lesezeit":"2\u00a0Minuten"},"schema":{"@context":"https:\/\/schema.org","@graph":[{"@type":"WebPage","@id":"https:\/\/neevwatches.com\/product\/lola\/","url":"https:\/\/neevwatches.com\/product\/lola\/","name":"LOLA Damenuhr | Date34 | NEEV WATCHES","isPartOf":{"@id":"https:\/\/neevwatches.com\/#website"},"primaryImageOfPage":{"@id":"https:\/\/neevwatches.com\/product\/lola\/#primaryimage"},"image":{"@id":"https:\/\/neevwatches.com\/product\/lola\/#primaryimage"},"thumbnailUrl":"https:\/\/neevwatches.com\/wp-content\/uploads\/2023\/07\/Lola-Houding-1.webp","datePublished":"2023-07-11T16:28:20+00:00","dateModified":"2026-04-07T09:06:27+00:00","description":"Die Lola ist eine Uhr f\u00fcr jeden Anlass oder sogar eine Uhr, die du als Frau am liebsten jeden Tag tragen w\u00fcrdest. Passt perfekt zu jedem Outfit.","breadcrumb":{"@id":"https:\/\/neevwatches.com\/product\/lola\/#breadcrumb"},"inLanguage":"de","potentialAction":[{"@type":"ReadAction","target":["https:\/\/neevwatches.com\/product\/lola\/"]}]},{"@type":"ImageObject","inLanguage":"de","@id":"https:\/\/neevwatches.com\/product\/lola\/#primaryimage","url":"https:\/\/neevwatches.com\/wp-content\/uploads\/2023\/07\/Lola-Houding-1.webp","contentUrl":"https:\/\/neevwatches.com\/wp-content\/uploads\/2023\/07\/Lola-Houding-1.webp","width":1200,"height":1400,"caption":"Lola horloge"},{"@type":"BreadcrumbList","@id":"https:\/\/neevwatches.com\/product\/lola\/#breadcrumb","itemListElement":[{"@type":"ListItem","position":1,"name":"Home","item":"https:\/\/neevwatches.com\/"},{"@type":"ListItem","position":2,"name":"Online Boutique","item":"https:\/\/neevwatches.com\/online-boutique\/"},{"@type":"ListItem","position":3,"name":"Lola"}]},{"@type":"WebSite","@id":"https:\/\/neevwatches.com\/#website","url":"https:\/\/neevwatches.com\/","name":"Neev Uhren","description":"Das Heute z\u00e4hlt","publisher":{"@id":"https:\/\/neevwatches.com\/#organization"},"potentialAction":[{"@type":"SearchAction","target":{"@type":"EntryPoint","urlTemplate":"https:\/\/neevwatches.com\/?s={search_term_string}"},"query-input":{"@type":"PropertyValueSpecification","valueRequired":true,"valueName":"search_term_string"}}],"inLanguage":"de"},{"@type":"Organization","@id":"https:\/\/neevwatches.com\/#organization","name":"NEEV","url":"https:\/\/neevwatches.com\/","logo":{"@type":"ImageObject","inLanguage":"de","@id":"https:\/\/neevwatches.com\/#\/schema\/logo\/image\/","url":"https:\/\/9d46818e0e.nxcli.io\/wp-content\/uploads\/2021\/08\/Neev.4-PNG-e1661461998192.png","contentUrl":"https:\/\/9d46818e0e.nxcli.io\/wp-content\/uploads\/2021\/08\/Neev.4-PNG-e1661461998192.png","width":1032,"height":480,"caption":"NEEV"},"image":{"@id":"https:\/\/neevwatches.com\/#\/schema\/logo\/image\/"},"sameAs":["https:\/\/www.facebook.com\/neevwatch","https:\/\/www.instagram.com\/neev_watches\/"]}]}},"_links":{"self":[{"href":"https:\/\/neevwatches.com\/de\/wp-json\/wp\/v2\/product\/236063","targetHints":{"allow":["GET"]}}],"collection":[{"href":"https:\/\/neevwatches.com\/de\/wp-json\/wp\/v2\/product"}],"about":[{"href":"https:\/\/neevwatches.com\/de\/wp-json\/wp\/v2\/types\/product"}],"wp:featuredmedia":[{"embeddable":true,"href":"https:\/\/neevwatches.com\/de\/wp-json\/wp\/v2\/media\/236019"}],"wp:attachment":[{"href":"https:\/\/neevwatches.com\/de\/wp-json\/wp\/v2\/media?parent=236063"}],"wp:term":[{"taxonomy":"product_brand","embeddable":true,"href":"https:\/\/neevwatches.com\/de\/wp-json\/wp\/v2\/product_brand?post=236063"},{"taxonomy":"product_cat","embeddable":true,"href":"https:\/\/neevwatches.com\/de\/wp-json\/wp\/v2\/product_cat?post=236063"},{"taxonomy":"product_tag","embeddable":true,"href":"https:\/\/neevwatches.com\/de\/wp-json\/wp\/v2\/product_tag?post=236063"}],"curies":[{"name":"wp","href":"https:\/\/api.w.org\/{rel}","templated":true}]}}