{"id":233594,"date":"2022-11-15T14:43:54","date_gmt":"2022-11-15T13:43:54","guid":{"rendered":"https:\/\/9d46818e0e.nxcli.io\/?post_type=product&#038;p=233594"},"modified":"2025-12-02T10:30:20","modified_gmt":"2025-12-02T09:30:20","slug":"gustav","status":"publish","type":"product","link":"https:\/\/neevwatches.com\/de\/produkt\/gustav\/","title":{"rendered":"Gustav"},"content":{"rendered":"<p>[et_pb_section fb_built=\"1\u2033 disabled_on=\"off|off|off\" _builder_version=\"4.21.0\u2033 _module_preset=\"default\" background_color=\"#000000\u2033 width=\"100%\" width_tablet=\"100%\" width_phone=\"100%\" width_last_edited=\"on|phone\" max_width=\"100%\" global_colors_info=\"{}\"][et_pb_row _builder_version=\"4.21.0\u2033 _module_preset=\"default\" width_tablet=\"\" width_phone=\"80%\" width_last_edited=\"on|desktop\" module_alignment=\"centre\" global_colors_info=\"{}\"][et_pb_column type=\"4_4\u2033 _builder_version=\"4.17.4\u2033 _module_preset=\"default\" global_colors_info=\"{}\"][et_pb_text content_tablet=\"\"<\/p>\n<h3>Mit Leidenschaft entworfen, mit Handwerkskunst hergestellt<\/h3>\n<p>Eine verschraubte Krone, wasserdicht bis 100 Meter, hochwertiger nickelfreier Stahl, kratzfestes Saphirglas und ein zuverl\u00e4ssiges japanisches Uhrwerk. Ein luxuri\u00f6ser Look zu einem fairen und zuverl\u00e4ssigen Preis.<\/p>\n<p>\" content_phone=\"<br \/>\nEine verschraubte Krone, wasserdicht bis 100 Meter, hochwertiger nickelfreier Stahl, kratzfestes Saphirglas und ein zuverl\u00e4ssiges japanisches Uhrwerk. Ein luxuri\u00f6ser Look zu einem fairen und zuverl\u00e4ssigen Preis.\" content_last_edited=\"off|phone\" disabled_on=\"off|off|off\" _builder_version=\"4.21.0\u2033 _module_preset=\"default\" text_font=\"|800||on|||||\" text_text_colour=\"#ffffff\" text_font_size=\"24px\" header_font=\"|800|||||||\" header_text_color=\"#ffffff\" header_3_font=\"|700||auf|||||\" header_3_text_align=\"center\" header_3_text_color=\"#ffffff\" header_3_font_size=\"21px\" text_orientation=\"centre\" max_width=\"450px\" module_alignment=\"centre\" custom_margin=\"5px||||false|false\" custom_margin_tablet=\"5px||||false|false\" custom_margin_phone=\"0px||||false|false\" custom_margin_last_edited=\"on|phone\" custom_padding=\"||||false|false\" text_font_size_tablet=\"\" text_font_size_phone=\"27px\" text_font_size_last_edited=\"on|phone\" header_text_align_tablet=\"\" header_text_align_phone=\"left\" header_text_align_last_edited=\"on|phone\" header_3_text_align_tablet=\"centre\" header_3_text_align_phone=\"left\" header_3_text_align_last_edited=\"on|desktop\" header_3_font_size_tablet=\"21px\" header_3_font_size_phone=\"18px\" header_3_font_size_last_edited=\"on|phone\" text_orientation_tablet=\"centre\" text_orientation_phone=\"left\" text_orientation_last_edited=\"on|phone\" global_colors_info=\"{}\"]<\/p>\n<p>Mit Leidenschaft entworfen, mit Handwerkskunst hergestellt.<\/p>\n<p>[\/et_pb_text][et_pb_text content_tablet=\"<\/p>\n<h3>Mit Leidenschaft entworfen, mit Handwerkskunst hergestellt<\/h3>\n<p>Eine verschraubte Krone, wasserdicht bis 100 Meter, hochwertiger nickelfreier Stahl, kratzfestes Saphirglas und ein zuverl\u00e4ssiges japanisches Uhrwerk. Ein luxuri\u00f6ser Look zu einem fairen und zuverl\u00e4ssigen Preis.<\/p>\n<p>\" content_phone=\"<br \/>\nEine verschraubte Krone, wasserdicht bis 100 Meter, hochwertiger nickelfreier Stahl, kratzfestes Saphirglas und ein zuverl\u00e4ssiges japanisches Uhrwerk. Ein luxuri\u00f6ser Look zu einem fairen und zuverl\u00e4ssigen Preis.\" content_last_edited=\"off|phone\" disabled_on=\"off|off|off\" _builder_version=\"4.21.0\u2033 _module_preset=\"default\" text_text_color=\"#ffffff\" header_font=\"|800|||||||\" header_text_color=\"#ffffff\" header_3_font=\"|700||on|||||\" header_3_text_align=\"centre\" header_3_text_color=\"#ffffff\" header_3_font_size=\"21px\" text_orientation=\"centre\" max_width=\"450px\" module_alignment=\"centre\" custom_padding=\"||30px||false|false\" text_font_size_tablet=\"\" text_font_size_phone=\"14px\" text_font_size_last_edited=\"on|phone\" header_text_align_tablet=\"\" header_text_align_phone=\"left\" header_text_align_last_edited=\"on|phone\" header_3_text_align_tablet=\"centre\" header_3_text_align_phone=\"left\" header_3_text_align_last_edited=\"on|desktop\" header_3_font_size_tablet=\"21px\" header_3_font_size_phone=\"18px\" header_3_font_size_last_edited=\"on|phone\" text_orientation_tablet=\"centre\" text_orientation_phone=\"left\" text_orientation_last_edited=\"on|phone\" global_colors_info=\"{}\"]<\/p>\n<p>Eine verschraubte Krone, wasserdicht bis 100 Meter, hochwertiger nickelfreier Stahl, kratzfestes Saphirglas und ein zuverl\u00e4ssiges japanisches Uhrwerk. Kurz gesagt, eine leistungsstarke und luxuri\u00f6se Uhr, die ihre Preisklasse \u00fcbersteigt.<\/p>\n<p>[\/et_pb_text][\/et_pb_column][\/et_pb_row][et_pb_row disabled_on=\"off|off|off\" admin_label=\"Visual full screen\" _builder_version=\"4.21.0\u2033 _module_preset=\"default\" background_image=\"https:\/\/neevwatches.com\/wp-content\/uploads\/2022\/11\/Gustav-Desktop.webp\" width=\"100%\" max_width=\"100%\" min_height=\"950px\" min_height_tablet=\"950px\" min_height_phone=\"640px\" min_height_last_edited=\"on|phone\" custom_margin=\"||||false|false\" custom_margin_tablet=\"||||false|false\" custom_margin_phone=\"||||false|false\" custom_margin_last_edited=\"on|phone\" background_last_edited=\"on|phone\" background_image_phone=\"https:\/\/neevwatches.com\/wp-content\/uploads\/2023\/04\/20-03-2023-Neev-2-scaled.webp\" background_enable_image_phone=\"on\" background_size_phone=\"cover\" background_position_phone=\"top_center\" global_colors_info=\"{}\"][et_pb_column type=\"4_4\u2033 _builder_version=\"4.17.4\u2033 _module_preset=\"default\" global_colors_info=\"{}\"][\/et_pb_column][\/et_pb_row][\/et_pb_section]<\/p>","protected":false},"excerpt":{"rendered":"<p><span style=\"color: #ffffff;\">Der Gustav ist eine atemberaubende Erscheinung und wirkt bei jeder Gelegenheit sehr stilvoll. Der robuste Stahl mit dem gl\u00e4nzenden Gold verleiht dieser Uhr einen ganz eigenen Charakter. Der Gustav ist authentisch, elegant und zeitlos.<\/span><\/p>\n<p>&nbsp;<\/p>\n<h5 style=\"text-align: center;\"><span style=\"color: #ffffff;\">Online Ausverkauft<\/span><\/h5>","protected":false},"featured_media":243847,"template":"","meta":{"_acf_changed":false,"_et_pb_use_builder":"on","_et_pb_old_content":"","_et_gb_content_width":""},"product_brand":[],"product_cat":[354],"product_tag":[],"class_list":{"0":"post-233594","1":"product","2":"type-product","3":"status-publish","4":"has-post-thumbnail","6":"product_cat-daydate42","8":"first","9":"outofstock","10":"taxable","11":"shipping-taxable","12":"purchasable","13":"product-type-simple"},"acf":{"product_description_image":"","product_description_background_image":"","product_features":"","product_feature_1":{"product_feature_icon":"","product_feature_text":""},"product_feature_2":{"product_feature_icon":"","product_feature_text":""},"product_feature_3":{"product_feature_icon":"","product_feature_text":""},"product_feature_4":{"product_feature_icon":"","product_feature_text":""},"product_feature_5":{"product_feature_icon":"","product_feature_text":""},"product_feature_6":{"product_feature_icon":"","product_feature_text":""},"sfeerbeeld_1":"","sfeerbeeld_2":"","sfeerbeeld_3":""},"yoast_head":"<!-- This site is optimized with the Yoast SEO plugin v26.7 - https:\/\/yoast.com\/wordpress\/plugins\/seo\/ -->\n<title>GUSTAV heren horloge | Day&amp;Date | NEEV WATCHES<\/title>\n<meta name=\"description\" content=\"Het robuuste staal met het glanzende goud geeft dit horloge een bijzonder eigen karakter. De Gustav is authentiek, elegant en tijdloos.\" \/>\n<meta name=\"robots\" content=\"index, follow, max-snippet:-1, max-image-preview:large, max-video-preview:-1\" \/>\n<link rel=\"canonical\" href=\"https:\/\/neevwatches.com\/de\/produkt\/gustav\/\" \/>\n<meta property=\"og:locale\" content=\"de_DE\" \/>\n<meta property=\"og:type\" content=\"article\" \/>\n<meta property=\"og:title\" content=\"GUSTAV heren horloge | Day&amp;Date | NEEV WATCHES\" \/>\n<meta property=\"og:description\" content=\"Het robuuste staal met het glanzende goud geeft dit horloge een bijzonder eigen karakter. De Gustav is authentiek, elegant en tijdloos.\" \/>\n<meta property=\"og:url\" content=\"https:\/\/neevwatches.com\/de\/produkt\/gustav\/\" \/>\n<meta property=\"og:site_name\" content=\"Neev Watches\" \/>\n<meta property=\"article:publisher\" content=\"https:\/\/www.facebook.com\/neevwatch\" \/>\n<meta property=\"article:modified_time\" content=\"2025-12-02T09:30:20+00:00\" \/>\n<meta property=\"og:image\" content=\"https:\/\/neevwatches.com\/wp-content\/uploads\/2022\/10\/Gustav-Houding-1.2-sold-out.webp\" \/>\n\t<meta property=\"og:image:width\" content=\"1200\" \/>\n\t<meta property=\"og:image:height\" content=\"1400\" \/>\n\t<meta property=\"og:image:type\" content=\"image\/webp\" \/>\n<meta name=\"twitter:card\" content=\"summary_large_image\" \/>\n<meta name=\"twitter:label1\" content=\"Gesch\u00e4tzte Lesezeit\" \/>\n\t<meta name=\"twitter:data1\" content=\"1\u00a0Minute\" \/>\n<script type=\"application\/ld+json\" class=\"yoast-schema-graph\">{\"@context\":\"https:\/\/schema.org\",\"@graph\":[{\"@type\":\"WebPage\",\"@id\":\"https:\/\/neevwatches.com\/product\/gustav\/\",\"url\":\"https:\/\/neevwatches.com\/product\/gustav\/\",\"name\":\"GUSTAV heren horloge | Day&Date | NEEV WATCHES\",\"isPartOf\":{\"@id\":\"https:\/\/neevwatches.com\/#website\"},\"primaryImageOfPage\":{\"@id\":\"https:\/\/neevwatches.com\/product\/gustav\/#primaryimage\"},\"image\":{\"@id\":\"https:\/\/neevwatches.com\/product\/gustav\/#primaryimage\"},\"thumbnailUrl\":\"https:\/\/neevwatches.com\/wp-content\/uploads\/2022\/10\/Gustav-Houding-1.2-sold-out.webp\",\"datePublished\":\"2022-11-15T13:43:54+00:00\",\"dateModified\":\"2025-12-02T09:30:20+00:00\",\"description\":\"Het robuuste staal met het glanzende goud geeft dit horloge een bijzonder eigen karakter. De Gustav is authentiek, elegant en tijdloos.\",\"breadcrumb\":{\"@id\":\"https:\/\/neevwatches.com\/product\/gustav\/#breadcrumb\"},\"inLanguage\":\"de\",\"potentialAction\":[{\"@type\":\"ReadAction\",\"target\":[\"https:\/\/neevwatches.com\/product\/gustav\/\"]}]},{\"@type\":\"ImageObject\",\"inLanguage\":\"de\",\"@id\":\"https:\/\/neevwatches.com\/product\/gustav\/#primaryimage\",\"url\":\"https:\/\/neevwatches.com\/wp-content\/uploads\/2022\/10\/Gustav-Houding-1.2-sold-out.webp\",\"contentUrl\":\"https:\/\/neevwatches.com\/wp-content\/uploads\/2022\/10\/Gustav-Houding-1.2-sold-out.webp\",\"width\":1200,\"height\":1400},{\"@type\":\"BreadcrumbList\",\"@id\":\"https:\/\/neevwatches.com\/product\/gustav\/#breadcrumb\",\"itemListElement\":[{\"@type\":\"ListItem\",\"position\":1,\"name\":\"Home\",\"item\":\"https:\/\/neevwatches.com\/\"},{\"@type\":\"ListItem\",\"position\":2,\"name\":\"Online Boutique\",\"item\":\"https:\/\/neevwatches.com\/online-boutique\/\"},{\"@type\":\"ListItem\",\"position\":3,\"name\":\"Gustav\"}]},{\"@type\":\"WebSite\",\"@id\":\"https:\/\/neevwatches.com\/#website\",\"url\":\"https:\/\/neevwatches.com\/\",\"name\":\"Neev Watches\",\"description\":\"Make Today Count\",\"publisher\":{\"@id\":\"https:\/\/neevwatches.com\/#organization\"},\"potentialAction\":[{\"@type\":\"SearchAction\",\"target\":{\"@type\":\"EntryPoint\",\"urlTemplate\":\"https:\/\/neevwatches.com\/?s={search_term_string}\"},\"query-input\":{\"@type\":\"PropertyValueSpecification\",\"valueRequired\":true,\"valueName\":\"search_term_string\"}}],\"inLanguage\":\"de\"},{\"@type\":\"Organization\",\"@id\":\"https:\/\/neevwatches.com\/#organization\",\"name\":\"NEEV\",\"url\":\"https:\/\/neevwatches.com\/\",\"logo\":{\"@type\":\"ImageObject\",\"inLanguage\":\"de\",\"@id\":\"https:\/\/neevwatches.com\/#\/schema\/logo\/image\/\",\"url\":\"https:\/\/9d46818e0e.nxcli.io\/wp-content\/uploads\/2021\/08\/Neev.4-PNG-e1661461998192.png\",\"contentUrl\":\"https:\/\/9d46818e0e.nxcli.io\/wp-content\/uploads\/2021\/08\/Neev.4-PNG-e1661461998192.png\",\"width\":1032,\"height\":480,\"caption\":\"NEEV\"},\"image\":{\"@id\":\"https:\/\/neevwatches.com\/#\/schema\/logo\/image\/\"},\"sameAs\":[\"https:\/\/www.facebook.com\/neevwatch\",\"https:\/\/www.instagram.com\/neev_watches\/\"]}]}<\/script>\n<!-- \/ Yoast SEO plugin. -->","yoast_head_json":{"title":"GUSTAV Herrenuhr | Day&amp;Date | NEEV WATCHES","description":"Der robuste Stahl mit dem gl\u00e4nzenden Gold verleiht dieser Uhr einen ganz eigenen Charakter. Die Gustav ist authentisch, elegant und zeitlos.","robots":{"index":"index","follow":"follow","max-snippet":"max-snippet:-1","max-image-preview":"max-image-preview:large","max-video-preview":"max-video-preview:-1"},"canonical":"https:\/\/neevwatches.com\/de\/produkt\/gustav\/","og_locale":"de_DE","og_type":"article","og_title":"GUSTAV heren horloge | Day&Date | NEEV WATCHES","og_description":"Het robuuste staal met het glanzende goud geeft dit horloge een bijzonder eigen karakter. De Gustav is authentiek, elegant en tijdloos.","og_url":"https:\/\/neevwatches.com\/de\/produkt\/gustav\/","og_site_name":"Neev Watches","article_publisher":"https:\/\/www.facebook.com\/neevwatch","article_modified_time":"2025-12-02T09:30:20+00:00","og_image":[{"width":1200,"height":1400,"url":"https:\/\/neevwatches.com\/wp-content\/uploads\/2022\/10\/Gustav-Houding-1.2-sold-out.webp","type":"image\/webp"}],"twitter_card":"summary_large_image","twitter_misc":{"Gesch\u00e4tzte Lesezeit":"1\u00a0Minute"},"schema":{"@context":"https:\/\/schema.org","@graph":[{"@type":"WebPage","@id":"https:\/\/neevwatches.com\/product\/gustav\/","url":"https:\/\/neevwatches.com\/product\/gustav\/","name":"GUSTAV Herrenuhr | Day&amp;Date | NEEV WATCHES","isPartOf":{"@id":"https:\/\/neevwatches.com\/#website"},"primaryImageOfPage":{"@id":"https:\/\/neevwatches.com\/product\/gustav\/#primaryimage"},"image":{"@id":"https:\/\/neevwatches.com\/product\/gustav\/#primaryimage"},"thumbnailUrl":"https:\/\/neevwatches.com\/wp-content\/uploads\/2022\/10\/Gustav-Houding-1.2-sold-out.webp","datePublished":"2022-11-15T13:43:54+00:00","dateModified":"2025-12-02T09:30:20+00:00","description":"Der robuste Stahl mit dem gl\u00e4nzenden Gold verleiht dieser Uhr einen ganz eigenen Charakter. Die Gustav ist authentisch, elegant und zeitlos.","breadcrumb":{"@id":"https:\/\/neevwatches.com\/product\/gustav\/#breadcrumb"},"inLanguage":"de","potentialAction":[{"@type":"ReadAction","target":["https:\/\/neevwatches.com\/product\/gustav\/"]}]},{"@type":"ImageObject","inLanguage":"de","@id":"https:\/\/neevwatches.com\/product\/gustav\/#primaryimage","url":"https:\/\/neevwatches.com\/wp-content\/uploads\/2022\/10\/Gustav-Houding-1.2-sold-out.webp","contentUrl":"https:\/\/neevwatches.com\/wp-content\/uploads\/2022\/10\/Gustav-Houding-1.2-sold-out.webp","width":1200,"height":1400},{"@type":"BreadcrumbList","@id":"https:\/\/neevwatches.com\/product\/gustav\/#breadcrumb","itemListElement":[{"@type":"ListItem","position":1,"name":"Home","item":"https:\/\/neevwatches.com\/"},{"@type":"ListItem","position":2,"name":"Online Boutique","item":"https:\/\/neevwatches.com\/online-boutique\/"},{"@type":"ListItem","position":3,"name":"Gustav"}]},{"@type":"WebSite","@id":"https:\/\/neevwatches.com\/#website","url":"https:\/\/neevwatches.com\/","name":"Neev Uhren","description":"Das Heute z\u00e4hlt","publisher":{"@id":"https:\/\/neevwatches.com\/#organization"},"potentialAction":[{"@type":"SearchAction","target":{"@type":"EntryPoint","urlTemplate":"https:\/\/neevwatches.com\/?s={search_term_string}"},"query-input":{"@type":"PropertyValueSpecification","valueRequired":true,"valueName":"search_term_string"}}],"inLanguage":"de"},{"@type":"Organization","@id":"https:\/\/neevwatches.com\/#organization","name":"NEEV","url":"https:\/\/neevwatches.com\/","logo":{"@type":"ImageObject","inLanguage":"de","@id":"https:\/\/neevwatches.com\/#\/schema\/logo\/image\/","url":"https:\/\/9d46818e0e.nxcli.io\/wp-content\/uploads\/2021\/08\/Neev.4-PNG-e1661461998192.png","contentUrl":"https:\/\/9d46818e0e.nxcli.io\/wp-content\/uploads\/2021\/08\/Neev.4-PNG-e1661461998192.png","width":1032,"height":480,"caption":"NEEV"},"image":{"@id":"https:\/\/neevwatches.com\/#\/schema\/logo\/image\/"},"sameAs":["https:\/\/www.facebook.com\/neevwatch","https:\/\/www.instagram.com\/neev_watches\/"]}]}},"_links":{"self":[{"href":"https:\/\/neevwatches.com\/de\/wp-json\/wp\/v2\/product\/233594","targetHints":{"allow":["GET"]}}],"collection":[{"href":"https:\/\/neevwatches.com\/de\/wp-json\/wp\/v2\/product"}],"about":[{"href":"https:\/\/neevwatches.com\/de\/wp-json\/wp\/v2\/types\/product"}],"wp:featuredmedia":[{"embeddable":true,"href":"https:\/\/neevwatches.com\/de\/wp-json\/wp\/v2\/media\/243847"}],"wp:attachment":[{"href":"https:\/\/neevwatches.com\/de\/wp-json\/wp\/v2\/media?parent=233594"}],"wp:term":[{"taxonomy":"product_brand","embeddable":true,"href":"https:\/\/neevwatches.com\/de\/wp-json\/wp\/v2\/product_brand?post=233594"},{"taxonomy":"product_cat","embeddable":true,"href":"https:\/\/neevwatches.com\/de\/wp-json\/wp\/v2\/product_cat?post=233594"},{"taxonomy":"product_tag","embeddable":true,"href":"https:\/\/neevwatches.com\/de\/wp-json\/wp\/v2\/product_tag?post=233594"}],"curies":[{"name":"wp","href":"https:\/\/api.w.org\/{rel}","templated":true}]}}