{"id":7159,"date":"2020-10-23T21:21:14","date_gmt":"2020-10-23T19:21:14","guid":{"rendered":"https:\/\/diviecommerce.wpengine.com\/?page_id=1412"},"modified":"2025-05-07T17:10:15","modified_gmt":"2025-05-07T15:10:15","slug":"kontakt-uns","status":"publish","type":"page","link":"https:\/\/neevwatches.com\/de\/kontakt-uns\/","title":{"rendered":"Kontakt"},"content":{"rendered":"<p>[et_pb_section fb_built=\"1\u2033 _builder_version=\"4.27.2\u2033 _module_preset=\"default\" background_image=\"https:\/\/neevwatches.com\/wp-content\/uploads\/2022\/10\/IMG_7634-scaled.jpg\" parallax=\"on\" parallax_method=\"off\" custom_padding=\"250px||250px||true|false\" background_last_edited=\"on|phone\" parallax_phone=\"off\" global_colors_info=\"{}\"][et_pb_row _builder_version=\"4.17.4\u2033 _module_preset=\"default\" global_colors_info=\"{}\"][et_pb_column type=\"4_4\u2033 _builder_version=\"4.17.4\u2033 _module_preset=\"default\" global_colors_info=\"{}\"][et_pb_text _builder_version=\"4.19.5\u2033 _module_preset=\"default\" text_font=\"|700|||||||\" text_text_colour=\"#ffffff\" text_font_size=\"60px\" text_orientation=\"centre\" text_font_size_tablet=\"60px\" text_font_size_phone=\"51px\" text_font_size_last_edited=\"on|phone\" global_colors_info=\"{}\"][et_pb_text _builder_version=\"default<\/p>\n<p>KONTAKT<\/p>\n<p>[\/et_pb_text][et_pb_text _builder_version=\"4.19.5\u2033 _module_preset=\"default\" text_font=\"|300|||||||\" text_text_color=\"#ffffff\" text_font_size=\"34px\" text_orientation=\"centre\" custom_margin=\"-14px||||false|false\" custom_padding=\"0px||||false|false\" global_colors_info=\"{}\"]<\/p>\n<p>Kundenbetreuung<\/p>\n<p>[\/et_pb_text][\/et_pb_column][\/et_pb_row][\/et_pb_section][et_pb_section fb_built=\"1\u2033 fullwidth=\"on\" disabled_on=\"on|on|on\" admin_label=\"Section\" _builder_version=\"4.17.4\u2033 _module_preset=\"default\" background_image=\"https:\/\/neevwatches.com\/wp-content\/uploads\/2022\/10\/IMG_7634-scaled.jpg\" parallax=\"on\" parallax_method=\"off\" custom_margin=\"||||true|false\" custom_padding=\"275px||275px||true|false\" background_last_edited=\"on|phone\" background_image_phone=\"https:\/\/neevwatches.com\/wp-content\/uploads\/2022\/08\/Kontakt-NEEV.jpg\" background_enable_image_phone=\"on\" background_size_phone=\"contain\" background_position_phone=\"bottom_center\" background_vertical_offset_phone=\"100%\" disabled=\"on\" global_colors_info=\"{}\"][\/et_pb_section][et_pb_section fb_built=\"1\u2033 custom_padding_last_edited=\"on|phone\" _builder_version=\"4.17.4\u2033 _module_preset=\"default\" background_colour=\"RGBA(255,255,255,0)\" custom_margin=\"||1px||false|false\" custom_margin_tablet=\"||1px||false|false\" custom_margin_phone=\"-110px||1px||false|false\" custom_margin_last_edited=\"on|phone\" custom_padding=\"3px||||false|false\" custom_padding_tablet=\"3px||||false|false\" custom_padding_phone=\"0px||||false|false\" bottom_divider_color=\"#0a0000\u2033 bottom_divider_height_tablet=\"\" bottom_divider_height_phone=\"30px\" bottom_divider_height_last_edited=\"on|phone\" global_colors_info=\"{}\"][et_pb_row column_structure=\"1_2,1_2\u2033 make_equal=\"on\" custom_padding_last_edited=\"on|phone\" _builder_version=\"4.27.2\u2033 background_colour=\"#ffffffffff\" position_origin_a=\"top_center\" z_index=\"10\u2033 width_tablet=\"80%\" width_phone=\"\" width_last_edited=\"on|tablet\" max_width=\"1400px\" max_width_tablet=\"1400px\" max_width_phone=\"1400px\" max_width_last_edited=\"on|tablet\" module_alignment=\"centre\" min_height=\"100px\" custom_margin=\"58px|auto|18px|auto|false|false\" custom_margin_tablet=\"-100px||150px||false|false\" custom_margin_phone=\"149px|||0px||false|false\" custom_margin_last_edited=\"on|tablet\" custom_padding=\"36px|30px|36px|30px|true|true\" custom_padding_tablet=\"36px|30px|36px|30px|true|true\" custom_padding_phone=\"|20px||20px|true|true\" hover_enabled=\"0\u2033 border_color_all=\"#002f3f\" border_style_all=\"outset\" locked=\"off\" global_colors_info=\"{}\" sticky_enabled=\"0\u2033][et_pb_column type=\"1_2\u2033 _builder_version=\"4.27.2\u2033 _module_preset=\"default\" background_color=\"RGBA(255,255,255,0)\" hover_enabled=\"0\u2033 border_width_right=\"3px\" border_width_right_tablet=\"3px\" border_width_right_phone=\"0px\" border_width_right_last_edited=\"on|phone\" global_colors_info=\"{}\" custom_padding=\"|66px||false|false\" sticky_enabled=\"0\u2033][et_pb_text disabled_on=\"off|on|on\" _builder_version=\"4.17.4\u2033 header_4_font=\"|700|||||||\" header_4_font_size=\"24px\" custom_margin=\"||10px||false|false\" hover_enabled=\"0\u2033 global_colors_info=\"{}\" sticky_enabled=\"0\u2033]<\/p>\n<h4>Zug\u00e4nglichkeit und Erreichbarkeit<\/h4>\n<p>[\/et_pb_text][et_pb_text disabled_on=\"off|on|on\" _builder_version=\"4.27.2\u2033 header_4_font=\"|700|||||||\" header_4_font_size=\"24px\" custom_padding=\"||||false|false\" global_colors_info=\"{}\"]<\/p>\n<p>Du kannst uns t\u00e4glich von 10 bis 22 Uhr per Telefon, WhatsApp, E-Mail oder \u00fcber soziale Medien erreichen. Wir bem\u00fchen uns, innerhalb von 2 Stunden zu antworten.<\/p>\n<p><strong>Besuchsadresse nach Vereinbarung:<\/strong> <br \/>Vughterstraat 62<br \/>'S-Hertogenbosch<\/p>\n<p>[\/et_pb_text][et_pb_image src=\u201dhttps:\/\/neevwatches.com\/wp-content\/uploads\/2025\/03\/PHOTO-2025-03-21-14-23-08.jpg\u201d title_text=\u201dPHOTO-2025-03-21-14-23-08\u2033 disabled_on=\u201doff|on|on\u201d _builder_version=\u201d4.27.2\u2033 _module_preset=\"default\" global_colours_info=\"{}\"][\/et_pb_image][et_pb_button button_url=\"https:\/\/neevwatches.com\/afspraakplanner-denbosch\/\" button_text=\"Besuchen Sie unseren Ausstellungsraum\" disabled_on=\"off|on|on\" _builder_version=\"4.27.2\u2033 _module_preset=\"default\" custom_button=\"on\" button_bg_color=\"#0a0a0a\" custom_margin=\"-22px||||false|false\" global_colors_info=\"{}\"][\/et_pb_button][dsm_icon_list disabled_on=\"off|on|on\" _builder_version=\"4.27.2\u2033 _module_preset=\"default\" text_line_height=\"1em\" global_colors_info=\"{}\"][dsm_icon_list_child text=\"+31 0626638473\u2033 font_icon=\"\uf3cd|||fa||900\u2033 icon_color=\"#0a0303\u2033 icon_padding=\"5px\" icon_font_size=\"23px\" _builder_version=\"4.17.4\u2033 _module_preset=\"default\" text_font_size=\"11px\" text_letter_spacing=\"6px\" text_line_height=\"1.9em\" global_colours_info=\"{}\"][\/dsm_icon_list_child][dsm_icon_list_child text=\"+31 0138897888\u2033 font_icon=\"\ue090||divi|||400\u2033 icon_colour=\"#0a0303\u2033 icon_padding=\"1px\" icon_font_size=\"23px\" _builder_version=\"4.22.1\u2033 _module_preset=\"default\" text_font_size=\"11px\" text_letter_spacing=\"6px\" text_line_height=\"1.9em\" global_colors_info=\"{}\"][\/dsm_icon_list_child][dsm_icon_list_child text=\"Mail senden\" font_icon=\"\ue010||divi|||400\u2033 icon_color=\"#0a0303\u2033 icon_padding=\"3px\" icon_font_size=\"23px\" url=\"mailto:service@neevwatches.com\" url_new_window=\"on\" _builder_version=\"4.27.2\u2033 _module_preset=\"default\" text_text_colour=\"#0a0101\u2033 text_font_size=\"12px\" text_letter_spacing=\"6px\" text_line_height=\"1.9em\" global_colours_info=\"{}\"][\/dsm_icon_list_child][\/dsm_icon_list][dsm_dual_heading before_text=\"CLUB NEEV\" middle_text=\"NEWSLETTER\" before_background_colour=\"#0a0000\u2033 middle_background_colour=\"RGBA(255,255,255,0)\" before_margin=\"|14px||false|false\" middle_margin=\"||||true\" before_padding=\"10px|10px|10px|10px|10px|true|false\" middle_padding=\"14px||||false|false\" disabled_on=\"on|on|on\" _builder_version=\"4.27.2\u2033 _module_preset=\"default\" header_font_size=\"22px\" before_font=\"|800|||||||\" before_text_colour=\"#ffffff\" middle_text_colour=\"#0a0000\u2033 middle_font_size=\"19px\" custom_margin=\"0px||0px||false|false\" custom_padding=\"||0px||false|true\" border_width_all=\"0px\" border_width_top=\"0px\" border_width_bottom=\"0px\" disabled=\"on\" global_colors_info=\"{}\"][\/dsm_dual_heading][dsm_dual_heading before_text=\"CLUB\" middle_text=\"newsletter\" before_margin=\"-8px|4px||false|false\" middle_margin=\"-18px||-4px|||false|false\" before_margin_tablet=\"-8px|4px||||false|false\" before_margin_phone=\"0px|0px|||false|false\" before_margin_last_edited=\"on|phone\" _builder_version=\"4.27.2\u2033 _module_preset=\"default\" before_font=\"|800|||||||\" middle_font=\"|300|||||||\" middle_text_color=\"#E09900\u2033 global_colors_info=\"{}\"][\/dsm_dual_heading][et_pb_text _builder_version=\"4.27.2\u2033 _module_preset=\"default\" custom_margin=\"0px||||false|false\" custom_margin_tablet=\"0px||||false|false\" custom_margin_phone=\"-29px||||false|false\" custom_margin_last_edited=\"on|desktop\" global_colors_info=\"{}\"]<\/p>\n<p>Bleib informiert. Melde dich jetzt f\u00fcr unseren Newsletter an und erhalte exklusive und personalisierte Informationen direkt in deine Mailbox.<\/p>\n<p>[\/et_pb_text][et_pb_signup mailchimp_list=\"MJ NEEV|e42419c1b4\u2033 button_text=\"Get Access\" _builder_version=\"4.27.2\u2033 _module_preset=\"default\" background_colour=\"rgba(112,112,112,0.07)\" custom_button=\"on\" button_bg_colour=\"#0a0a0a\" button_border_width=\"0px\" custom_margin=\"-23px||||false|false\" custom_margin_tablet=\"-23px||||false|false\" custom_margin_phone=\"-23px||||false|false\" custom_margin_phone=\"-23px||||false|false\" custom_margin_last_edited=\"on|desktop\" global_colors_info=\"{}\"][\/et_pb_signup][\/et_pb_column][et_pb_column type=\"1_2\u2033 _builder_version=\"4.17.4\u2033 _module_preset=\"default\" background_colour=\"RGBA(255,255,255,0)\" custom_padding=\"25px||||false|false\" global_colors_info=\"{}\"][et_pb_text disabled_on=\"on|off|off\" _builder_version=\"4.17.4\u2033 header_4_font=\"|700|||||||\" header_4_font_size=\"24px\" custom_margin=\"||10px||false|false\" global_colors_info=\"{}\"][et_pb_text disabled_on=\"on|off|off\"][et_pb_text disabled_on=\"on|10px||false|false<\/p>\n<h4>Zug\u00e4nglichkeit und Erreichbarkeit<\/h4>\n<p>[\/et_pb_text][et_pb_text disabled_on=\"on|off|off\" _builder_version=\"4.27.2\u2033 header_4_font=\"|700|||||||\" header_4_font_size=\"24px\" custom_padding=\"||||false|false\" global_colors_info=\"{}\"]<\/p>\n<p>Du kannst uns t\u00e4glich von 10 bis 22 Uhr per Telefon, WhatsApp, E-Mail oder \u00fcber soziale Medien erreichen. Wir bem\u00fchen uns, innerhalb von 2 Stunden zu antworten.<\/p>\n<p><strong>Besuchsadresse nach Vereinbarung:<\/strong> <br \/>Vughterstraat 62<br \/>'S-Hertogenbosch<\/p>\n<p>[\/et_pb_text][et_pb_button button_url=\"https:\/\/neevwatches.com\/afspraakplanner-denbosch\/\" button_text=\"Besuchen Sie unseren Ausstellungsraum\" disabled_on=\"on|off|off\" _builder_version=\"4.27.2\u2033 _module_preset=\"default\" custom_button=\"on\" button_bg_color=\"#0a0a0a\" global_colors_info=\"{}\"][\/et_pb_button][dsm_icon_list disabled_on=\"on|off|off\" _builder_version=\"4.27.2\u2033 _module_preset=\"default\" text_line_height=\"1em\" global_colors_info=\"{}\"][dsm_icon_list_child text=\"+31 (0)626638473\u2033 font_icon=\"\uf3cd||fa|||900\u2033 icon_color=\"#0a0303\u2033 icon_padding=\"5px\" icon_font_size=\"23px\" _builder_version=\"4.17.4\u2033 _module_preset=\"default\" text_font_size=\"15px\" text_letter_spacing=\"6px\" text_line_height=\"1.9em\" global_colors_info=\"{}\"][\/dsm_icon_list_child][dsm_icon_list_child text=\"+31 (0)138897888\u2033 font_icon=\"\ue090||divi|||400\u2033 icon_color=\"#0a0303\u2033 icon_padding=\"1px\" icon_font_size=\"23px\" _builder_version=\"4.22.1\u2033 _module_preset=\"default\" text_font_size=\"15px\" text_letter_spacing=\"6px\" text_line_height=\"1.9em\" global_colors_info=\"{}\"][\/dsm_icon_list_child][dsm_icon_list_child text=\"Eine E-Mail senden\" font_icon=\"\ue010||divi|||400\u2033 icon_color=\"#0a0303\u2033 icon_padding=\"3px\" icon_font_size=\"23px\" url=\"mailto:service@neevwatches.com\" url_new_window=\"on\" _builder_version=\"4.27.2\u2033 _module_preset=\"default\" text_text_colour=\"#0a0101\u2033 text_font_size=\"16px\" text_letter_spacing=\"6px\" text_line_height=\"1.9em\" global_colours_info=\"{}\"][\/dsm_icon_list_child][\/dsm_icon_list][et_pb_social_media_follow icon_colour=\"#ffffff\" use_icon_font_size=\"on\" disabled_on=\"off|on|on\" _builder_version=\"4.22.1\u2033 _module_preset=\"default\" text_orientation=\"centre\" box_shadow_style=\"preset7\u2033 box_shadow_horizontal=\"3px\" box_shadow_vertical=\"3px\" box_shadow_blur=\"3px\" global_colours_info=\"{}\"][et_pb_social_media_follow_network social_network=\"facebook\" url=\"https:\/\/www.facebook.com\/neevwatch\/\" _builder_version=\"4.22.1\u2033 _module_preset=\"default\" background_color=\"#000a01\u2033 background_enable_color=\"on\" global_colors_info=\"{}\" follow_button=\"off\" url_new_window=\"on\"]facebook[\/et_pb_social_media_follow_network][et_pb_social_media_follow_network social_network=\"tiktok\" url=\"https:\/\/www.tiktok.com\/@neevwatches\" _builder_version=\"4.22.1\u2033 _module_preset=\"default\" background_color=\"#00090a\" background_enable_color=\"on\" global_colors_info=\"{}\" follow_button=\"off\" url_new_window=\"on\"]tiktok[\/et_pb_social_media_follow_network][et_pb_social_media_follow_network social_network=\"linkedin\" url=\"https:\/\/www.linkedin.com\/company\/neev-watches\" _builder_version=\"4.22.1\u2033 _module_preset=\"default\" background_color=\"#000a00\u2033 background_enable_color=\"on\" global_colors_info=\"{}\" follow_button=\"off\" url_new_window=\"on\"]linkedin[\/et_pb_social_media_follow_network][et_pb_social_media_follow_network social_network=\"instagram\" url=\"https:\/\/www.instagram.com\/neev_watches\/\" _builder_version=\"4.22.1\u2033 _module_preset=\"default\" background_color=\"#030a00\u2033 background_enable_color=\"on\" global_colors_info=\"{}\" follow_button=\"off\" url_new_window=\"on\"]instagram[\/et_pb_social_media_follow_network][et_pb_social_media_follow_network social_network=\"whatsapp\" url=\"https:\/\/api.whatsapp.com\/send\/?phone=31626638473&amp;text&amp;type=phone_number&amp;app_absent=0\u2033 _builder_version=\u201d4.22.1\u2033 _module_preset=\"default\" background_color=\"#000a07\u2033 background_enable_color=\"on\" global_colors_info=\"{}\" follow_button=\"off\" url_new_window=\"on\"]whatsapp[\/et_pb_social_media_follow_network][\/et_pb_social_media_follow][\/et_pb_column][\/et_pb_row][et_pb_row _builder_version=\"4.27.2\u2033 _module_preset=\"default\" width=\"35%\" width_tablet=\"35%\" width_phone=\"35%\" width_last_edited=\"on|desktop\" custom_margin=\"0px||||false|false\" custom_padding=\"0px||||false|false\" global_colors_info=\"{}\"][et_pb_column type=\"4_4\u2033 _builder_version=\"4.27.2\u2033 _module_preset=\"default\" global_colors_info=\"{}\"][\/et_pb_column][\/et_pb_row][et_pb_row column_structure=\"1_5,3_5,1_5\u2033 disabled_on=\"on|off|off\" _builder_version=\"4.17.4\u2033 _module_preset=\"default\" global_colors_info=\"{}\"][et_pb_column type=\"1_5\u2033 _builder_version=\"4.17.4\u2033 _module_preset=\"default\" global_colors_info=\"{}\"][\/et_pb_column][et_pb_column type=\"3_5\u2033 _builder_version=\"4.17.4\u2033 _module_preset=\"default\" global_colors_info=\"{}\"][et_pb_social_media_follow icon_colour=\"#ffffffff\" use_icon_font_size=\"on\" disabled_on=\"on|off|off\" _builder_version=\"4.22.1\u2033 _module_preset=\"default\" text_orientation=\"centre\" box_shadow_style=\"preset7\u2033 box_shadow_horizontal=\"3px\" box_shadow_vertical=\"3px\" box_shadow_blur=\"3px\" global_colors_info=\"{}\"][et_pb_social_media_follow_network social_network=\"facebook\" url=\"https:\/\/www.facebook.com\/neevwatch\/\" _builder_version=\"4.22.1\u2033 _module_preset=\"default\" background_color=\"#000a01\u2033 background_enable_color=\"on\" global_colors_info=\"{}\" follow_button=\"off\" url_new_window=\"on\"]facebook[\/et_pb_social_media_follow_network][et_pb_social_media_follow_network social_network=\"tiktok\" url=\"https:\/\/www.tiktok.com\/@neevwatches\" _builder_version=\"4.22.1\u2033 _module_preset=\"default\" background_color=\"#00090a\" background_enable_color=\"on\" global_colors_info=\"{}\" follow_button=\"off\" url_new_window=\"on\"]tiktok[\/et_pb_social_media_follow_network][et_pb_social_media_follow_network social_network=\"linkedin\" url=\"https:\/\/www.linkedin.com\/company\/neev-watches\" _builder_version=\"4.22.1\u2033 _module_preset=\"default\" background_color=\"#000a00\u2033 background_enable_color=\"on\" global_colors_info=\"{}\" follow_button=\"off\" url_new_window=\"on\"]linkedin[\/et_pb_social_media_follow_network][et_pb_social_media_follow_network social_network=\"instagram\" url=\"https:\/\/www.instagram.com\/neev_watches\/\" _builder_version=\"4.22.1\u2033 _module_preset=\"default\" background_color=\"#030a00\u2033 background_enable_color=\"on\" global_colors_info=\"{}\" follow_button=\"off\" url_new_window=\"on\"]instagram[\/et_pb_social_media_follow_network][et_pb_social_media_follow_network social_network=\"whatsapp\" url=\"https:\/\/api.whatsapp.com\/send\/?phone=31626638473&amp;text&amp;type=phone_number&amp;app_absent=0\u2033 _builder_version=\"4.22.1\u2033 _module_preset=\"default\" background_color=\"#000a07\u2033 background_enable_color=\"on\" global_colors_info=\"{}\" follow_button=\"off\" url_new_window=\"on\"]whatsapp[\/et_pb_social_media_follow_network][\/et_pb_social_media_follow][\/et_pb_column][et_pb_column type=\"1_5\u2033 _builder_version=\"4.17.4\u2033 _module_preset=\"default\" global_colors_info=\"{}\"][\/et_pb_column][\/et_pb_row][\/et_pb_section]<\/p>","protected":false},"excerpt":{"rendered":"<p>CONTACTCustomer serviceAccessible and reachable...Du kannst uns t\u00e4glich von 10 bis 22 Uhr per Telefon, WhatsApp, E-Mail oder \u00fcber soziale Medien erreichen. Wir bem\u00fchen uns, innerhalb von 2 Stunden zu antworten. Besuchsadresse nach Vereinbarung: Vughterstraat 62'S-Hertogenbosch<div class=\"et_pb_module dsm_icon_list dsm_icon_list_0\">\n\t\t\t\t\n\t\t\t\t\n\t\t\t\t\n\t\t\t\t\n\t\t\t\t\n\t\t\t\t\n\t\t\t\t<div class=\"et_pb_module_inner\">\n\t\t\t\t\t<ul class=\"dsm_icon_list_items dsm_icon_list_ltr_direction dsm_icon_list_layout_vertical\"><\/ul>\n\t\t\t\t<\/div>\n\t\t\t<\/div><li class=\"dsm_icon_list_child dsm_icon_list_child_0\">\n\t\t\t\t\n\t\t\t\t\n\t\t\t\t\n\t\t\t\t\n\t\t\t\t<span class=\"dsm_icon_list_wrapper\"><span class=\"dsm_icon_list_icon\">\uf3cd<\/span><\/span><span class=\"dsm_icon_list_text\">+31 0626638473<\/span>\n\t\t\t<\/li><li class=\"dsm_icon_list_child dsm_icon_list_child_1\">\n\t\t\t\t\n\t\t\t\t\n\t\t\t\t\n\t\t\t\t\n\t\t\t\t<span class=\"dsm_icon_list_wrapper\"><span class=\"dsm_icon_list_icon\"><\/span><\/span><span class=\"dsm_icon_list_text\">&#8221;+31<\/span>\n\t\t\t<\/li><\/p>","protected":false},"author":9,"featured_media":0,"parent":0,"menu_order":0,"comment_status":"closed","ping_status":"closed","template":"","meta":{"_acf_changed":false,"_et_pb_use_builder":"on","_et_pb_old_content":"","_et_gb_content_width":"","footnotes":""},"class_list":["post-7159","page","type-page","status-publish","hentry"],"acf":[],"yoast_head":"<!-- This site is optimized with the Yoast SEO plugin v26.7 - https:\/\/yoast.com\/wordpress\/plugins\/seo\/ -->\n<title>Contact | NEEV WATCHES | Toegankelijk en bereikbaar<\/title>\n<meta name=\"description\" content=\"Iedere dag van 10:00 tot 22:00 bereikbaar via WhatsApp, telefoon, e-mail of social media. Neem nu direct contact met ons op!\" \/>\n<meta name=\"robots\" content=\"index, follow, max-snippet:-1, max-image-preview:large, max-video-preview:-1\" \/>\n<link rel=\"canonical\" href=\"http:\/\/neevwatches.com\/de\/kontakt-uns\/\" \/>\n<meta property=\"og:locale\" content=\"de_DE\" \/>\n<meta property=\"og:type\" content=\"article\" \/>\n<meta property=\"og:title\" content=\"Contact | NEEV WATCHES | Toegankelijk en bereikbaar\" \/>\n<meta property=\"og:description\" content=\"Iedere dag van 10:00 tot 22:00 bereikbaar via WhatsApp, telefoon, e-mail of social media. Neem nu direct contact met ons op!\" \/>\n<meta property=\"og:url\" content=\"http:\/\/neevwatches.com\/de\/kontakt-uns\/\" \/>\n<meta property=\"og:site_name\" content=\"Neev Watches\" \/>\n<meta property=\"article:publisher\" content=\"https:\/\/www.facebook.com\/neevwatch\" \/>\n<meta property=\"article:modified_time\" content=\"2025-05-07T15:10:15+00:00\" \/>\n<meta name=\"twitter:card\" content=\"summary_large_image\" \/>\n<meta name=\"twitter:label1\" content=\"Gesch\u00e4tzte Lesezeit\" \/>\n\t<meta name=\"twitter:data1\" content=\"1\u00a0Minute\" \/>\n<script type=\"application\/ld+json\" class=\"yoast-schema-graph\">{\"@context\":\"https:\/\/schema.org\",\"@graph\":[{\"@type\":\"WebPage\",\"@id\":\"http:\/\/neevwatches.com\/en\/contact-us\/\",\"url\":\"http:\/\/neevwatches.com\/en\/contact-us\/\",\"name\":\"Contact | NEEV WATCHES | Toegankelijk en bereikbaar\",\"isPartOf\":{\"@id\":\"https:\/\/neevwatches.com\/#website\"},\"datePublished\":\"2020-10-23T19:21:14+00:00\",\"dateModified\":\"2025-05-07T15:10:15+00:00\",\"description\":\"Iedere dag van 10:00 tot 22:00 bereikbaar via WhatsApp, telefoon, e-mail of social media. Neem nu direct contact met ons op!\",\"breadcrumb\":{\"@id\":\"http:\/\/neevwatches.com\/en\/contact-us\/#breadcrumb\"},\"inLanguage\":\"de\",\"potentialAction\":[{\"@type\":\"ReadAction\",\"target\":[\"http:\/\/neevwatches.com\/en\/contact-us\/\"]}]},{\"@type\":\"BreadcrumbList\",\"@id\":\"http:\/\/neevwatches.com\/en\/contact-us\/#breadcrumb\",\"itemListElement\":[{\"@type\":\"ListItem\",\"position\":1,\"name\":\"Home\",\"item\":\"https:\/\/neevwatches.com\/\"},{\"@type\":\"ListItem\",\"position\":2,\"name\":\"Contact\"}]},{\"@type\":\"WebSite\",\"@id\":\"https:\/\/neevwatches.com\/#website\",\"url\":\"https:\/\/neevwatches.com\/\",\"name\":\"Neev Watches\",\"description\":\"Make Today Count\",\"publisher\":{\"@id\":\"https:\/\/neevwatches.com\/#organization\"},\"potentialAction\":[{\"@type\":\"SearchAction\",\"target\":{\"@type\":\"EntryPoint\",\"urlTemplate\":\"https:\/\/neevwatches.com\/?s={search_term_string}\"},\"query-input\":{\"@type\":\"PropertyValueSpecification\",\"valueRequired\":true,\"valueName\":\"search_term_string\"}}],\"inLanguage\":\"de\"},{\"@type\":\"Organization\",\"@id\":\"https:\/\/neevwatches.com\/#organization\",\"name\":\"NEEV\",\"url\":\"https:\/\/neevwatches.com\/\",\"logo\":{\"@type\":\"ImageObject\",\"inLanguage\":\"de\",\"@id\":\"https:\/\/neevwatches.com\/#\/schema\/logo\/image\/\",\"url\":\"https:\/\/9d46818e0e.nxcli.io\/wp-content\/uploads\/2021\/08\/Neev.4-PNG-e1661461998192.png\",\"contentUrl\":\"https:\/\/9d46818e0e.nxcli.io\/wp-content\/uploads\/2021\/08\/Neev.4-PNG-e1661461998192.png\",\"width\":1032,\"height\":480,\"caption\":\"NEEV\"},\"image\":{\"@id\":\"https:\/\/neevwatches.com\/#\/schema\/logo\/image\/\"},\"sameAs\":[\"https:\/\/www.facebook.com\/neevwatch\",\"https:\/\/www.instagram.com\/neev_watches\/\"]}]}<\/script>\n<!-- \/ Yoast SEO plugin. -->","yoast_head_json":{"title":"Kontakt | NEEV WATCHES | Zug\u00e4nglich und erreichbar","description":"Erreichbar jeden Tag von 10 bis 22 Uhr \u00fcber WhatsApp, Telefon, E-Mail oder soziale Medien. Kontaktiere uns jetzt direkt!","robots":{"index":"index","follow":"follow","max-snippet":"max-snippet:-1","max-image-preview":"max-image-preview:large","max-video-preview":"max-video-preview:-1"},"canonical":"http:\/\/neevwatches.com\/de\/kontakt-uns\/","og_locale":"de_DE","og_type":"article","og_title":"Contact | NEEV WATCHES | Toegankelijk en bereikbaar","og_description":"Iedere dag van 10:00 tot 22:00 bereikbaar via WhatsApp, telefoon, e-mail of social media. Neem nu direct contact met ons op!","og_url":"http:\/\/neevwatches.com\/de\/kontakt-uns\/","og_site_name":"Neev Watches","article_publisher":"https:\/\/www.facebook.com\/neevwatch","article_modified_time":"2025-05-07T15:10:15+00:00","twitter_card":"summary_large_image","twitter_misc":{"Gesch\u00e4tzte Lesezeit":"1\u00a0Minute"},"schema":{"@context":"https:\/\/schema.org","@graph":[{"@type":"WebPage","@id":"http:\/\/neevwatches.com\/en\/contact-us\/","url":"http:\/\/neevwatches.com\/en\/contact-us\/","name":"Kontakt | NEEV WATCHES | Zug\u00e4nglich und erreichbar","isPartOf":{"@id":"https:\/\/neevwatches.com\/#website"},"datePublished":"2020-10-23T19:21:14+00:00","dateModified":"2025-05-07T15:10:15+00:00","description":"Erreichbar jeden Tag von 10 bis 22 Uhr \u00fcber WhatsApp, Telefon, E-Mail oder soziale Medien. Kontaktiere uns jetzt direkt!","breadcrumb":{"@id":"http:\/\/neevwatches.com\/en\/contact-us\/#breadcrumb"},"inLanguage":"de","potentialAction":[{"@type":"ReadAction","target":["http:\/\/neevwatches.com\/en\/contact-us\/"]}]},{"@type":"BreadcrumbList","@id":"http:\/\/neevwatches.com\/en\/contact-us\/#breadcrumb","itemListElement":[{"@type":"ListItem","position":1,"name":"Home","item":"https:\/\/neevwatches.com\/"},{"@type":"ListItem","position":2,"name":"Contact"}]},{"@type":"WebSite","@id":"https:\/\/neevwatches.com\/#website","url":"https:\/\/neevwatches.com\/","name":"Neev Uhren","description":"Das Heute z\u00e4hlt","publisher":{"@id":"https:\/\/neevwatches.com\/#organization"},"potentialAction":[{"@type":"SearchAction","target":{"@type":"EntryPoint","urlTemplate":"https:\/\/neevwatches.com\/?s={search_term_string}"},"query-input":{"@type":"PropertyValueSpecification","valueRequired":true,"valueName":"search_term_string"}}],"inLanguage":"de"},{"@type":"Organization","@id":"https:\/\/neevwatches.com\/#organization","name":"NEEV","url":"https:\/\/neevwatches.com\/","logo":{"@type":"ImageObject","inLanguage":"de","@id":"https:\/\/neevwatches.com\/#\/schema\/logo\/image\/","url":"https:\/\/9d46818e0e.nxcli.io\/wp-content\/uploads\/2021\/08\/Neev.4-PNG-e1661461998192.png","contentUrl":"https:\/\/9d46818e0e.nxcli.io\/wp-content\/uploads\/2021\/08\/Neev.4-PNG-e1661461998192.png","width":1032,"height":480,"caption":"NEEV"},"image":{"@id":"https:\/\/neevwatches.com\/#\/schema\/logo\/image\/"},"sameAs":["https:\/\/www.facebook.com\/neevwatch","https:\/\/www.instagram.com\/neev_watches\/"]}]}},"_links":{"self":[{"href":"https:\/\/neevwatches.com\/de\/wp-json\/wp\/v2\/pages\/7159","targetHints":{"allow":["GET"]}}],"collection":[{"href":"https:\/\/neevwatches.com\/de\/wp-json\/wp\/v2\/pages"}],"about":[{"href":"https:\/\/neevwatches.com\/de\/wp-json\/wp\/v2\/types\/page"}],"author":[{"embeddable":true,"href":"https:\/\/neevwatches.com\/de\/wp-json\/wp\/v2\/users\/9"}],"replies":[{"embeddable":true,"href":"https:\/\/neevwatches.com\/de\/wp-json\/wp\/v2\/comments?post=7159"}],"version-history":[{"count":0,"href":"https:\/\/neevwatches.com\/de\/wp-json\/wp\/v2\/pages\/7159\/revisions"}],"wp:attachment":[{"href":"https:\/\/neevwatches.com\/de\/wp-json\/wp\/v2\/media?parent=7159"}],"curies":[{"name":"wp","href":"https:\/\/api.w.org\/{rel}","templated":true}]}}