{"id":1191,"date":"2020-01-20T14:59:58","date_gmt":"2020-01-20T13:59:58","guid":{"rendered":"https:\/\/neev.megan.media\/?page_id=1191"},"modified":"2025-03-26T20:40:15","modified_gmt":"2025-03-26T19:40:15","slug":"garantie","status":"publish","type":"page","link":"https:\/\/neevwatches.com\/de\/garantie\/","title":{"rendered":"Service &amp; Garantie"},"content":{"rendered":"<p>[et_pb_section fb_built=\"1\u2033 admin_label=\"section\" _builder_version=\"4.17.4\u2033 background_image=\"https:\/\/neevwatches.com\/wp-content\/uploads\/2021\/03\/Date34-Banner.jpg\" width=\"100%\" module_alignment=\"centre\" min_height=\"529px\" min_height_tablet=\"529px\" min_height_phone=\"225px\" min_height_last_edited=\"on|phone\" max_height=\"1000px\" background_last_edited=\"on|phone\" parallax_phone=\"off\" background_size_phone=\"cover\" background_position_phone=\"top_center\" global_colors_info=\"{}\"][\/et_pb_section][et_pb_section fb_built=\"1\u2033 _builder_version=\"4.17.4\u2033 _module_preset=\"default\" global_colors_info=\"{}\"][et_pb_row custom_padding_last_edited=\"on|phone\" admin_label=\"row\" _builder_version=\"4.27.2\u2033 background_size=\"initial\" background_position=\"top_left\" background_repeat=\"repeat\" custom_padding_tablet=\"\" custom_padding_phone=\"|15px||15px|false|true\" hover_enabled=\"0\u2033 global_colors_info=\"{}\" sticky_enabled=\"0\u2033][et_pb_column type=\"4_4\u2033 _builder_version=\"4.16\u2033 custom_padding=\"|||\" global_colors_info=\"{}\" custom_padding__hover=\"|||\"][et_pb_text admin_label=\"Text\" _builder_version=\"4.17.4\u2033 background_size=\"initial\" background_position=\"top_left\" background_repeat=\"repeat\" inline_fonts=\"ABeeZee\" global_colors_info=\"{}\"]<\/p>\n<h3><span style=\"color: #000000;\"><strong>Unser Service<\/strong><\/span><\/h3>\n<p><span style=\"color: #000000;\">Unser Serviceversprechen: Wir geben dir die Gewissheit, dass wir f\u00fcr dich da sind, auch wenn die Dinge nicht so laufen, wie du es erwartet hast. Erreichbar an 7 Tagen in der Woche, immer pers\u00f6nlicher Kontakt, mehrere Servicestellen vor Ort, 2 Jahre Vollgarantie, Ersatzteile ab Lager verf\u00fcgbar und eine kompetente Kundendienstabteilung.<\/span><\/p>\n<p>&nbsp;<\/p>\n<h3><span style=\"font-family: inherit;\"><strong><span style=\"color: #0a0a0a;\">Unsere Garantie<\/span><\/strong><\/span><\/h3>\n<p><span style=\"color: #0a0a0a;\">Wir geben <strong>2 Jahre volle Garantie<\/strong> auf alle unsere Produkte. Garantie bedeutet, dass dein Produkt so ist, wie du es erwarten kannst. Trotz umfangreicher Kontrollen ist es m\u00f6glich, dass dein Produkt einen Material- oder Produktionsfehler enth\u00e4lt. Material- oder Produktionsfehler sind immer von der Garantie abgedeckt und werden intern mit professionellem Fachwissen repariert oder ersetzt.<\/span><\/p>\n<p><span style=\"color: #0a0a0a;\"><em>*Defekte, die durch Abnutzung oder unsachgem\u00e4\u00dfen Gebrauch verursacht werden, sind nicht von der Garantie abgedeckt. Nat\u00fcrlich ist die Diagnose v\u00f6llig kostenlos und wir k\u00f6nnen defekte Teile gegen eine Geb\u00fchr ersetzen.<\/em><\/span><\/p>\n<h3><span style=\"font-family: inherit;\"><strong><span style=\"color: #0a0a0a;\">Beschwerden oder Feedback<\/span><\/strong><\/span><\/h3>\n<p><span style=\"color: #0a0a0a;\">Beschwerden oder Feedback zu unserem Service, unseren Produkten oder unseren Verkaufsstellen k\u00f6nnen \u00fcber jeden Kanal gemeldet werden. Wir bem\u00fchen uns, deine Nachricht innerhalb von 2 Stunden pers\u00f6nlich zu beantworten.\u00a0<\/span><\/p>\n<p>&nbsp;<\/p>\n<p>[\/et_pb_text][et_pb_button button_url=\"https:\/\/neevwatches.com\/contact-us\/\" button_text=\"Kontakt\" button_alignment=\"left\" _builder_version=\"4.17.4\u2033 _module_preset=\"default\" custom_button=\"on\" button_text_size=\"17px\" button_bg_use_colour_gradient=\"on\" button_bg_colour_gradient_stops=\"#004f05 0%|#009b1c 58%|#00724c 100%\" button_border_width=\"0px\" button_border_colour=\"RGBA(255,255,255,0)\" button_border_radius=\"0px\" box_shadow_style=\"preset2\u2033 global_colors_info=\"{}\"][\/et_pb_button][\/et_pb_column][\/et_pb_row][\/et_pb_section]<\/p>","protected":false},"excerpt":{"rendered":"<p>Unser Service Unser Serviceversprechen: Wir geben dir die Gewissheit, dass wir f\u00fcr dich da sind, auch wenn die Dinge nicht so laufen, wie du es erwartet hast. Wir sind 7 Tage die Woche erreichbar, haben immer einen pers\u00f6nlichen Ansprechpartner, mehrere Servicestellen vor Ort, 2 Jahre Vollgarantie, Ersatzteile auf Lager und eine kompetente Kundendienstabteilung.   Unsere Garantie Wir bieten eine 2 [...]<\/p>","protected":false},"author":4,"featured_media":0,"parent":0,"menu_order":0,"comment_status":"closed","ping_status":"closed","template":"","meta":{"_acf_changed":false,"_et_pb_use_builder":"on","_et_pb_old_content":"[vc_row type=\"boxed\"][vc_column width=\"5\/6\" offset=\"vc_col-sm-offset-1\"][vc_empty_space][vc_column_text]\r\n<h3>Garantie<\/h3>\r\nNEEV geeft 2 jaar volledige garantie op al zijn producten. Garantie wil zeggen dat jouw product datgene is wat je ervan mag verwachten. Ondanks de uitgebreide controles, blijft het mogelijk dat jouw product een materiaal- of productiefout bevat.\u00a0Materiaal of een productiefouten vallen altijd onder de garantie en worden intern vakkundig gerepareerd.\r\n\r\n<em>*Gebreken die zijn ontstaan door slijtage of door oneigenlijk gebruik, vallen buiten de garantie. Slijtage en andere gebruikssporen kunnen vaak worden voorkomen door juist gebruik en tijdig onderhoud.<\/em>\r\n<h3>Klachten en complicaties?<\/h3>\r\nKlachten over onze service of producten kunnen via elk kanaal worden aangemeld. Wij streven ernaar om je klacht binnen 2uur in behandeling te nemen.\r\nWij beloven altijd ons uiterste best te doen en samen met onze klanten een passende oplossing te vinden.[\/vc_column_text][vc_empty_space height=\"47px\"][nm_button title=\"Contact\" style=\"border_rounded\" size=\"md\" align=\"center\" link=\"url:https%3A%2F%2Fneevwatches.com%2Fcontact%2F|title:Contact|target:_blank\" color=\"#307d7e\"][vc_empty_space height=\"47px\"][\/vc_column][\/vc_row]","_et_gb_content_width":"","footnotes":""},"class_list":["post-1191","page","type-page","status-publish","hentry"],"acf":[],"yoast_head":"<!-- This site is optimized with the Yoast SEO plugin v26.7 - https:\/\/yoast.com\/wordpress\/plugins\/seo\/ -->\n<title>Service en garantie | NEEV WATCHES | 2 jaar volledige garantie<\/title>\n<meta name=\"description\" content=\"7 dagen per week bereikbaar &amp; altijd persoonlijk contact. 2 jaar volledige garantie op al onze producten. Bekijk de volledige servicebelofte.\" \/>\n<meta name=\"robots\" content=\"index, follow, max-snippet:-1, max-image-preview:large, max-video-preview:-1\" \/>\n<link rel=\"canonical\" href=\"https:\/\/neevwatches.com\/de\/garantie\/\" \/>\n<meta property=\"og:locale\" content=\"de_DE\" \/>\n<meta property=\"og:type\" content=\"article\" \/>\n<meta property=\"og:title\" content=\"Service en garantie | NEEV WATCHES | 2 jaar volledige garantie\" \/>\n<meta property=\"og:description\" content=\"7 dagen per week bereikbaar &amp; altijd persoonlijk contact. 2 jaar volledige garantie op al onze producten. Bekijk de volledige servicebelofte.\" \/>\n<meta property=\"og:url\" content=\"https:\/\/neevwatches.com\/de\/garantie\/\" \/>\n<meta property=\"og:site_name\" content=\"Neev Watches\" \/>\n<meta property=\"article:publisher\" content=\"https:\/\/www.facebook.com\/neevwatch\" \/>\n<meta property=\"article:modified_time\" content=\"2025-03-26T19:40:15+00:00\" \/>\n<meta name=\"twitter:card\" content=\"summary_large_image\" \/>\n<meta name=\"twitter:label1\" content=\"Gesch\u00e4tzte Lesezeit\" \/>\n\t<meta name=\"twitter:data1\" content=\"1\u00a0Minute\" \/>\n<script type=\"application\/ld+json\" class=\"yoast-schema-graph\">{\"@context\":\"https:\/\/schema.org\",\"@graph\":[{\"@type\":\"WebPage\",\"@id\":\"https:\/\/neevwatches.com\/garantie\/\",\"url\":\"https:\/\/neevwatches.com\/garantie\/\",\"name\":\"Service en garantie | NEEV WATCHES | 2 jaar volledige garantie\",\"isPartOf\":{\"@id\":\"https:\/\/neevwatches.com\/#website\"},\"datePublished\":\"2020-01-20T13:59:58+00:00\",\"dateModified\":\"2025-03-26T19:40:15+00:00\",\"description\":\"7 dagen per week bereikbaar & altijd persoonlijk contact. 2 jaar volledige garantie op al onze producten. Bekijk de volledige servicebelofte.\",\"breadcrumb\":{\"@id\":\"https:\/\/neevwatches.com\/garantie\/#breadcrumb\"},\"inLanguage\":\"de\",\"potentialAction\":[{\"@type\":\"ReadAction\",\"target\":[\"https:\/\/neevwatches.com\/garantie\/\"]}]},{\"@type\":\"BreadcrumbList\",\"@id\":\"https:\/\/neevwatches.com\/garantie\/#breadcrumb\",\"itemListElement\":[{\"@type\":\"ListItem\",\"position\":1,\"name\":\"Home\",\"item\":\"https:\/\/neevwatches.com\/\"},{\"@type\":\"ListItem\",\"position\":2,\"name\":\"Service &#038; Garantie\"}]},{\"@type\":\"WebSite\",\"@id\":\"https:\/\/neevwatches.com\/#website\",\"url\":\"https:\/\/neevwatches.com\/\",\"name\":\"Neev Watches\",\"description\":\"Make Today Count\",\"publisher\":{\"@id\":\"https:\/\/neevwatches.com\/#organization\"},\"potentialAction\":[{\"@type\":\"SearchAction\",\"target\":{\"@type\":\"EntryPoint\",\"urlTemplate\":\"https:\/\/neevwatches.com\/?s={search_term_string}\"},\"query-input\":{\"@type\":\"PropertyValueSpecification\",\"valueRequired\":true,\"valueName\":\"search_term_string\"}}],\"inLanguage\":\"de\"},{\"@type\":\"Organization\",\"@id\":\"https:\/\/neevwatches.com\/#organization\",\"name\":\"NEEV\",\"url\":\"https:\/\/neevwatches.com\/\",\"logo\":{\"@type\":\"ImageObject\",\"inLanguage\":\"de\",\"@id\":\"https:\/\/neevwatches.com\/#\/schema\/logo\/image\/\",\"url\":\"https:\/\/9d46818e0e.nxcli.io\/wp-content\/uploads\/2021\/08\/Neev.4-PNG-e1661461998192.png\",\"contentUrl\":\"https:\/\/9d46818e0e.nxcli.io\/wp-content\/uploads\/2021\/08\/Neev.4-PNG-e1661461998192.png\",\"width\":1032,\"height\":480,\"caption\":\"NEEV\"},\"image\":{\"@id\":\"https:\/\/neevwatches.com\/#\/schema\/logo\/image\/\"},\"sameAs\":[\"https:\/\/www.facebook.com\/neevwatch\",\"https:\/\/www.instagram.com\/neev_watches\/\"]}]}<\/script>\n<!-- \/ Yoast SEO plugin. -->","yoast_head_json":{"title":"Service und Garantie | NEEV WATCHES | 2 Jahre Vollgarantie","description":"7 Tage die Woche erreichbar &amp; immer pers\u00f6nlicher Kontakt. 2 Jahre Vollgarantie auf alle unsere Produkte. Schau dir das vollst\u00e4ndige Serviceversprechen an.","robots":{"index":"index","follow":"follow","max-snippet":"max-snippet:-1","max-image-preview":"max-image-preview:large","max-video-preview":"max-video-preview:-1"},"canonical":"https:\/\/neevwatches.com\/de\/garantie\/","og_locale":"de_DE","og_type":"article","og_title":"Service en garantie | NEEV WATCHES | 2 jaar volledige garantie","og_description":"7 dagen per week bereikbaar & altijd persoonlijk contact. 2 jaar volledige garantie op al onze producten. Bekijk de volledige servicebelofte.","og_url":"https:\/\/neevwatches.com\/de\/garantie\/","og_site_name":"Neev Watches","article_publisher":"https:\/\/www.facebook.com\/neevwatch","article_modified_time":"2025-03-26T19:40:15+00:00","twitter_card":"summary_large_image","twitter_misc":{"Gesch\u00e4tzte Lesezeit":"1\u00a0Minute"},"schema":{"@context":"https:\/\/schema.org","@graph":[{"@type":"WebPage","@id":"https:\/\/neevwatches.com\/garantie\/","url":"https:\/\/neevwatches.com\/garantie\/","name":"Service und Garantie | NEEV WATCHES | 2 Jahre Vollgarantie","isPartOf":{"@id":"https:\/\/neevwatches.com\/#website"},"datePublished":"2020-01-20T13:59:58+00:00","dateModified":"2025-03-26T19:40:15+00:00","description":"7 Tage die Woche erreichbar &amp; immer pers\u00f6nlicher Kontakt. 2 Jahre Vollgarantie auf alle unsere Produkte. Schau dir das vollst\u00e4ndige Serviceversprechen an.","breadcrumb":{"@id":"https:\/\/neevwatches.com\/garantie\/#breadcrumb"},"inLanguage":"de","potentialAction":[{"@type":"ReadAction","target":["https:\/\/neevwatches.com\/garantie\/"]}]},{"@type":"BreadcrumbList","@id":"https:\/\/neevwatches.com\/garantie\/#breadcrumb","itemListElement":[{"@type":"ListItem","position":1,"name":"Home","item":"https:\/\/neevwatches.com\/"},{"@type":"ListItem","position":2,"name":"Service &#038; Garantie"}]},{"@type":"WebSite","@id":"https:\/\/neevwatches.com\/#website","url":"https:\/\/neevwatches.com\/","name":"Neev Uhren","description":"Das Heute z\u00e4hlt","publisher":{"@id":"https:\/\/neevwatches.com\/#organization"},"potentialAction":[{"@type":"SearchAction","target":{"@type":"EntryPoint","urlTemplate":"https:\/\/neevwatches.com\/?s={search_term_string}"},"query-input":{"@type":"PropertyValueSpecification","valueRequired":true,"valueName":"search_term_string"}}],"inLanguage":"de"},{"@type":"Organization","@id":"https:\/\/neevwatches.com\/#organization","name":"NEEV","url":"https:\/\/neevwatches.com\/","logo":{"@type":"ImageObject","inLanguage":"de","@id":"https:\/\/neevwatches.com\/#\/schema\/logo\/image\/","url":"https:\/\/9d46818e0e.nxcli.io\/wp-content\/uploads\/2021\/08\/Neev.4-PNG-e1661461998192.png","contentUrl":"https:\/\/9d46818e0e.nxcli.io\/wp-content\/uploads\/2021\/08\/Neev.4-PNG-e1661461998192.png","width":1032,"height":480,"caption":"NEEV"},"image":{"@id":"https:\/\/neevwatches.com\/#\/schema\/logo\/image\/"},"sameAs":["https:\/\/www.facebook.com\/neevwatch","https:\/\/www.instagram.com\/neev_watches\/"]}]}},"_links":{"self":[{"href":"https:\/\/neevwatches.com\/de\/wp-json\/wp\/v2\/pages\/1191","targetHints":{"allow":["GET"]}}],"collection":[{"href":"https:\/\/neevwatches.com\/de\/wp-json\/wp\/v2\/pages"}],"about":[{"href":"https:\/\/neevwatches.com\/de\/wp-json\/wp\/v2\/types\/page"}],"author":[{"embeddable":true,"href":"https:\/\/neevwatches.com\/de\/wp-json\/wp\/v2\/users\/4"}],"replies":[{"embeddable":true,"href":"https:\/\/neevwatches.com\/de\/wp-json\/wp\/v2\/comments?post=1191"}],"version-history":[{"count":0,"href":"https:\/\/neevwatches.com\/de\/wp-json\/wp\/v2\/pages\/1191\/revisions"}],"wp:attachment":[{"href":"https:\/\/neevwatches.com\/de\/wp-json\/wp\/v2\/media?parent=1191"}],"curies":[{"name":"wp","href":"https:\/\/api.w.org\/{rel}","templated":true}]}}