{"id":1166,"date":"2020-01-20T14:25:52","date_gmt":"2020-01-20T13:25:52","guid":{"rendered":"https:\/\/neev.megan.media\/?page_id=1166"},"modified":"2025-03-25T15:00:15","modified_gmt":"2025-03-25T14:00:15","slug":"return","status":"publish","type":"page","link":"https:\/\/neevwatches.com\/de\/return\/","title":{"rendered":"R\u00fcckgabe"},"content":{"rendered":"<p>[et_pb_section fb_built=\"1\u2033 fullwidth=\"on\" disabled_on=\"on|on|on\" _builder_version=\"4.17.4\u2033 _module_preset=\"default\" disabled=\"on\" global_colors_info=\"{}\"][et_pb_fullwidth_image src=\"https:\/\/neevwatches.com\/wp-content\/uploads\/2022\/03\/FOOTERBANNER.jpg\" title_text=\"FOOTERBANNER\" _builder_version=\"4.17.4\u2033 _module_preset=\"default\" global_colors_info=\"{}\"][\/et_pb_fullwidth_image][\/et_pb_section][et_pb_section fb_built=\"1\u2033 admin_label=\"section\" _builder_version=\"4.27.2\u2033 top_divider_height_tablet=\"\" top_divider_height_phone=\"29px\" top_divider_height_last_edited=\"on|phone\" bottom_divider_colour=\"#0a0a0a\" bottom_divider_height_tablet=\"\" bottom_divider_height_phone=\"30px\" bottom_divider_height_last_edited=\"on|phone\" hover_enabled=\"0\u2033 global_colors_info=\"{}\" width_last_edited=\"on|phone\" sticky_enabled=\"0\u2033 width_phone=\"90%\" module_alignment=\"centre\"][et_pb_row admin_label=\"row\" _builder_version=\"4.16\u2033 background_size=\"initial\" background_position=\"top_left\" background_repeat=\"repeat\" global_colors_info=\"{}\"][et_pb_column type=\"4_4\u2033 _builder_version=\"4.16\u2033 custom_padding=\"|||\" global_colors_info=\"{}\" custom_padding__hover=\"|||\"][et_pb_text admin_label=\"Text\" _builder_version=\"4.27.2\u2033 background_size=\"initial\" background_position=\"top_left\" background_repeat=\"repeat\" global_colors_info=\"{}\"]<\/p>\n<h3><strong><span style=\"color: #000000;\">R\u00fcckgabe<\/span><\/strong><\/h3>\n<p>NEEV bietet dir eine 30-t\u00e4gige Bedenkzeit ohne kompliziertes Verfahren. Du hast keine R\u00fccksendekosten und bekommst dein Geld immer zur\u00fcck.<\/p>\n<ul>\n<li>30-t\u00e4gige Bedenkzeit<\/li>\n<li>Kostenlose R\u00fcckgabe<\/li>\n<li>Kein kompliziertes Verfahren<\/li>\n<li>Dein Geld innerhalb weniger Tage zur\u00fcck<\/li>\n<\/ul>\n<p>[\/et_pb_text][\/et_pb_column][\/et_pb_row][et_pb_row module_id=\"return5steps\" _builder_version=\"4.17.4\u2033 _module_preset=\"default\" global_colors_info=\"{}\"][et_pb_column type=\"4_4\u2033 _builder_version=\"4.17.4\u2033 _module_preset=\"default\" global_colors_info=\"{}\"][et_pb_text content_tablet=\"\"<\/p>\n<h4><strong><span style=\"%22color:\" #1b541a;%22><span style=\"%22color:\" #000000;%22>Ein kostenloser Umtausch oder eine R\u00fcckerstattung in nur 5 einfachen Schritten:<\/span><\/span><\/strong><\/h4>\n<div class=\"%22form-container%22\" data-test=\"%22overview-instructions%22\">\n<p class=\"%22ng-binding\" ng-scope%22 data-test=\"%22overview-personal-instructions%22\"><span style=\"%22color:\" #000000;%22><strong>1<\/strong>.<\/span> R\u00fcckmeldung \u00fcber <span style=\"%22color:\" #339966;%22><strong><a style=\"%22color:\" #339966;%22 href=\"\/de\/%22mailto:service@neevwatches.com%22\/\">service@neevwatches.com<\/a><\/strong><\/span> unter Angabe des Grundes, der Bestellnummer und der Artikelnummer.<\/p>\n<p><span style=\"%22color:\" #307d7e;%22><span style=\"%22color:\" #000000;%22><strong>2<\/strong>.<\/span> <\/span>Innerhalb weniger Stunden wird sich ein NEEV-Mitarbeiter mit dir in Verbindung setzen und du erh\u00e4ltst von ihm ein R\u00fccksendeformular mit einem <span style=\"%22color:\" #000000;%22><strong>kostenlos<\/strong><\/span> R\u00fccksendeetikett.<\/p>\n<p><span style=\"%22color:\" #307d7e;%22><span style=\"%22color:\" #000000;%22><strong>3<\/strong>.<\/span> <\/span>F\u00fclle das R\u00fcckgabeformular aus und lege es zusammen mit dem Produkt in den daf\u00fcr vorgesehenen Karton. Vergewissere dich, dass das Produkt unbesch\u00e4digt ist, sich im Originalzustand befindet und <strong>ungetragen<\/strong> ist.<\/p>\n<p><span style=\"%22color:\" #000000;%22><strong>4<\/strong>. <\/span>Klebe das R\u00fccksendeetikett \u00fcber das alte Etikett und stelle sicher, dass der Karton w\u00e4hrend des Versands nicht ge\u00f6ffnet werden kann. Verschlie\u00dfe den Karton also sorgf\u00e4ltig.<\/p>\n<p><span style=\"%22color:\" #000000;%22><strong>5<\/strong>.<\/span> Nach Erhalt des zur\u00fcckgesandten Produkts wird dieses \u00fcberpr\u00fcft. Du erh\u00e4ltst innerhalb von <span style=\"%22color:\" #000000;%22><strong>1 Arbeitstag<\/strong><\/span> Mitteilung \u00fcber das Erl\u00f6schen deiner Zahlungsverpflichtung, den Umtausch oder die Erstattung.<\/p>\n<\/div>\n<p>\" content_phone=\"<\/p>\n<h6><span style=\"%22color:\" #1b541a;%22><span style=\"%22color:\" #000000;%22>Ein kostenloser Umtausch oder eine R\u00fcckerstattung in nur 5 einfachen Schritten:<\/span><\/span><\/h6>\n<div class=\"%22form-container%22\" data-test=\"%22overview-instructions%22\">\n<p class=\"%22ng-binding\" ng-scope%22 data-test=\"%22overview-personal-instructions%22\"><span style=\"%22color:\" #000000;%22><strong>1<\/strong>.<\/span> R\u00fcckmeldung \u00fcber <span style=\"%22color:\" #002f3f;%22><strong><a style=\"%22color:\" #002f3f;%22 href=\"\/de\/%22mailto:service@neevwatches.com%22\/\">service@neevwatches.com<\/a><\/strong> <\/span>unter Angabe des Grundes, der Bestellnummer und der Artikelnummer.<\/p>\n<p><span style=\"%22color:\" #307d7e;%22><span style=\"%22color:\" #000000;%22><strong>2<\/strong>.<\/span> <\/span>Innerhalb weniger Stunden wird sich ein NEEV-Mitarbeiter mit dir in Verbindung setzen und du erh\u00e4ltst von ihm ein R\u00fccksendeformular mit einem <span style=\"%22color:\" #000000;%22><strong>kostenlos<\/strong><\/span> R\u00fccksendeetikett.<\/p>\n<p><span style=\"%22color:\" #307d7e;%22><span style=\"%22color:\" #000000;%22><strong>3<\/strong>.<\/span> <\/span>F\u00fclle das R\u00fcckgabeformular aus und lege es zusammen mit dem Produkt in den daf\u00fcr vorgesehenen Karton. Vergewissere dich, dass das Produkt unbesch\u00e4digt ist, sich im Originalzustand befindet und <strong>ungetragen<\/strong> ist.<\/p>\n<p><span style=\"%22color:\" #000000;%22><strong>4<\/strong>. <\/span>Klebe das R\u00fccksendeetikett \u00fcber das alte Etikett und stelle sicher, dass der Karton w\u00e4hrend des Versands nicht ge\u00f6ffnet werden kann. Verschlie\u00dfe den Karton also sorgf\u00e4ltig.<\/p>\n<p><span style=\"%22color:\" #000000;%22><strong>5<\/strong>.<\/span> Nach Erhalt des zur\u00fcckgesandten Produkts wird dieses \u00fcberpr\u00fcft. Du erh\u00e4ltst innerhalb von <span style=\"%22color:\" #000000;%22><strong>1 Arbeitstag<\/strong><\/span> Mitteilung \u00fcber das Erl\u00f6schen deiner Zahlungsverpflichtung, den Umtausch oder die Erstattung.<\/p>\n<\/div>\n<p>\" content_last_edited=\"on|phone\" admin_label=\"Text\" _builder_version=\"4.27.2\u2033 background_size=\"initial\" background_position=\"top_left\" background_repeat=\"repeat\" global_colors_info=\"{}\"]<\/p>\n<h4><strong><span style=\"color: #1b541a;\"><span style=\"color: #000000;\">Ein kostenloser Umtausch oder eine R\u00fcckerstattung in nur 5 einfachen Schritten:<\/span><\/span><\/strong><\/h4>\n<div class=\"form-container\" data-test=\"overview-instructions\">\n<p class=\"ng-binding ng-scope\" data-test=\"overview-personal-instructions\"><span style=\"color: #000000;\"><strong>1<\/strong>.<\/span> R\u00fcckmeldung \u00fcber <span style=\"color: #339966;\"><strong><a style=\"color: #339966;\" href=\"mailto:service@neevwatches.com\">service@neevwatches.com<\/a><\/strong><\/span> unter Angabe des Grundes und der Bestellnummer.<\/p>\n<p><span style=\"color: #307d7e;\"><span style=\"color: #000000;\"><strong>2<\/strong>.<\/span> <\/span>Innerhalb von 24 Stunden erh\u00e4ltst du eine <span style=\"color: #000000;\"><strong>kostenlos<\/strong><\/span> R\u00fccksende-\/Versandetikett.<\/p>\n<p><span style=\"color: #307d7e;\"><span style=\"color: #000000;\"><strong>3<\/strong>.<\/span> <\/span>Vergewissere dich, dass das Produkt unbesch\u00e4digt und im Originalzustand ist und <strong>ungetragen<\/strong> ist.\u00a0<\/p>\n<p><span style=\"color: #000000;\"><strong>4<\/strong>. <\/span>Klebe das Versandetikett \u00fcber das alte Etikett und stelle sicher, dass der Karton w\u00e4hrend des Versands nicht ge\u00f6ffnet werden kann. Verschlie\u00dfe den Karton also sorgf\u00e4ltig.<\/p>\n<p><span style=\"color: #000000;\"><strong>5<\/strong>.<\/span> Nach Erhalt des zur\u00fcckgesandten Produkts wird dieses \u00fcberpr\u00fcft. Du erh\u00e4ltst innerhalb von <span style=\"color: #000000;\"><strong>1 Arbeitstag<\/strong><\/span> Nachricht \u00fcber deinen Umtausch oder deine R\u00fcckerstattung.<\/p>\n<\/div>\n<p>&nbsp;<\/p>\n<p>[\/et_pb_text][\/et_pb_column][\/et_pb_row][\/et_pb_section].<\/p>","protected":false},"excerpt":{"rendered":"<p>R\u00fcckgabe NEEV bietet dir eine 30-t\u00e4gige Bedenkzeit ohne kompliziertes Verfahren. Du hast keine R\u00fccksendekosten und bekommst immer dein Geld zur\u00fcck. 30 Tage Bedenkzeit Kostenlose R\u00fccksendungen Kein kompliziertes Verfahren Innerhalb weniger Tage dein Geld zur\u00fcck Ein kostenloser Umtausch oder eine R\u00fcckerstattung in nur 5 einfachen Schritten: 1. Melde die R\u00fccksendung \u00fcber service@neevwatches.com unter Angabe des Grundes [...]<\/p>","protected":false},"author":4,"featured_media":0,"parent":0,"menu_order":0,"comment_status":"closed","ping_status":"closed","template":"","meta":{"_acf_changed":false,"_et_pb_use_builder":"on","_et_pb_old_content":"<p>[vc_row type=\"boxed\"][vc_column width=\"5\/6\" offset=\"vc_col-sm-offset-1\"][vc_column_text]<\/p><h2>Retourneren<\/h2><p>[\/vc_column_text][\/vc_column][\/vc_row][vc_row type=\"boxed\"][vc_column width=\"5\/6\" offset=\"vc_col-sm-offset-1\"][vc_empty_space height=\"22px\"][vc_column_text]NEEV biedt u 30 dagen bedenktijd zonder ingewikkelde procedure. U heeft geen retourkosten en uw krijgt altijd uw geld terug.<\/p><ul><li>30 dagen bedenktijd<\/li><li>Gratis retourneren<\/li><li>Geen ingewikkelde procedure<\/li><li>Geen waardecheque of shoptegoed<\/li><li>Binnen enkele dagen uw geld retour<\/li><\/ul><p><span style=\"color: #1b541a;\"><strong><br \/><span style=\"color: #307d7e;\">Een gratis omruiling of terugbetaling\u00a0 in slechts 5 simpele stappen:<\/span><\/strong><\/span><\/p><div class=\"form-container\" data-test=\"overview-instructions\"><p class=\"ng-binding ng-scope\" data-test=\"overview-personal-instructions\"><span style=\"color: #307d7e;\"><strong>1<\/strong>.<\/span> Retour melden via <span style=\"color: #307d7e;\"><strong><a style=\"color: #307d7e;\" href=\"mailto:service@neevwatches.com\">service@neevwatches.com<\/a><\/strong><\/span> onder vermelding van de reden, het bestelnummer en het artikelnummer.<\/p><p><span style=\"color: #307d7e;\"><strong>2<\/strong>. <\/span>Binnen enkele uren neemt een medewerker van NEEV contact met u op en ontvangt u van hen een retourformulier incl een <span style=\"color: #307d7e;\"><strong>gratis<\/strong><\/span> retourlabel.<\/p><p><span style=\"color: #307d7e;\"><strong>3<\/strong>. <\/span>Vul het retourformulier in en stop dit samen met het product in de eerder geleverde doos. Zorg dat het product onbeschadigd, in originele staat en ongedragen is.<\/p><p><span style=\"color: #307d7e;\"><strong>4<\/strong>. <\/span>Plak het retourlabel over het oude label en zorg dat de doos tijdens de verzending niet geopend kan worden. Plak de doos dus zorgvuldig dicht. Retouren en omruilingen kunnen\u00a0<span style=\"color: #307d7e;\"><strong>gratis<\/strong><\/span> verstuurd worden naar het volgende adres: <span style=\"color: #307d7e;\"><strong>postbus 620, 5400 AP Uden.<\/strong><\/span><\/p><p><span style=\"color: #307d7e;\"><strong>5<\/strong>.<\/span> Na ontvangt van het geretourneerde product zal het product worden gecontroleerd. U ontvangt binnen <span style=\"color: #307d7e;\"><strong>1 werkdag<\/strong><\/span> bericht over het vervallen van uw betalingsverplichting, omruiling of terugbetaling.<\/p><\/div><p>[\/vc_column_text][vc_empty_space height=\"47px\"][\/vc_column][\/vc_row]<\/p>","_et_gb_content_width":"","footnotes":""},"class_list":["post-1166","page","type-page","status-publish","hentry"],"acf":[],"yoast_head":"<!-- This site is optimized with the Yoast SEO plugin v26.7 - https:\/\/yoast.com\/wordpress\/plugins\/seo\/ -->\n<title>Gratis retourneren | NEEV WATCHES | 30 dagen bedenktijd<\/title>\n<meta name=\"description\" content=\"Retourneren in 5 simpele stappen. binnen 1 werkdag bericht over het vervallen van de betalingsverplichting, omruiling of terugbetaling.\" \/>\n<meta name=\"robots\" content=\"index, follow, max-snippet:-1, max-image-preview:large, max-video-preview:-1\" \/>\n<link rel=\"canonical\" href=\"https:\/\/neevwatches.com\/de\/return\/\" \/>\n<meta property=\"og:locale\" content=\"de_DE\" \/>\n<meta property=\"og:type\" content=\"article\" \/>\n<meta property=\"og:title\" content=\"Gratis retourneren | NEEV WATCHES | 30 dagen bedenktijd\" \/>\n<meta property=\"og:description\" content=\"Retourneren in 5 simpele stappen. binnen 1 werkdag bericht over het vervallen van de betalingsverplichting, omruiling of terugbetaling.\" \/>\n<meta property=\"og:url\" content=\"https:\/\/neevwatches.com\/de\/return\/\" \/>\n<meta property=\"og:site_name\" content=\"Neev Watches\" \/>\n<meta property=\"article:publisher\" content=\"https:\/\/www.facebook.com\/neevwatch\" \/>\n<meta property=\"article:modified_time\" content=\"2025-03-25T14:00:15+00:00\" \/>\n<meta name=\"twitter:card\" content=\"summary_large_image\" \/>\n<meta name=\"twitter:label1\" content=\"Gesch\u00e4tzte Lesezeit\" \/>\n\t<meta name=\"twitter:data1\" content=\"3\u00a0Minuten\" \/>\n<script type=\"application\/ld+json\" class=\"yoast-schema-graph\">{\"@context\":\"https:\/\/schema.org\",\"@graph\":[{\"@type\":\"WebPage\",\"@id\":\"https:\/\/neevwatches.com\/retourneren\/\",\"url\":\"https:\/\/neevwatches.com\/retourneren\/\",\"name\":\"Gratis retourneren | NEEV WATCHES | 30 dagen bedenktijd\",\"isPartOf\":{\"@id\":\"https:\/\/neevwatches.com\/#website\"},\"datePublished\":\"2020-01-20T13:25:52+00:00\",\"dateModified\":\"2025-03-25T14:00:15+00:00\",\"description\":\"Retourneren in 5 simpele stappen. binnen 1 werkdag bericht over het vervallen van de betalingsverplichting, omruiling of terugbetaling.\",\"breadcrumb\":{\"@id\":\"https:\/\/neevwatches.com\/retourneren\/#breadcrumb\"},\"inLanguage\":\"de\",\"potentialAction\":[{\"@type\":\"ReadAction\",\"target\":[\"https:\/\/neevwatches.com\/retourneren\/\"]}]},{\"@type\":\"BreadcrumbList\",\"@id\":\"https:\/\/neevwatches.com\/retourneren\/#breadcrumb\",\"itemListElement\":[{\"@type\":\"ListItem\",\"position\":1,\"name\":\"Home\",\"item\":\"https:\/\/neevwatches.com\/\"},{\"@type\":\"ListItem\",\"position\":2,\"name\":\"Retourneren\"}]},{\"@type\":\"WebSite\",\"@id\":\"https:\/\/neevwatches.com\/#website\",\"url\":\"https:\/\/neevwatches.com\/\",\"name\":\"Neev Watches\",\"description\":\"Make Today Count\",\"publisher\":{\"@id\":\"https:\/\/neevwatches.com\/#organization\"},\"potentialAction\":[{\"@type\":\"SearchAction\",\"target\":{\"@type\":\"EntryPoint\",\"urlTemplate\":\"https:\/\/neevwatches.com\/?s={search_term_string}\"},\"query-input\":{\"@type\":\"PropertyValueSpecification\",\"valueRequired\":true,\"valueName\":\"search_term_string\"}}],\"inLanguage\":\"de\"},{\"@type\":\"Organization\",\"@id\":\"https:\/\/neevwatches.com\/#organization\",\"name\":\"NEEV\",\"url\":\"https:\/\/neevwatches.com\/\",\"logo\":{\"@type\":\"ImageObject\",\"inLanguage\":\"de\",\"@id\":\"https:\/\/neevwatches.com\/#\/schema\/logo\/image\/\",\"url\":\"https:\/\/9d46818e0e.nxcli.io\/wp-content\/uploads\/2021\/08\/Neev.4-PNG-e1661461998192.png\",\"contentUrl\":\"https:\/\/9d46818e0e.nxcli.io\/wp-content\/uploads\/2021\/08\/Neev.4-PNG-e1661461998192.png\",\"width\":1032,\"height\":480,\"caption\":\"NEEV\"},\"image\":{\"@id\":\"https:\/\/neevwatches.com\/#\/schema\/logo\/image\/\"},\"sameAs\":[\"https:\/\/www.facebook.com\/neevwatch\",\"https:\/\/www.instagram.com\/neev_watches\/\"]}]}<\/script>\n<!-- \/ Yoast SEO plugin. -->","yoast_head_json":{"title":"Kostenlose R\u00fccksendung | NEEV WATCHES | 30 Tage Bedenkzeit","description":"R\u00fcckgabe in 5 einfachen Schritten. Innerhalb von 1 Werktag Benachrichtigung \u00fcber Stornierung, Umtausch oder Erstattung.","robots":{"index":"index","follow":"follow","max-snippet":"max-snippet:-1","max-image-preview":"max-image-preview:large","max-video-preview":"max-video-preview:-1"},"canonical":"https:\/\/neevwatches.com\/de\/return\/","og_locale":"de_DE","og_type":"article","og_title":"Gratis retourneren | NEEV WATCHES | 30 dagen bedenktijd","og_description":"Retourneren in 5 simpele stappen. binnen 1 werkdag bericht over het vervallen van de betalingsverplichting, omruiling of terugbetaling.","og_url":"https:\/\/neevwatches.com\/de\/return\/","og_site_name":"Neev Watches","article_publisher":"https:\/\/www.facebook.com\/neevwatch","article_modified_time":"2025-03-25T14:00:15+00:00","twitter_card":"summary_large_image","twitter_misc":{"Gesch\u00e4tzte Lesezeit":"3\u00a0Minuten"},"schema":{"@context":"https:\/\/schema.org","@graph":[{"@type":"WebPage","@id":"https:\/\/neevwatches.com\/retourneren\/","url":"https:\/\/neevwatches.com\/retourneren\/","name":"Kostenlose R\u00fccksendung | NEEV WATCHES | 30 Tage Bedenkzeit","isPartOf":{"@id":"https:\/\/neevwatches.com\/#website"},"datePublished":"2020-01-20T13:25:52+00:00","dateModified":"2025-03-25T14:00:15+00:00","description":"R\u00fcckgabe in 5 einfachen Schritten. Innerhalb von 1 Werktag Benachrichtigung \u00fcber Stornierung, Umtausch oder Erstattung.","breadcrumb":{"@id":"https:\/\/neevwatches.com\/retourneren\/#breadcrumb"},"inLanguage":"de","potentialAction":[{"@type":"ReadAction","target":["https:\/\/neevwatches.com\/retourneren\/"]}]},{"@type":"BreadcrumbList","@id":"https:\/\/neevwatches.com\/retourneren\/#breadcrumb","itemListElement":[{"@type":"ListItem","position":1,"name":"Home","item":"https:\/\/neevwatches.com\/"},{"@type":"ListItem","position":2,"name":"Retourneren"}]},{"@type":"WebSite","@id":"https:\/\/neevwatches.com\/#website","url":"https:\/\/neevwatches.com\/","name":"Neev Uhren","description":"Das Heute z\u00e4hlt","publisher":{"@id":"https:\/\/neevwatches.com\/#organization"},"potentialAction":[{"@type":"SearchAction","target":{"@type":"EntryPoint","urlTemplate":"https:\/\/neevwatches.com\/?s={search_term_string}"},"query-input":{"@type":"PropertyValueSpecification","valueRequired":true,"valueName":"search_term_string"}}],"inLanguage":"de"},{"@type":"Organization","@id":"https:\/\/neevwatches.com\/#organization","name":"NEEV","url":"https:\/\/neevwatches.com\/","logo":{"@type":"ImageObject","inLanguage":"de","@id":"https:\/\/neevwatches.com\/#\/schema\/logo\/image\/","url":"https:\/\/9d46818e0e.nxcli.io\/wp-content\/uploads\/2021\/08\/Neev.4-PNG-e1661461998192.png","contentUrl":"https:\/\/9d46818e0e.nxcli.io\/wp-content\/uploads\/2021\/08\/Neev.4-PNG-e1661461998192.png","width":1032,"height":480,"caption":"NEEV"},"image":{"@id":"https:\/\/neevwatches.com\/#\/schema\/logo\/image\/"},"sameAs":["https:\/\/www.facebook.com\/neevwatch","https:\/\/www.instagram.com\/neev_watches\/"]}]}},"_links":{"self":[{"href":"https:\/\/neevwatches.com\/de\/wp-json\/wp\/v2\/pages\/1166","targetHints":{"allow":["GET"]}}],"collection":[{"href":"https:\/\/neevwatches.com\/de\/wp-json\/wp\/v2\/pages"}],"about":[{"href":"https:\/\/neevwatches.com\/de\/wp-json\/wp\/v2\/types\/page"}],"author":[{"embeddable":true,"href":"https:\/\/neevwatches.com\/de\/wp-json\/wp\/v2\/users\/4"}],"replies":[{"embeddable":true,"href":"https:\/\/neevwatches.com\/de\/wp-json\/wp\/v2\/comments?post=1166"}],"version-history":[{"count":0,"href":"https:\/\/neevwatches.com\/de\/wp-json\/wp\/v2\/pages\/1166\/revisions"}],"wp:attachment":[{"href":"https:\/\/neevwatches.com\/de\/wp-json\/wp\/v2\/media?parent=1166"}],"curies":[{"name":"wp","href":"https:\/\/api.w.org\/{rel}","templated":true}]}}